{"id":3529,"date":"2026-03-17T18:30:52","date_gmt":"2026-03-17T18:30:52","guid":{"rendered":"https:\/\/samaresart.com\/?post_type=product&#038;p=3529"},"modified":"2026-04-11T01:10:53","modified_gmt":"2026-04-11T01:10:53","slug":"coltsfoot","status":"publish","type":"product","link":"https:\/\/samaresart.com\/fr\/produit\/coltsfoot\/","title":{"rendered":"Coltsfoot"},"content":{"rendered":"<p><em>Impression de r\u00e9duction<\/em><\/p>\n<p>Maybe it\u2019s the first time since I arrived in Canada that my relationship with winter feels balanced. I don\u2019t cry because it lasts so long. Instead, I see beauty everywhere and enjoy visits from birds like Blue Jays. They remind me that it\u2019s okay to slow down, stay curious, and never stop developing.<\/p>\n<section class=\"ProductItem-additional\">\n<div id=\"item-62b066b1e3b7012db5f05fed\" class=\"sqs-layout sqs-grid-12 columns-12\" data-layout-label=\"Post Body\" data-type=\"item\" data-updated-on=\"1657808101927\">\n<div class=\"row sqs-row\">\n<div class=\"col sqs-col-12 span-12\">\n<div id=\"block-881f22cb9176a1c2cd14\" class=\"sqs-block html-block sqs-block-html\" data-block-type=\"2\" data-border-radii=\"{&quot;topLeft&quot;:{&quot;unit&quot;:&quot;px&quot;,&quot;value&quot;:0.0},&quot;topRight&quot;:{&quot;unit&quot;:&quot;px&quot;,&quot;value&quot;:0.0},&quot;bottomLeft&quot;:{&quot;unit&quot;:&quot;px&quot;,&quot;value&quot;:0.0},&quot;bottomRight&quot;:{&quot;unit&quot;:&quot;px&quot;,&quot;value&quot;:0.0}}\">\n<div class=\"sqs-block-content\">\n<div class=\"sqs-html-content\">\n<p class=\"\">Toutes mes \u0153uvres sont faites \u00e0 la main et originales, avec un m\u00e9lange de linogravures en \u00e9dition limit\u00e9e et en \u00e9dition ouverte. Les gravures sont con\u00e7ues, r\u00e9alis\u00e9es, press\u00e9es et tir\u00e9es dans mon atelier situ\u00e9 dans les Laurentides, au Canada.<\/p>\n<p class=\"\">Remarque: en raison de leur nature artisanale, il peut y avoir de l\u00e9g\u00e8res variations par rapport \u00e0 l'image, qu'il s'agisse de la couleur, de l'uniformit\u00e9 de l'encre ou d'autres petites diff\u00e9rences.<\/p>\n<\/div>\n<\/div>\n<\/div>\n<\/div>\n<\/div>\n<\/div>\n<\/section>","protected":false},"excerpt":{"rendered":"<div id=\"yui_3_17_2_1_1740346408618_121\" class=\"ProductItem-details-excerpt ProductItem-details-excerpt-below-price\" data-content-field=\"excerpt\">\n<p><em>Linogravure imprim\u00e9e \u00e0 la main sur papier artisanal Lokta<\/em><\/p>\n<p><em>Dimensions: 15 x 20 inch (40 x 50 cm)<\/em><\/p>\n<p data-start=\"75\" data-end=\"273\">Pendant que je travaillais sur cette gravure repr\u00e9sentant des tussilages, une amie m\u2019a racont\u00e9 qu\u2019apr\u00e8s le long hiver, quand ces petites fleurs, rayons de soleil, commen\u00e7aient \u00e0 s\u2019\u00e9panouir, elle en cueillait un petit bouquet pour sa m\u00e8re. Cela m\u2019a rappel\u00e9 que je n\u2019avais jamais achet\u00e9 de fleurs \u00e0 ma m\u00e8re. \u00c0 la place, je suis all\u00e9e dans la vall\u00e9e et j\u2019ai choisi chaque fleur moi-m\u00eame, une \u00e0 une, avec soin et amour.<\/p>\n<p data-start=\"431\" data-end=\"663\">Le tussilage n'est pas seulement beau avec ses fleurs d'un jaune \u00e9clatant. Au moment du changement de saison, il est \u00e9galement r\u00e9put\u00e9 pour soulager la toux et la bronchite (c'est pourquoi on l'appelle <em data-start=\"603\" data-end=\"614\">Tussilago<\/em>, du mot latin <em data-start=\"636\" data-end=\"644\">tussis<\/em>, qui signifie \u00ab tousser \u00bb).<\/p>\n<p class=\"whitespace-normal break-words\">Cette impression a \u00e9t\u00e9 r\u00e9alis\u00e9e \u00e0 l'aide de la \u00ab m\u00e9thode de r\u00e9duction \u00bb, une technique qui consiste \u00e0 graver un seul bloc de linol\u00e9um par \u00e9tapes afin de cr\u00e9er plusieurs couches de couleur. Ici, 6 couches ont \u00e9t\u00e9 cr\u00e9\u00e9es. Avec cette technique, une petite partie du bloc d'impression est enlev\u00e9e apr\u00e8s chaque couche de couleur, de sorte qu'une seule \u00e9dition peut \u00eatre imprim\u00e9e. Une fois l'impression \u00e9puis\u00e9e, elle ne sera plus jamais disponible.<\/p>\n<p>Chaque impression est dessin\u00e9e, grav\u00e9e et imprim\u00e9e \u00e0 la main par moi-m\u00eame dans mon petit atelier dans les Laurentides. En raison de leur fabrication artisanale, de l\u00e9g\u00e8res variations de couleur et d\u2019impression peuvent appara\u00eetre. Ce sont pr\u00e9cis\u00e9ment ces petites diff\u00e9rences qui rendent les \u0153uvres imprim\u00e9es \u00e0 la main si sp\u00e9ciales et si belles.<\/p>\n<p>J\u2019imprime sur du papier Lokta artisanal, et chaque feuille a son caract\u00e8re unique. Cela rend chaque pi\u00e8ce v\u00e9ritablement unique.<\/p>\n<p>Le cadre et les accessoires ne sont pas inclus.<\/p>\n<\/div>","protected":false},"featured_media":3513,"template":"","meta":[],"product_brand":[],"product_cat":[18],"product_tag":[71],"class_list":{"0":"post-3529","1":"product","2":"type-product","3":"status-publish","4":"has-post-thumbnail","6":"product_cat-printworks","7":"product_tag-reductionprint","9":"first","10":"instock","11":"shipping-taxable","12":"product-type-simple"},"yoast_head":"<!-- This site is optimized with the Yoast SEO plugin v27.4 - https:\/\/yoast.com\/product\/yoast-seo-wordpress\/ -->\n<title>Botanical Blockprint Tussilago Coltsfoot<\/title>\n<meta name=\"description\" content=\"I never bought my mother flowers. Instead, I went out into the meadow and chose each flower myself, one by one, with care and love.\" \/>\n<meta name=\"robots\" content=\"index, follow, max-snippet:-1, max-image-preview:large, max-video-preview:-1\" \/>\n<link rel=\"canonical\" href=\"https:\/\/samaresart.com\/fr\/produit\/coltsfoot\/\" \/>\n<meta property=\"og:locale\" content=\"fr_CA\" \/>\n<meta property=\"og:type\" content=\"article\" \/>\n<meta property=\"og:title\" content=\"Botanical Blockprint Tussilago Coltsfoot\" \/>\n<meta property=\"og:description\" content=\"I never bought my mother flowers. Instead, I went out into the meadow and chose each flower myself, one by one, with care and love.\" \/>\n<meta property=\"og:url\" content=\"https:\/\/samaresart.com\/fr\/produit\/coltsfoot\/\" \/>\n<meta property=\"article:modified_time\" content=\"2026-04-11T01:10:53+00:00\" \/>\n<meta property=\"og:image\" content=\"https:\/\/samaresart.com\/wp-content\/uploads\/2026\/03\/Tussilago-day-2-scaled.jpg\" \/>\n\t<meta property=\"og:image:width\" content=\"2048\" \/>\n\t<meta property=\"og:image:height\" content=\"2560\" \/>\n\t<meta property=\"og:image:type\" content=\"image\/jpeg\" \/>\n<meta name=\"twitter:card\" content=\"summary_large_image\" \/>\n<meta name=\"twitter:label1\" content=\"Estimation du temps de lecture\" \/>\n\t<meta name=\"twitter:data1\" content=\"1 minute\" \/>\n<script type=\"application\/ld+json\" class=\"yoast-schema-graph\">{\"@context\":\"https:\\\/\\\/schema.org\",\"@graph\":[{\"@type\":\"WebPage\",\"@id\":\"https:\\\/\\\/samaresart.com\\\/product\\\/coltsfoot\\\/\",\"url\":\"https:\\\/\\\/samaresart.com\\\/product\\\/coltsfoot\\\/\",\"name\":\"Botanical Blockprint Tussilago Coltsfoot\",\"isPartOf\":{\"@id\":\"https:\\\/\\\/samaresart.com\\\/en\\\/#website\"},\"primaryImageOfPage\":{\"@id\":\"https:\\\/\\\/samaresart.com\\\/product\\\/coltsfoot\\\/#primaryimage\"},\"image\":{\"@id\":\"https:\\\/\\\/samaresart.com\\\/product\\\/coltsfoot\\\/#primaryimage\"},\"thumbnailUrl\":\"https:\\\/\\\/samaresart.com\\\/wp-content\\\/uploads\\\/2026\\\/03\\\/Tussilago-day-2-scaled.jpg\",\"datePublished\":\"2026-03-17T18:30:52+00:00\",\"dateModified\":\"2026-04-11T01:10:53+00:00\",\"description\":\"I never bought my mother flowers. Instead, I went out into the meadow and chose each flower myself, one by one, with care and love.\",\"breadcrumb\":{\"@id\":\"https:\\\/\\\/samaresart.com\\\/product\\\/coltsfoot\\\/#breadcrumb\"},\"inLanguage\":\"fr-CA\",\"potentialAction\":[{\"@type\":\"ReadAction\",\"target\":[\"https:\\\/\\\/samaresart.com\\\/product\\\/coltsfoot\\\/\"]}]},{\"@type\":\"ImageObject\",\"inLanguage\":\"fr-CA\",\"@id\":\"https:\\\/\\\/samaresart.com\\\/product\\\/coltsfoot\\\/#primaryimage\",\"url\":\"https:\\\/\\\/samaresart.com\\\/wp-content\\\/uploads\\\/2026\\\/03\\\/Tussilago-day-2-scaled.jpg\",\"contentUrl\":\"https:\\\/\\\/samaresart.com\\\/wp-content\\\/uploads\\\/2026\\\/03\\\/Tussilago-day-2-scaled.jpg\",\"width\":2048,\"height\":2560,\"caption\":\"Botanical Blockprint Coltsfoot Tussilago\"},{\"@type\":\"BreadcrumbList\",\"@id\":\"https:\\\/\\\/samaresart.com\\\/product\\\/coltsfoot\\\/#breadcrumb\",\"itemListElement\":[{\"@type\":\"ListItem\",\"position\":1,\"name\":\"Printworks\",\"item\":\"https:\\\/\\\/samaresart.com\\\/\"},{\"@type\":\"ListItem\",\"position\":2,\"name\":\"Shop\",\"item\":\"https:\\\/\\\/samaresart.com\\\/shop\\\/\"},{\"@type\":\"ListItem\",\"position\":3,\"name\":\"Coltsfoot\"}]},{\"@type\":\"WebSite\",\"@id\":\"https:\\\/\\\/samaresart.com\\\/en\\\/#website\",\"url\":\"https:\\\/\\\/samaresart.com\\\/en\\\/\",\"name\":\"samaresart.com\",\"description\":\"Botanical prints and paintings\",\"publisher\":{\"@id\":\"https:\\\/\\\/samaresart.com\\\/en\\\/#\\\/schema\\\/person\\\/78d4047d4762e7f8336d084fefb1417c\"},\"potentialAction\":[{\"@type\":\"SearchAction\",\"target\":{\"@type\":\"EntryPoint\",\"urlTemplate\":\"https:\\\/\\\/samaresart.com\\\/en\\\/?s={search_term_string}\"},\"query-input\":{\"@type\":\"PropertyValueSpecification\",\"valueRequired\":true,\"valueName\":\"search_term_string\"}}],\"inLanguage\":\"fr-CA\"},{\"@type\":[\"Person\",\"Organization\"],\"@id\":\"https:\\\/\\\/samaresart.com\\\/en\\\/#\\\/schema\\\/person\\\/78d4047d4762e7f8336d084fefb1417c\",\"name\":\"Sarah Samares\",\"image\":{\"@type\":\"ImageObject\",\"inLanguage\":\"fr-CA\",\"@id\":\"https:\\\/\\\/samaresart.com\\\/wp-content\\\/uploads\\\/2025\\\/02\\\/SarahSamares-18.png\",\"url\":\"https:\\\/\\\/samaresart.com\\\/wp-content\\\/uploads\\\/2025\\\/02\\\/SarahSamares-18.png\",\"contentUrl\":\"https:\\\/\\\/samaresart.com\\\/wp-content\\\/uploads\\\/2025\\\/02\\\/SarahSamares-18.png\",\"width\":1039,\"height\":327,\"caption\":\"Sarah Samares\"},\"logo\":{\"@id\":\"https:\\\/\\\/samaresart.com\\\/wp-content\\\/uploads\\\/2025\\\/02\\\/SarahSamares-18.png\"},\"sameAs\":[\"https:\\\/\\\/samaresart.com\"]}]}<\/script>\n<!-- \/ Yoast SEO plugin. -->","yoast_head_json":{"title":"Botanical Blockprint Tussilago Coltsfoot","description":"I never bought my mother flowers. Instead, I went out into the meadow and chose each flower myself, one by one, with care and love.","robots":{"index":"index","follow":"follow","max-snippet":"max-snippet:-1","max-image-preview":"max-image-preview:large","max-video-preview":"max-video-preview:-1"},"canonical":"https:\/\/samaresart.com\/fr\/produit\/coltsfoot\/","og_locale":"fr_CA","og_type":"article","og_title":"Botanical Blockprint Tussilago Coltsfoot","og_description":"I never bought my mother flowers. Instead, I went out into the meadow and chose each flower myself, one by one, with care and love.","og_url":"https:\/\/samaresart.com\/fr\/produit\/coltsfoot\/","article_modified_time":"2026-04-11T01:10:53+00:00","og_image":[{"width":2048,"height":2560,"url":"https:\/\/samaresart.com\/wp-content\/uploads\/2026\/03\/Tussilago-day-2-scaled.jpg","type":"image\/jpeg"}],"twitter_card":"summary_large_image","twitter_misc":{"Estimation du temps de lecture":"1 minute"},"schema":{"@context":"https:\/\/schema.org","@graph":[{"@type":"WebPage","@id":"https:\/\/samaresart.com\/product\/coltsfoot\/","url":"https:\/\/samaresart.com\/product\/coltsfoot\/","name":"Botanical Blockprint Tussilago Coltsfoot","isPartOf":{"@id":"https:\/\/samaresart.com\/en\/#website"},"primaryImageOfPage":{"@id":"https:\/\/samaresart.com\/product\/coltsfoot\/#primaryimage"},"image":{"@id":"https:\/\/samaresart.com\/product\/coltsfoot\/#primaryimage"},"thumbnailUrl":"https:\/\/samaresart.com\/wp-content\/uploads\/2026\/03\/Tussilago-day-2-scaled.jpg","datePublished":"2026-03-17T18:30:52+00:00","dateModified":"2026-04-11T01:10:53+00:00","description":"I never bought my mother flowers. Instead, I went out into the meadow and chose each flower myself, one by one, with care and love.","breadcrumb":{"@id":"https:\/\/samaresart.com\/product\/coltsfoot\/#breadcrumb"},"inLanguage":"fr-CA","potentialAction":[{"@type":"ReadAction","target":["https:\/\/samaresart.com\/product\/coltsfoot\/"]}]},{"@type":"ImageObject","inLanguage":"fr-CA","@id":"https:\/\/samaresart.com\/product\/coltsfoot\/#primaryimage","url":"https:\/\/samaresart.com\/wp-content\/uploads\/2026\/03\/Tussilago-day-2-scaled.jpg","contentUrl":"https:\/\/samaresart.com\/wp-content\/uploads\/2026\/03\/Tussilago-day-2-scaled.jpg","width":2048,"height":2560,"caption":"Botanical Blockprint Coltsfoot Tussilago"},{"@type":"BreadcrumbList","@id":"https:\/\/samaresart.com\/product\/coltsfoot\/#breadcrumb","itemListElement":[{"@type":"ListItem","position":1,"name":"Printworks","item":"https:\/\/samaresart.com\/"},{"@type":"ListItem","position":2,"name":"Shop","item":"https:\/\/samaresart.com\/shop\/"},{"@type":"ListItem","position":3,"name":"Coltsfoot"}]},{"@type":"WebSite","@id":"https:\/\/samaresart.com\/en\/#website","url":"https:\/\/samaresart.com\/en\/","name":"samaresart.com","description":"Botanical prints and paintings","publisher":{"@id":"https:\/\/samaresart.com\/en\/#\/schema\/person\/78d4047d4762e7f8336d084fefb1417c"},"potentialAction":[{"@type":"SearchAction","target":{"@type":"EntryPoint","urlTemplate":"https:\/\/samaresart.com\/en\/?s={search_term_string}"},"query-input":{"@type":"PropertyValueSpecification","valueRequired":true,"valueName":"search_term_string"}}],"inLanguage":"fr-CA"},{"@type":["Person","Organization"],"@id":"https:\/\/samaresart.com\/en\/#\/schema\/person\/78d4047d4762e7f8336d084fefb1417c","name":"Sarah Samares","image":{"@type":"ImageObject","inLanguage":"fr-CA","@id":"https:\/\/samaresart.com\/wp-content\/uploads\/2025\/02\/SarahSamares-18.png","url":"https:\/\/samaresart.com\/wp-content\/uploads\/2025\/02\/SarahSamares-18.png","contentUrl":"https:\/\/samaresart.com\/wp-content\/uploads\/2025\/02\/SarahSamares-18.png","width":1039,"height":327,"caption":"Sarah Samares"},"logo":{"@id":"https:\/\/samaresart.com\/wp-content\/uploads\/2025\/02\/SarahSamares-18.png"},"sameAs":["https:\/\/samaresart.com"]}]}},"_links":{"self":[{"href":"https:\/\/samaresart.com\/fr\/wp-json\/wp\/v2\/product\/3529","targetHints":{"allow":["GET"]}}],"collection":[{"href":"https:\/\/samaresart.com\/fr\/wp-json\/wp\/v2\/product"}],"about":[{"href":"https:\/\/samaresart.com\/fr\/wp-json\/wp\/v2\/types\/product"}],"wp:featuredmedia":[{"embeddable":true,"href":"https:\/\/samaresart.com\/fr\/wp-json\/wp\/v2\/media\/3513"}],"wp:attachment":[{"href":"https:\/\/samaresart.com\/fr\/wp-json\/wp\/v2\/media?parent=3529"}],"wp:term":[{"taxonomy":"product_brand","embeddable":true,"href":"https:\/\/samaresart.com\/fr\/wp-json\/wp\/v2\/product_brand?post=3529"},{"taxonomy":"product_cat","embeddable":true,"href":"https:\/\/samaresart.com\/fr\/wp-json\/wp\/v2\/product_cat?post=3529"},{"taxonomy":"product_tag","embeddable":true,"href":"https:\/\/samaresart.com\/fr\/wp-json\/wp\/v2\/product_tag?post=3529"}],"curies":[{"name":"wp","href":"https:\/\/api.w.org\/{rel}","templated":true}]}}