{"id":3491,"date":"2026-03-17T16:49:43","date_gmt":"2026-03-17T16:49:43","guid":{"rendered":"https:\/\/samaresart.com\/?post_type=product&#038;p=3491"},"modified":"2026-04-13T21:35:51","modified_gmt":"2026-04-13T21:35:51","slug":"cigale","status":"publish","type":"product","link":"https:\/\/samaresart.com\/fr\/produit\/cigale\/","title":{"rendered":"Cigale"},"content":{"rendered":"<section class=\"ProductItem-additional\">\n<div id=\"item-62b066b1e3b7012db5f05fed\" class=\"sqs-layout sqs-grid-12 columns-12\" data-layout-label=\"Post Body\" data-type=\"item\" data-updated-on=\"1657808101927\">\n<div class=\"row sqs-row\">\n<div class=\"col sqs-col-12 span-12\">\n<div id=\"block-881f22cb9176a1c2cd14\" class=\"sqs-block html-block sqs-block-html\" data-block-type=\"2\" data-border-radii=\"{&quot;topLeft&quot;:{&quot;unit&quot;:&quot;px&quot;,&quot;value&quot;:0.0},&quot;topRight&quot;:{&quot;unit&quot;:&quot;px&quot;,&quot;value&quot;:0.0},&quot;bottomLeft&quot;:{&quot;unit&quot;:&quot;px&quot;,&quot;value&quot;:0.0},&quot;bottomRight&quot;:{&quot;unit&quot;:&quot;px&quot;,&quot;value&quot;:0.0}}\">\n<div class=\"sqs-block-content\">\n<div class=\"sqs-html-content\">\n<p>Pour \u00eatre honn\u00eate, j'ai fait une erreur et je viens de m'en rendre compte en cherchant le son \u00e0 mettre sur une vid\u00e9o pour les r\u00e9seaux sociaux : ce n'est pas celui que l'on entend souvent ici dans les Laurentides ! Je dois donc refaire une impression pour celui que je voulais imprimer. Celui que l'on entend ici est la cigale des jours de canicule, et elle est encore plus belle !<\/p>\n<p class=\"\">Toutes mes \u0153uvres sont faites \u00e0 la main et originales, avec un m\u00e9lange de linogravures en \u00e9dition limit\u00e9e et en \u00e9dition ouverte. Les gravures sont con\u00e7ues, r\u00e9alis\u00e9es, press\u00e9es et tir\u00e9es dans mon atelier situ\u00e9 dans les Laurentides, au Canada.<\/p>\n<p class=\"\">Remarque: en raison de leur nature artisanale, il peut y avoir de l\u00e9g\u00e8res variations par rapport \u00e0 l'image, qu'il s'agisse de la couleur, de l'uniformit\u00e9 de l'encre ou d'autres petites diff\u00e9rences.<\/p>\n<\/div>\n<\/div>\n<\/div>\n<\/div>\n<\/div>\n<\/div>\n<\/section>","protected":false},"excerpt":{"rendered":"<div id=\"yui_3_17_2_1_1740346408618_121\" class=\"ProductItem-details-excerpt ProductItem-details-excerpt-below-price\" data-content-field=\"excerpt\">\n<p><em>Linogravure imprim\u00e9e \u00e0 la main sur papier artisanal Lokta<\/em><\/p>\n<p><em>Dimensions: 7,5 x 10 inch (19 x 25cm)<\/em><\/p>\n<p>Il s'agit d'une gravure repr\u00e9sentant la magnifique cigale canadienne. L'un des insectes qui rend l'\u00e9t\u00e9 si particulier gr\u00e2ce \u00e0 son chant unique.<\/p>\n<p>Chaque impression est dessin\u00e9e, grav\u00e9e et imprim\u00e9e \u00e0 la main par moi-m\u00eame dans mon petit atelier dans les Laurentides. En raison de leur fabrication artisanale, de l\u00e9g\u00e8res variations de couleur et d\u2019impression peuvent appara\u00eetre. Ce sont pr\u00e9cis\u00e9ment ces petites diff\u00e9rences qui rendent les \u0153uvres imprim\u00e9es \u00e0 la main si sp\u00e9ciales et si belles.<\/p>\n<p>J\u2019imprime sur du papier Lokta artisanal, et chaque feuille a son caract\u00e8re unique. Cela rend chaque pi\u00e8ce v\u00e9ritablement unique.<\/p>\n<p>Le cadre et les accessoires ne sont pas inclus.<\/p>\n<\/div>","protected":false},"featured_media":3503,"template":"","meta":[],"product_brand":[],"product_cat":[18],"product_tag":[69],"class_list":{"0":"post-3491","1":"product","2":"type-product","3":"status-publish","4":"has-post-thumbnail","6":"product_cat-printworks","7":"product_tag-monoprint","9":"first","10":"instock","11":"shipping-taxable","12":"product-type-variable"},"yoast_head":"<!-- This site is optimized with the Yoast SEO plugin v27.4 - https:\/\/yoast.com\/product\/yoast-seo-wordpress\/ -->\n<title>Hand-carved Blockprint Cigale<\/title>\n<meta name=\"description\" content=\"This is a print for the beautiful Canadian Cicada. One of the insects that makes summer feel like summer with it\u2019s unique sound\" \/>\n<meta name=\"robots\" content=\"index, follow, max-snippet:-1, max-image-preview:large, max-video-preview:-1\" \/>\n<link rel=\"canonical\" href=\"https:\/\/samaresart.com\/fr\/produit\/cigale\/\" \/>\n<meta property=\"og:locale\" content=\"fr_CA\" \/>\n<meta property=\"og:type\" content=\"article\" \/>\n<meta property=\"og:title\" content=\"Hand-carved Blockprint Cigale\" \/>\n<meta property=\"og:description\" content=\"This is a print for the beautiful Canadian Cicada. One of the insects that makes summer feel like summer with it\u2019s unique sound\" \/>\n<meta property=\"og:url\" content=\"https:\/\/samaresart.com\/fr\/produit\/cigale\/\" \/>\n<meta property=\"article:modified_time\" content=\"2026-04-13T21:35:51+00:00\" \/>\n<meta property=\"og:image\" content=\"https:\/\/samaresart.com\/wp-content\/uploads\/2026\/03\/Cigale-Rostlila-ohne-Rahmen-scaled.jpg\" \/>\n\t<meta property=\"og:image:width\" content=\"2048\" \/>\n\t<meta property=\"og:image:height\" content=\"2560\" \/>\n\t<meta property=\"og:image:type\" content=\"image\/jpeg\" \/>\n<meta name=\"twitter:card\" content=\"summary_large_image\" \/>\n<meta name=\"twitter:label1\" content=\"Estimation du temps de lecture\" \/>\n\t<meta name=\"twitter:data1\" content=\"1 minute\" \/>\n<script type=\"application\/ld+json\" class=\"yoast-schema-graph\">{\"@context\":\"https:\\\/\\\/schema.org\",\"@graph\":[{\"@type\":\"WebPage\",\"@id\":\"https:\\\/\\\/samaresart.com\\\/product\\\/cigale\\\/\",\"url\":\"https:\\\/\\\/samaresart.com\\\/product\\\/cigale\\\/\",\"name\":\"Hand-carved Blockprint Cigale\",\"isPartOf\":{\"@id\":\"https:\\\/\\\/samaresart.com\\\/en\\\/#website\"},\"primaryImageOfPage\":{\"@id\":\"https:\\\/\\\/samaresart.com\\\/product\\\/cigale\\\/#primaryimage\"},\"image\":{\"@id\":\"https:\\\/\\\/samaresart.com\\\/product\\\/cigale\\\/#primaryimage\"},\"thumbnailUrl\":\"https:\\\/\\\/samaresart.com\\\/wp-content\\\/uploads\\\/2026\\\/03\\\/Cigale-Rostlila-ohne-Rahmen-scaled.jpg\",\"datePublished\":\"2026-03-17T16:49:43+00:00\",\"dateModified\":\"2026-04-13T21:35:51+00:00\",\"description\":\"This is a print for the beautiful Canadian Cicada. One of the insects that makes summer feel like summer with it\u2019s unique sound\",\"breadcrumb\":{\"@id\":\"https:\\\/\\\/samaresart.com\\\/product\\\/cigale\\\/#breadcrumb\"},\"inLanguage\":\"fr-CA\",\"potentialAction\":[{\"@type\":\"ReadAction\",\"target\":[\"https:\\\/\\\/samaresart.com\\\/product\\\/cigale\\\/\"]}]},{\"@type\":\"ImageObject\",\"inLanguage\":\"fr-CA\",\"@id\":\"https:\\\/\\\/samaresart.com\\\/product\\\/cigale\\\/#primaryimage\",\"url\":\"https:\\\/\\\/samaresart.com\\\/wp-content\\\/uploads\\\/2026\\\/03\\\/Cigale-Rostlila-ohne-Rahmen-scaled.jpg\",\"contentUrl\":\"https:\\\/\\\/samaresart.com\\\/wp-content\\\/uploads\\\/2026\\\/03\\\/Cigale-Rostlila-ohne-Rahmen-scaled.jpg\",\"width\":2048,\"height\":2560,\"caption\":\"Hand-carved Blockprint Cigale\"},{\"@type\":\"BreadcrumbList\",\"@id\":\"https:\\\/\\\/samaresart.com\\\/product\\\/cigale\\\/#breadcrumb\",\"itemListElement\":[{\"@type\":\"ListItem\",\"position\":1,\"name\":\"Printworks\",\"item\":\"https:\\\/\\\/samaresart.com\\\/\"},{\"@type\":\"ListItem\",\"position\":2,\"name\":\"Shop\",\"item\":\"https:\\\/\\\/samaresart.com\\\/shop\\\/\"},{\"@type\":\"ListItem\",\"position\":3,\"name\":\"Cigale\"}]},{\"@type\":\"WebSite\",\"@id\":\"https:\\\/\\\/samaresart.com\\\/en\\\/#website\",\"url\":\"https:\\\/\\\/samaresart.com\\\/en\\\/\",\"name\":\"samaresart.com\",\"description\":\"Botanical prints and paintings\",\"publisher\":{\"@id\":\"https:\\\/\\\/samaresart.com\\\/en\\\/#\\\/schema\\\/person\\\/78d4047d4762e7f8336d084fefb1417c\"},\"potentialAction\":[{\"@type\":\"SearchAction\",\"target\":{\"@type\":\"EntryPoint\",\"urlTemplate\":\"https:\\\/\\\/samaresart.com\\\/en\\\/?s={search_term_string}\"},\"query-input\":{\"@type\":\"PropertyValueSpecification\",\"valueRequired\":true,\"valueName\":\"search_term_string\"}}],\"inLanguage\":\"fr-CA\"},{\"@type\":[\"Person\",\"Organization\"],\"@id\":\"https:\\\/\\\/samaresart.com\\\/en\\\/#\\\/schema\\\/person\\\/78d4047d4762e7f8336d084fefb1417c\",\"name\":\"Sarah Samares\",\"image\":{\"@type\":\"ImageObject\",\"inLanguage\":\"fr-CA\",\"@id\":\"https:\\\/\\\/samaresart.com\\\/wp-content\\\/uploads\\\/2025\\\/02\\\/SarahSamares-18.png\",\"url\":\"https:\\\/\\\/samaresart.com\\\/wp-content\\\/uploads\\\/2025\\\/02\\\/SarahSamares-18.png\",\"contentUrl\":\"https:\\\/\\\/samaresart.com\\\/wp-content\\\/uploads\\\/2025\\\/02\\\/SarahSamares-18.png\",\"width\":1039,\"height\":327,\"caption\":\"Sarah Samares\"},\"logo\":{\"@id\":\"https:\\\/\\\/samaresart.com\\\/wp-content\\\/uploads\\\/2025\\\/02\\\/SarahSamares-18.png\"},\"sameAs\":[\"https:\\\/\\\/samaresart.com\"]}]}<\/script>\n<!-- \/ Yoast SEO plugin. -->","yoast_head_json":{"title":"Hand-carved Blockprint Cigale","description":"This is a print for the beautiful Canadian Cicada. One of the insects that makes summer feel like summer with it\u2019s unique sound","robots":{"index":"index","follow":"follow","max-snippet":"max-snippet:-1","max-image-preview":"max-image-preview:large","max-video-preview":"max-video-preview:-1"},"canonical":"https:\/\/samaresart.com\/fr\/produit\/cigale\/","og_locale":"fr_CA","og_type":"article","og_title":"Hand-carved Blockprint Cigale","og_description":"This is a print for the beautiful Canadian Cicada. One of the insects that makes summer feel like summer with it\u2019s unique sound","og_url":"https:\/\/samaresart.com\/fr\/produit\/cigale\/","article_modified_time":"2026-04-13T21:35:51+00:00","og_image":[{"width":2048,"height":2560,"url":"https:\/\/samaresart.com\/wp-content\/uploads\/2026\/03\/Cigale-Rostlila-ohne-Rahmen-scaled.jpg","type":"image\/jpeg"}],"twitter_card":"summary_large_image","twitter_misc":{"Estimation du temps de lecture":"1 minute"},"schema":{"@context":"https:\/\/schema.org","@graph":[{"@type":"WebPage","@id":"https:\/\/samaresart.com\/product\/cigale\/","url":"https:\/\/samaresart.com\/product\/cigale\/","name":"Hand-carved Blockprint Cigale","isPartOf":{"@id":"https:\/\/samaresart.com\/en\/#website"},"primaryImageOfPage":{"@id":"https:\/\/samaresart.com\/product\/cigale\/#primaryimage"},"image":{"@id":"https:\/\/samaresart.com\/product\/cigale\/#primaryimage"},"thumbnailUrl":"https:\/\/samaresart.com\/wp-content\/uploads\/2026\/03\/Cigale-Rostlila-ohne-Rahmen-scaled.jpg","datePublished":"2026-03-17T16:49:43+00:00","dateModified":"2026-04-13T21:35:51+00:00","description":"This is a print for the beautiful Canadian Cicada. One of the insects that makes summer feel like summer with it\u2019s unique sound","breadcrumb":{"@id":"https:\/\/samaresart.com\/product\/cigale\/#breadcrumb"},"inLanguage":"fr-CA","potentialAction":[{"@type":"ReadAction","target":["https:\/\/samaresart.com\/product\/cigale\/"]}]},{"@type":"ImageObject","inLanguage":"fr-CA","@id":"https:\/\/samaresart.com\/product\/cigale\/#primaryimage","url":"https:\/\/samaresart.com\/wp-content\/uploads\/2026\/03\/Cigale-Rostlila-ohne-Rahmen-scaled.jpg","contentUrl":"https:\/\/samaresart.com\/wp-content\/uploads\/2026\/03\/Cigale-Rostlila-ohne-Rahmen-scaled.jpg","width":2048,"height":2560,"caption":"Hand-carved Blockprint Cigale"},{"@type":"BreadcrumbList","@id":"https:\/\/samaresart.com\/product\/cigale\/#breadcrumb","itemListElement":[{"@type":"ListItem","position":1,"name":"Printworks","item":"https:\/\/samaresart.com\/"},{"@type":"ListItem","position":2,"name":"Shop","item":"https:\/\/samaresart.com\/shop\/"},{"@type":"ListItem","position":3,"name":"Cigale"}]},{"@type":"WebSite","@id":"https:\/\/samaresart.com\/en\/#website","url":"https:\/\/samaresart.com\/en\/","name":"samaresart.com","description":"Botanical prints and paintings","publisher":{"@id":"https:\/\/samaresart.com\/en\/#\/schema\/person\/78d4047d4762e7f8336d084fefb1417c"},"potentialAction":[{"@type":"SearchAction","target":{"@type":"EntryPoint","urlTemplate":"https:\/\/samaresart.com\/en\/?s={search_term_string}"},"query-input":{"@type":"PropertyValueSpecification","valueRequired":true,"valueName":"search_term_string"}}],"inLanguage":"fr-CA"},{"@type":["Person","Organization"],"@id":"https:\/\/samaresart.com\/en\/#\/schema\/person\/78d4047d4762e7f8336d084fefb1417c","name":"Sarah Samares","image":{"@type":"ImageObject","inLanguage":"fr-CA","@id":"https:\/\/samaresart.com\/wp-content\/uploads\/2025\/02\/SarahSamares-18.png","url":"https:\/\/samaresart.com\/wp-content\/uploads\/2025\/02\/SarahSamares-18.png","contentUrl":"https:\/\/samaresart.com\/wp-content\/uploads\/2025\/02\/SarahSamares-18.png","width":1039,"height":327,"caption":"Sarah Samares"},"logo":{"@id":"https:\/\/samaresart.com\/wp-content\/uploads\/2025\/02\/SarahSamares-18.png"},"sameAs":["https:\/\/samaresart.com"]}]}},"_links":{"self":[{"href":"https:\/\/samaresart.com\/fr\/wp-json\/wp\/v2\/product\/3491","targetHints":{"allow":["GET"]}}],"collection":[{"href":"https:\/\/samaresart.com\/fr\/wp-json\/wp\/v2\/product"}],"about":[{"href":"https:\/\/samaresart.com\/fr\/wp-json\/wp\/v2\/types\/product"}],"wp:featuredmedia":[{"embeddable":true,"href":"https:\/\/samaresart.com\/fr\/wp-json\/wp\/v2\/media\/3503"}],"wp:attachment":[{"href":"https:\/\/samaresart.com\/fr\/wp-json\/wp\/v2\/media?parent=3491"}],"wp:term":[{"taxonomy":"product_brand","embeddable":true,"href":"https:\/\/samaresart.com\/fr\/wp-json\/wp\/v2\/product_brand?post=3491"},{"taxonomy":"product_cat","embeddable":true,"href":"https:\/\/samaresart.com\/fr\/wp-json\/wp\/v2\/product_cat?post=3491"},{"taxonomy":"product_tag","embeddable":true,"href":"https:\/\/samaresart.com\/fr\/wp-json\/wp\/v2\/product_tag?post=3491"}],"curies":[{"name":"wp","href":"https:\/\/api.w.org\/{rel}","templated":true}]}}