{"id":3487,"date":"2026-03-17T16:49:38","date_gmt":"2026-03-17T16:49:38","guid":{"rendered":"https:\/\/samaresart.com\/?post_type=product&#038;p=3487"},"modified":"2026-04-13T21:39:24","modified_gmt":"2026-04-13T21:39:24","slug":"ghostpipe","status":"publish","type":"product","link":"https:\/\/samaresart.com\/fr\/produit\/ghostpipe\/","title":{"rendered":"Ghostpipe"},"content":{"rendered":"<section class=\"ProductItem-additional\">\n<div id=\"item-62b066b1e3b7012db5f05fed\" class=\"sqs-layout sqs-grid-12 columns-12\" data-layout-label=\"Post Body\" data-type=\"item\" data-updated-on=\"1657808101927\">\n<div class=\"row sqs-row\">\n<div class=\"col sqs-col-12 span-12\">\n<div id=\"block-881f22cb9176a1c2cd14\" class=\"sqs-block html-block sqs-block-html\" data-block-type=\"2\" data-border-radii=\"{&quot;topLeft&quot;:{&quot;unit&quot;:&quot;px&quot;,&quot;value&quot;:0.0},&quot;topRight&quot;:{&quot;unit&quot;:&quot;px&quot;,&quot;value&quot;:0.0},&quot;bottomLeft&quot;:{&quot;unit&quot;:&quot;px&quot;,&quot;value&quot;:0.0},&quot;bottomRight&quot;:{&quot;unit&quot;:&quot;px&quot;,&quot;value&quot;:0.0}}\">\n<div class=\"sqs-block-content\">\n<div class=\"sqs-html-content\">\n<p>Les ghostpipes indiennes sont de petites plantes assez sauvages ! Elles sont enti\u00e8rement blanches et d'aspect cireux, comme de minuscules fant\u00f4mes surgissant du sol de la for\u00eat. Elles ont cette apparence parce qu'elles n'utilisent pas de chlorophylle comme les autres plantes. Cela signifie qu'elles ne font pas de photosynth\u00e8se, mais qu'elles utilisent plut\u00f4t le r\u00e9seau fongique pour voler les nutriments des arbres voisins gr\u00e2ce \u00e0 leurs racines. En m\u00e9decine traditionnelle, elles sont utilis\u00e9es pour soulager la douleur physique et la d\u00e9tresse \u00e9motionnelle.<\/p>\n<p class=\"\">Toutes mes \u0153uvres sont faites \u00e0 la main et originales, avec un m\u00e9lange de linogravures en \u00e9dition limit\u00e9e et en \u00e9dition ouverte. Les gravures sont con\u00e7ues, r\u00e9alis\u00e9es, press\u00e9es et tir\u00e9es dans mon atelier situ\u00e9 dans les Laurentides, au Canada.<\/p>\n<p class=\"\">Remarque: en raison de leur nature artisanale, il peut y avoir de l\u00e9g\u00e8res variations par rapport \u00e0 l'image, qu'il s'agisse de la couleur, de l'uniformit\u00e9 de l'encre ou d'autres petites diff\u00e9rences.<\/p>\n<\/div>\n<\/div>\n<\/div>\n<\/div>\n<\/div>\n<\/div>\n<\/section>","protected":false},"excerpt":{"rendered":"<div id=\"yui_3_17_2_1_1740346408618_121\" class=\"ProductItem-details-excerpt ProductItem-details-excerpt-below-price\" data-content-field=\"excerpt\">\n<p><em>Linogravure imprim\u00e9e \u00e0 la main sur papier artisanal Lokta<\/em><\/p>\n<p><em>Dimensions: 7,5 x 10 inch (19 x 25cm)<\/em><\/p>\n<p>Petite impression pour une plante unique qui pousse dans l'h\u00e9misph\u00e8re nord : les monotropes uniflores (Monotropa uniflora)<\/p>\n<p>Les ghostpipes indiennes sont de petites plantes assez sauvages ! Elles sont enti\u00e8rement blanches et d'aspect cireux, comme de minuscules fant\u00f4mes surgissant du sol de la for\u00eat. Elles ont cette apparence parce qu'elles n'utilisent pas de chlorophylle comme les autres plantes. Cela signifie qu'elles ne font pas de photosynth\u00e8se, mais qu'elles utilisent plut\u00f4t le r\u00e9seau fongique pour voler les nutriments des arbres voisins gr\u00e2ce \u00e0 leurs racines. En m\u00e9decine traditionnelle, elles sont utilis\u00e9es pour soulager la douleur physique et la d\u00e9tresse \u00e9motionnelle.<\/p>\n<p>Chaque impression est dessin\u00e9e, grav\u00e9e et imprim\u00e9e \u00e0 la main par moi-m\u00eame dans mon petit atelier dans les Laurentides. En raison de leur fabrication artisanale, de l\u00e9g\u00e8res variations de couleur et d\u2019impression peuvent appara\u00eetre. Ce sont pr\u00e9cis\u00e9ment ces petites diff\u00e9rences qui rendent les \u0153uvres imprim\u00e9es \u00e0 la main si sp\u00e9ciales et si belles.<\/p>\n<p>J\u2019imprime sur du papier Lokta artisanal, et chaque feuille a son caract\u00e8re unique. Cela rend chaque pi\u00e8ce v\u00e9ritablement unique.<\/p>\n<p>Le cadre et les accessoires ne sont pas inclus.<\/p>\n<\/div>","protected":false},"featured_media":3498,"template":"","meta":[],"product_brand":[],"product_cat":[18],"product_tag":[69],"class_list":{"0":"post-3487","1":"product","2":"type-product","3":"status-publish","4":"has-post-thumbnail","6":"product_cat-printworks","7":"product_tag-monoprint","9":"first","10":"instock","11":"sold-individually","12":"shipping-taxable","13":"product-type-variable"},"yoast_head":"<!-- This site is optimized with the Yoast SEO plugin v27.4 - https:\/\/yoast.com\/product\/yoast-seo-wordpress\/ -->\n<title>Botanical Blockprint Indian Ghostpipe<\/title>\n<meta name=\"description\" content=\"Little print for an unique plant that grows in the nothern hemishere: Indian Ghostpipes (Monotropa uniflora) that are know for their medical properties.\" \/>\n<meta name=\"robots\" content=\"index, follow, max-snippet:-1, max-image-preview:large, max-video-preview:-1\" \/>\n<link rel=\"canonical\" href=\"https:\/\/samaresart.com\/fr\/produit\/ghostpipe\/\" \/>\n<meta property=\"og:locale\" content=\"fr_CA\" \/>\n<meta property=\"og:type\" content=\"article\" \/>\n<meta property=\"og:title\" content=\"Botanical Blockprint Indian Ghostpipe\" \/>\n<meta property=\"og:description\" content=\"Little print for an unique plant that grows in the nothern hemishere: Indian Ghostpipes (Monotropa uniflora) that are know for their medical properties.\" \/>\n<meta property=\"og:url\" content=\"https:\/\/samaresart.com\/fr\/produit\/ghostpipe\/\" \/>\n<meta property=\"article:modified_time\" content=\"2026-04-13T21:39:24+00:00\" \/>\n<meta property=\"og:image\" content=\"https:\/\/samaresart.com\/wp-content\/uploads\/2026\/03\/Ghostpipe-Rostlila-scaled.jpg\" \/>\n\t<meta property=\"og:image:width\" content=\"2048\" \/>\n\t<meta property=\"og:image:height\" content=\"2560\" \/>\n\t<meta property=\"og:image:type\" content=\"image\/jpeg\" \/>\n<meta name=\"twitter:card\" content=\"summary_large_image\" \/>\n<meta name=\"twitter:label1\" content=\"Estimation du temps de lecture\" \/>\n\t<meta name=\"twitter:data1\" content=\"1 minute\" \/>\n<script type=\"application\/ld+json\" class=\"yoast-schema-graph\">{\"@context\":\"https:\\\/\\\/schema.org\",\"@graph\":[{\"@type\":\"WebPage\",\"@id\":\"https:\\\/\\\/samaresart.com\\\/product\\\/ghostpipe\\\/\",\"url\":\"https:\\\/\\\/samaresart.com\\\/product\\\/ghostpipe\\\/\",\"name\":\"Botanical Blockprint Indian Ghostpipe\",\"isPartOf\":{\"@id\":\"https:\\\/\\\/samaresart.com\\\/en\\\/#website\"},\"primaryImageOfPage\":{\"@id\":\"https:\\\/\\\/samaresart.com\\\/product\\\/ghostpipe\\\/#primaryimage\"},\"image\":{\"@id\":\"https:\\\/\\\/samaresart.com\\\/product\\\/ghostpipe\\\/#primaryimage\"},\"thumbnailUrl\":\"https:\\\/\\\/samaresart.com\\\/wp-content\\\/uploads\\\/2026\\\/03\\\/Ghostpipe-Rostlila-scaled.jpg\",\"datePublished\":\"2026-03-17T16:49:38+00:00\",\"dateModified\":\"2026-04-13T21:39:24+00:00\",\"description\":\"Little print for an unique plant that grows in the nothern hemishere: Indian Ghostpipes (Monotropa uniflora) that are know for their medical properties.\",\"breadcrumb\":{\"@id\":\"https:\\\/\\\/samaresart.com\\\/product\\\/ghostpipe\\\/#breadcrumb\"},\"inLanguage\":\"fr-CA\",\"potentialAction\":[{\"@type\":\"ReadAction\",\"target\":[\"https:\\\/\\\/samaresart.com\\\/product\\\/ghostpipe\\\/\"]}]},{\"@type\":\"ImageObject\",\"inLanguage\":\"fr-CA\",\"@id\":\"https:\\\/\\\/samaresart.com\\\/product\\\/ghostpipe\\\/#primaryimage\",\"url\":\"https:\\\/\\\/samaresart.com\\\/wp-content\\\/uploads\\\/2026\\\/03\\\/Ghostpipe-Rostlila-scaled.jpg\",\"contentUrl\":\"https:\\\/\\\/samaresart.com\\\/wp-content\\\/uploads\\\/2026\\\/03\\\/Ghostpipe-Rostlila-scaled.jpg\",\"width\":2048,\"height\":2560,\"caption\":\"Hand-printed Reliefprint Ghostpipe\"},{\"@type\":\"BreadcrumbList\",\"@id\":\"https:\\\/\\\/samaresart.com\\\/product\\\/ghostpipe\\\/#breadcrumb\",\"itemListElement\":[{\"@type\":\"ListItem\",\"position\":1,\"name\":\"Printworks\",\"item\":\"https:\\\/\\\/samaresart.com\\\/\"},{\"@type\":\"ListItem\",\"position\":2,\"name\":\"Shop\",\"item\":\"https:\\\/\\\/samaresart.com\\\/shop\\\/\"},{\"@type\":\"ListItem\",\"position\":3,\"name\":\"Ghostpipe\"}]},{\"@type\":\"WebSite\",\"@id\":\"https:\\\/\\\/samaresart.com\\\/en\\\/#website\",\"url\":\"https:\\\/\\\/samaresart.com\\\/en\\\/\",\"name\":\"samaresart.com\",\"description\":\"Botanical prints and paintings\",\"publisher\":{\"@id\":\"https:\\\/\\\/samaresart.com\\\/en\\\/#\\\/schema\\\/person\\\/78d4047d4762e7f8336d084fefb1417c\"},\"potentialAction\":[{\"@type\":\"SearchAction\",\"target\":{\"@type\":\"EntryPoint\",\"urlTemplate\":\"https:\\\/\\\/samaresart.com\\\/en\\\/?s={search_term_string}\"},\"query-input\":{\"@type\":\"PropertyValueSpecification\",\"valueRequired\":true,\"valueName\":\"search_term_string\"}}],\"inLanguage\":\"fr-CA\"},{\"@type\":[\"Person\",\"Organization\"],\"@id\":\"https:\\\/\\\/samaresart.com\\\/en\\\/#\\\/schema\\\/person\\\/78d4047d4762e7f8336d084fefb1417c\",\"name\":\"Sarah Samares\",\"image\":{\"@type\":\"ImageObject\",\"inLanguage\":\"fr-CA\",\"@id\":\"https:\\\/\\\/samaresart.com\\\/wp-content\\\/uploads\\\/2025\\\/02\\\/SarahSamares-18.png\",\"url\":\"https:\\\/\\\/samaresart.com\\\/wp-content\\\/uploads\\\/2025\\\/02\\\/SarahSamares-18.png\",\"contentUrl\":\"https:\\\/\\\/samaresart.com\\\/wp-content\\\/uploads\\\/2025\\\/02\\\/SarahSamares-18.png\",\"width\":1039,\"height\":327,\"caption\":\"Sarah Samares\"},\"logo\":{\"@id\":\"https:\\\/\\\/samaresart.com\\\/wp-content\\\/uploads\\\/2025\\\/02\\\/SarahSamares-18.png\"},\"sameAs\":[\"https:\\\/\\\/samaresart.com\"]}]}<\/script>\n<!-- \/ Yoast SEO plugin. -->","yoast_head_json":{"title":"Botanical Blockprint Indian Ghostpipe","description":"Little print for an unique plant that grows in the nothern hemishere: Indian Ghostpipes (Monotropa uniflora) that are know for their medical properties.","robots":{"index":"index","follow":"follow","max-snippet":"max-snippet:-1","max-image-preview":"max-image-preview:large","max-video-preview":"max-video-preview:-1"},"canonical":"https:\/\/samaresart.com\/fr\/produit\/ghostpipe\/","og_locale":"fr_CA","og_type":"article","og_title":"Botanical Blockprint Indian Ghostpipe","og_description":"Little print for an unique plant that grows in the nothern hemishere: Indian Ghostpipes (Monotropa uniflora) that are know for their medical properties.","og_url":"https:\/\/samaresart.com\/fr\/produit\/ghostpipe\/","article_modified_time":"2026-04-13T21:39:24+00:00","og_image":[{"width":2048,"height":2560,"url":"https:\/\/samaresart.com\/wp-content\/uploads\/2026\/03\/Ghostpipe-Rostlila-scaled.jpg","type":"image\/jpeg"}],"twitter_card":"summary_large_image","twitter_misc":{"Estimation du temps de lecture":"1 minute"},"schema":{"@context":"https:\/\/schema.org","@graph":[{"@type":"WebPage","@id":"https:\/\/samaresart.com\/product\/ghostpipe\/","url":"https:\/\/samaresart.com\/product\/ghostpipe\/","name":"Botanical Blockprint Indian Ghostpipe","isPartOf":{"@id":"https:\/\/samaresart.com\/en\/#website"},"primaryImageOfPage":{"@id":"https:\/\/samaresart.com\/product\/ghostpipe\/#primaryimage"},"image":{"@id":"https:\/\/samaresart.com\/product\/ghostpipe\/#primaryimage"},"thumbnailUrl":"https:\/\/samaresart.com\/wp-content\/uploads\/2026\/03\/Ghostpipe-Rostlila-scaled.jpg","datePublished":"2026-03-17T16:49:38+00:00","dateModified":"2026-04-13T21:39:24+00:00","description":"Little print for an unique plant that grows in the nothern hemishere: Indian Ghostpipes (Monotropa uniflora) that are know for their medical properties.","breadcrumb":{"@id":"https:\/\/samaresart.com\/product\/ghostpipe\/#breadcrumb"},"inLanguage":"fr-CA","potentialAction":[{"@type":"ReadAction","target":["https:\/\/samaresart.com\/product\/ghostpipe\/"]}]},{"@type":"ImageObject","inLanguage":"fr-CA","@id":"https:\/\/samaresart.com\/product\/ghostpipe\/#primaryimage","url":"https:\/\/samaresart.com\/wp-content\/uploads\/2026\/03\/Ghostpipe-Rostlila-scaled.jpg","contentUrl":"https:\/\/samaresart.com\/wp-content\/uploads\/2026\/03\/Ghostpipe-Rostlila-scaled.jpg","width":2048,"height":2560,"caption":"Hand-printed Reliefprint Ghostpipe"},{"@type":"BreadcrumbList","@id":"https:\/\/samaresart.com\/product\/ghostpipe\/#breadcrumb","itemListElement":[{"@type":"ListItem","position":1,"name":"Printworks","item":"https:\/\/samaresart.com\/"},{"@type":"ListItem","position":2,"name":"Shop","item":"https:\/\/samaresart.com\/shop\/"},{"@type":"ListItem","position":3,"name":"Ghostpipe"}]},{"@type":"WebSite","@id":"https:\/\/samaresart.com\/en\/#website","url":"https:\/\/samaresart.com\/en\/","name":"samaresart.com","description":"Botanical prints and paintings","publisher":{"@id":"https:\/\/samaresart.com\/en\/#\/schema\/person\/78d4047d4762e7f8336d084fefb1417c"},"potentialAction":[{"@type":"SearchAction","target":{"@type":"EntryPoint","urlTemplate":"https:\/\/samaresart.com\/en\/?s={search_term_string}"},"query-input":{"@type":"PropertyValueSpecification","valueRequired":true,"valueName":"search_term_string"}}],"inLanguage":"fr-CA"},{"@type":["Person","Organization"],"@id":"https:\/\/samaresart.com\/en\/#\/schema\/person\/78d4047d4762e7f8336d084fefb1417c","name":"Sarah Samares","image":{"@type":"ImageObject","inLanguage":"fr-CA","@id":"https:\/\/samaresart.com\/wp-content\/uploads\/2025\/02\/SarahSamares-18.png","url":"https:\/\/samaresart.com\/wp-content\/uploads\/2025\/02\/SarahSamares-18.png","contentUrl":"https:\/\/samaresart.com\/wp-content\/uploads\/2025\/02\/SarahSamares-18.png","width":1039,"height":327,"caption":"Sarah Samares"},"logo":{"@id":"https:\/\/samaresart.com\/wp-content\/uploads\/2025\/02\/SarahSamares-18.png"},"sameAs":["https:\/\/samaresart.com"]}]}},"_links":{"self":[{"href":"https:\/\/samaresart.com\/fr\/wp-json\/wp\/v2\/product\/3487","targetHints":{"allow":["GET"]}}],"collection":[{"href":"https:\/\/samaresart.com\/fr\/wp-json\/wp\/v2\/product"}],"about":[{"href":"https:\/\/samaresart.com\/fr\/wp-json\/wp\/v2\/types\/product"}],"wp:featuredmedia":[{"embeddable":true,"href":"https:\/\/samaresart.com\/fr\/wp-json\/wp\/v2\/media\/3498"}],"wp:attachment":[{"href":"https:\/\/samaresart.com\/fr\/wp-json\/wp\/v2\/media?parent=3487"}],"wp:term":[{"taxonomy":"product_brand","embeddable":true,"href":"https:\/\/samaresart.com\/fr\/wp-json\/wp\/v2\/product_brand?post=3487"},{"taxonomy":"product_cat","embeddable":true,"href":"https:\/\/samaresart.com\/fr\/wp-json\/wp\/v2\/product_cat?post=3487"},{"taxonomy":"product_tag","embeddable":true,"href":"https:\/\/samaresart.com\/fr\/wp-json\/wp\/v2\/product_tag?post=3487"}],"curies":[{"name":"wp","href":"https:\/\/api.w.org\/{rel}","templated":true}]}}