{"id":2998,"date":"2025-11-06T15:15:38","date_gmt":"2025-11-06T15:15:38","guid":{"rendered":"https:\/\/samaresart.com\/?post_type=product&#038;p=2998"},"modified":"2026-04-15T19:30:25","modified_gmt":"2026-04-15T19:30:25","slug":"asclepiade","status":"publish","type":"product","link":"https:\/\/samaresart.com\/fr\/produit\/asclepiade\/","title":{"rendered":"Ascl\u00e9piade"},"content":{"rendered":"<p><em>Impression de r\u00e9duction<\/em><\/p>\n<p class=\"_ap3a _aaco _aacu _aacx _aad7 _aade\" dir=\"auto\">Il y a tant \u00e0 d\u00e9couvrir sur l'ascl\u00e9piade commune :<\/p>\n<p>Non seulement ses jeunes pousses sont comestibles au printemps, offrant une collation fra\u00eeche et naturelle, mais ses gousses ressemblent \u00e0 des concombres et ont le m\u00eame go\u00fbt. Tout au long de l'\u00e9t\u00e9, ses fleurs \u00e9clatantes ajoutent non seulement de la beaut\u00e9, mais jouent \u00e9galement un r\u00f4le crucial dans la survie des papillons monarques en leur fournissant du nectar et un endroit o\u00f9 pondre leurs \u0153ufs. Sans l'ascl\u00e9piade, les monarques auraient du mal \u00e0 survivre.<\/p>\n<p>\u00c0 l'automne, les graines d\u00e9veloppent ces fibres douces et soyeuses. Les minuscules parachutes aident les graines \u00e0 s'envoler au gr\u00e9 du vent. Ces fibres ne sont pas seulement fascinantes, elles sont \u00e9galement pratiques, utilis\u00e9es comme alternative v\u00e9g\u00e9talienne et durable au duvet dans l'isolation.<\/p>\n<p>Mais ce qui est encore plus impressionnant, ce sont les fibres robustes de la plante, qui peuvent \u00eatre transform\u00e9es en papier aussi! Cela met en \u00e9vidence la polyvalence de l'ascl\u00e9piade, bien au-del\u00e0 de ce que la plupart des gens imaginent !<\/p>\n<p>La r\u00e9silience, l'utilit\u00e9 et la beaut\u00e9 discr\u00e8te de cette plante m'inspirent profond\u00e9ment.<\/p>\n<section class=\"ProductItem-additional\">\n<div id=\"item-62b066b1e3b7012db5f05fed\" class=\"sqs-layout sqs-grid-12 columns-12\" data-layout-label=\"Post Body\" data-type=\"item\" data-updated-on=\"1657808101927\">\n<div class=\"row sqs-row\">\n<div class=\"col sqs-col-12 span-12\">\n<div id=\"block-881f22cb9176a1c2cd14\" class=\"sqs-block html-block sqs-block-html\" data-block-type=\"2\" data-border-radii=\"{&quot;topLeft&quot;:{&quot;unit&quot;:&quot;px&quot;,&quot;value&quot;:0.0},&quot;topRight&quot;:{&quot;unit&quot;:&quot;px&quot;,&quot;value&quot;:0.0},&quot;bottomLeft&quot;:{&quot;unit&quot;:&quot;px&quot;,&quot;value&quot;:0.0},&quot;bottomRight&quot;:{&quot;unit&quot;:&quot;px&quot;,&quot;value&quot;:0.0}}\">\n<div class=\"sqs-block-content\">\n<div class=\"sqs-html-content\">\n<p class=\"\">Toutes mes \u0153uvres sont faites \u00e0 la main et originales, avec un m\u00e9lange de linogravures en \u00e9dition limit\u00e9e et en \u00e9dition ouverte. Les gravures sont con\u00e7ues, r\u00e9alis\u00e9es, press\u00e9es et tir\u00e9es dans mon atelier situ\u00e9 dans les Laurentides, au Canada.<\/p>\n<p class=\"\">Remarque: en raison de leur nature artisanale, il peut y avoir de l\u00e9g\u00e8res variations par rapport \u00e0 l'image, qu'il s'agisse de la couleur, de l'uniformit\u00e9 de l'encre ou d'autres petites diff\u00e9rences.<\/p>\n<\/div>\n<\/div>\n<\/div>\n<\/div>\n<\/div>\n<\/div>\n<\/section>","protected":false},"excerpt":{"rendered":"<div class=\"ProductItem-details-excerpt ProductItem-details-excerpt-below-price\" data-content-field=\"excerpt\">\n<p><em>Linogravure imprim\u00e9e \u00e0 la main sur papier artisanal Lokta<\/em><\/p>\n<p><em>Dimensions: 10 x 20 inch (26 x 50 cm)<\/em><\/p>\n<p>L'ascl\u00e9piade commune est non seulement une plante remarquablement polyvalente, mais elle d\u00e9gage \u00e9galement une aura si f\u00e9minine qu'elle a attir\u00e9 mon attention.<\/p>\n<p class=\"whitespace-normal break-words\">Cette impression a \u00e9t\u00e9 r\u00e9alis\u00e9e \u00e0 l'aide de la \u00ab m\u00e9thode de r\u00e9duction \u00bb, une technique qui consiste \u00e0 graver un seul bloc de linol\u00e9um par \u00e9tapes afin de cr\u00e9er plusieurs couches de couleur. Ici, 6 couches ont \u00e9t\u00e9 cr\u00e9\u00e9es. Avec cette technique, une petite partie du bloc d'impression est enlev\u00e9e apr\u00e8s chaque couche de couleur, de sorte qu'une seule \u00e9dition peut \u00eatre imprim\u00e9e. Une fois l'impression \u00e9puis\u00e9e, elle ne sera plus jamais disponible.<\/p>\n<p>Chaque impression est dessin\u00e9e, grav\u00e9e et imprim\u00e9e \u00e0 la main par moi-m\u00eame dans mon petit atelier dans les Laurentides. En raison de leur fabrication artisanale, de l\u00e9g\u00e8res variations de couleur et d\u2019impression peuvent appara\u00eetre. Ce sont pr\u00e9cis\u00e9ment ces petites diff\u00e9rences qui rendent les \u0153uvres imprim\u00e9es \u00e0 la main si sp\u00e9ciales et si belles.<\/p>\n<p>J\u2019imprime sur du papier Lokta artisanal, et chaque feuille a son caract\u00e8re unique. Cela rend chaque pi\u00e8ce v\u00e9ritablement unique.<\/p>\n<p>Le cadre et les accessoires ne sont pas inclus.<\/p>\n<\/div>","protected":false},"featured_media":3000,"template":"","meta":[],"product_brand":[],"product_cat":[18],"product_tag":[71],"class_list":{"0":"post-2998","1":"product","2":"type-product","3":"status-publish","4":"has-post-thumbnail","6":"product_cat-printworks","7":"product_tag-reductionprint","9":"first","10":"instock","11":"shipping-taxable","12":"product-type-simple"},"yoast_head":"<!-- This site is optimized with the Yoast SEO plugin v27.4 - https:\/\/yoast.com\/product\/yoast-seo-wordpress\/ -->\n<title>Botanical Blockprint Common Milkweed<\/title>\n<meta name=\"description\" content=\"Hand carved printwork for Common milkweed: is not only a remarkably versatile plant, but it also has such a feminine aura that it caught my eye this autumn.\" \/>\n<meta name=\"robots\" content=\"index, follow, max-snippet:-1, max-image-preview:large, max-video-preview:-1\" \/>\n<link rel=\"canonical\" href=\"https:\/\/samaresart.com\/fr\/produit\/asclepiade\/\" \/>\n<meta property=\"og:locale\" content=\"fr_CA\" \/>\n<meta property=\"og:type\" content=\"article\" \/>\n<meta property=\"og:title\" content=\"Botanical Blockprint Common Milkweed\" \/>\n<meta property=\"og:description\" content=\"Hand carved printwork for Common milkweed: is not only a remarkably versatile plant, but it also has such a feminine aura that it caught my eye this autumn.\" \/>\n<meta property=\"og:url\" content=\"https:\/\/samaresart.com\/fr\/produit\/asclepiade\/\" \/>\n<meta property=\"article:modified_time\" content=\"2026-04-15T19:30:25+00:00\" \/>\n<meta property=\"og:image\" content=\"https:\/\/samaresart.com\/wp-content\/uploads\/2025\/11\/Asclepiade-2-scaled.jpg\" \/>\n\t<meta property=\"og:image:width\" content=\"2048\" \/>\n\t<meta property=\"og:image:height\" content=\"2560\" \/>\n\t<meta property=\"og:image:type\" content=\"image\/jpeg\" \/>\n<meta name=\"twitter:card\" content=\"summary_large_image\" \/>\n<meta name=\"twitter:label1\" content=\"Estimation du temps de lecture\" \/>\n\t<meta name=\"twitter:data1\" content=\"2 minutes\" \/>\n<script type=\"application\/ld+json\" class=\"yoast-schema-graph\">{\"@context\":\"https:\\\/\\\/schema.org\",\"@graph\":[{\"@type\":\"WebPage\",\"@id\":\"https:\\\/\\\/samaresart.com\\\/product\\\/asclepiade\\\/\",\"url\":\"https:\\\/\\\/samaresart.com\\\/product\\\/asclepiade\\\/\",\"name\":\"Botanical Blockprint Common Milkweed\",\"isPartOf\":{\"@id\":\"https:\\\/\\\/samaresart.com\\\/en\\\/#website\"},\"primaryImageOfPage\":{\"@id\":\"https:\\\/\\\/samaresart.com\\\/product\\\/asclepiade\\\/#primaryimage\"},\"image\":{\"@id\":\"https:\\\/\\\/samaresart.com\\\/product\\\/asclepiade\\\/#primaryimage\"},\"thumbnailUrl\":\"https:\\\/\\\/samaresart.com\\\/wp-content\\\/uploads\\\/2025\\\/11\\\/Asclepiade-2-scaled.jpg\",\"datePublished\":\"2025-11-06T15:15:38+00:00\",\"dateModified\":\"2026-04-15T19:30:25+00:00\",\"description\":\"Hand carved printwork for Common milkweed: is not only a remarkably versatile plant, but it also has such a feminine aura that it caught my eye this autumn.\",\"breadcrumb\":{\"@id\":\"https:\\\/\\\/samaresart.com\\\/product\\\/asclepiade\\\/#breadcrumb\"},\"inLanguage\":\"fr-CA\",\"potentialAction\":[{\"@type\":\"ReadAction\",\"target\":[\"https:\\\/\\\/samaresart.com\\\/product\\\/asclepiade\\\/\"]}]},{\"@type\":\"ImageObject\",\"inLanguage\":\"fr-CA\",\"@id\":\"https:\\\/\\\/samaresart.com\\\/product\\\/asclepiade\\\/#primaryimage\",\"url\":\"https:\\\/\\\/samaresart.com\\\/wp-content\\\/uploads\\\/2025\\\/11\\\/Asclepiade-2-scaled.jpg\",\"contentUrl\":\"https:\\\/\\\/samaresart.com\\\/wp-content\\\/uploads\\\/2025\\\/11\\\/Asclepiade-2-scaled.jpg\",\"width\":2048,\"height\":2560,\"caption\":\"Hand-printed Reliefprint Asclepiade\"},{\"@type\":\"BreadcrumbList\",\"@id\":\"https:\\\/\\\/samaresart.com\\\/product\\\/asclepiade\\\/#breadcrumb\",\"itemListElement\":[{\"@type\":\"ListItem\",\"position\":1,\"name\":\"Printworks\",\"item\":\"https:\\\/\\\/samaresart.com\\\/\"},{\"@type\":\"ListItem\",\"position\":2,\"name\":\"Shop\",\"item\":\"https:\\\/\\\/samaresart.com\\\/shop\\\/\"},{\"@type\":\"ListItem\",\"position\":3,\"name\":\"Ascl\u00e9piade\"}]},{\"@type\":\"WebSite\",\"@id\":\"https:\\\/\\\/samaresart.com\\\/en\\\/#website\",\"url\":\"https:\\\/\\\/samaresart.com\\\/en\\\/\",\"name\":\"samaresart.com\",\"description\":\"Botanical prints and paintings\",\"publisher\":{\"@id\":\"https:\\\/\\\/samaresart.com\\\/en\\\/#\\\/schema\\\/person\\\/78d4047d4762e7f8336d084fefb1417c\"},\"potentialAction\":[{\"@type\":\"SearchAction\",\"target\":{\"@type\":\"EntryPoint\",\"urlTemplate\":\"https:\\\/\\\/samaresart.com\\\/en\\\/?s={search_term_string}\"},\"query-input\":{\"@type\":\"PropertyValueSpecification\",\"valueRequired\":true,\"valueName\":\"search_term_string\"}}],\"inLanguage\":\"fr-CA\"},{\"@type\":[\"Person\",\"Organization\"],\"@id\":\"https:\\\/\\\/samaresart.com\\\/en\\\/#\\\/schema\\\/person\\\/78d4047d4762e7f8336d084fefb1417c\",\"name\":\"Sarah Samares\",\"image\":{\"@type\":\"ImageObject\",\"inLanguage\":\"fr-CA\",\"@id\":\"https:\\\/\\\/samaresart.com\\\/wp-content\\\/uploads\\\/2025\\\/02\\\/SarahSamares-18.png\",\"url\":\"https:\\\/\\\/samaresart.com\\\/wp-content\\\/uploads\\\/2025\\\/02\\\/SarahSamares-18.png\",\"contentUrl\":\"https:\\\/\\\/samaresart.com\\\/wp-content\\\/uploads\\\/2025\\\/02\\\/SarahSamares-18.png\",\"width\":1039,\"height\":327,\"caption\":\"Sarah Samares\"},\"logo\":{\"@id\":\"https:\\\/\\\/samaresart.com\\\/wp-content\\\/uploads\\\/2025\\\/02\\\/SarahSamares-18.png\"},\"sameAs\":[\"https:\\\/\\\/samaresart.com\"]}]}<\/script>\n<!-- \/ Yoast SEO plugin. -->","yoast_head_json":{"title":"Botanical Blockprint Common Milkweed","description":"Hand carved printwork for Common milkweed: is not only a remarkably versatile plant, but it also has such a feminine aura that it caught my eye this autumn.","robots":{"index":"index","follow":"follow","max-snippet":"max-snippet:-1","max-image-preview":"max-image-preview:large","max-video-preview":"max-video-preview:-1"},"canonical":"https:\/\/samaresart.com\/fr\/produit\/asclepiade\/","og_locale":"fr_CA","og_type":"article","og_title":"Botanical Blockprint Common Milkweed","og_description":"Hand carved printwork for Common milkweed: is not only a remarkably versatile plant, but it also has such a feminine aura that it caught my eye this autumn.","og_url":"https:\/\/samaresart.com\/fr\/produit\/asclepiade\/","article_modified_time":"2026-04-15T19:30:25+00:00","og_image":[{"width":2048,"height":2560,"url":"https:\/\/samaresart.com\/wp-content\/uploads\/2025\/11\/Asclepiade-2-scaled.jpg","type":"image\/jpeg"}],"twitter_card":"summary_large_image","twitter_misc":{"Estimation du temps de lecture":"2 minutes"},"schema":{"@context":"https:\/\/schema.org","@graph":[{"@type":"WebPage","@id":"https:\/\/samaresart.com\/product\/asclepiade\/","url":"https:\/\/samaresart.com\/product\/asclepiade\/","name":"Botanical Blockprint Common Milkweed","isPartOf":{"@id":"https:\/\/samaresart.com\/en\/#website"},"primaryImageOfPage":{"@id":"https:\/\/samaresart.com\/product\/asclepiade\/#primaryimage"},"image":{"@id":"https:\/\/samaresart.com\/product\/asclepiade\/#primaryimage"},"thumbnailUrl":"https:\/\/samaresart.com\/wp-content\/uploads\/2025\/11\/Asclepiade-2-scaled.jpg","datePublished":"2025-11-06T15:15:38+00:00","dateModified":"2026-04-15T19:30:25+00:00","description":"Hand carved printwork for Common milkweed: is not only a remarkably versatile plant, but it also has such a feminine aura that it caught my eye this autumn.","breadcrumb":{"@id":"https:\/\/samaresart.com\/product\/asclepiade\/#breadcrumb"},"inLanguage":"fr-CA","potentialAction":[{"@type":"ReadAction","target":["https:\/\/samaresart.com\/product\/asclepiade\/"]}]},{"@type":"ImageObject","inLanguage":"fr-CA","@id":"https:\/\/samaresart.com\/product\/asclepiade\/#primaryimage","url":"https:\/\/samaresart.com\/wp-content\/uploads\/2025\/11\/Asclepiade-2-scaled.jpg","contentUrl":"https:\/\/samaresart.com\/wp-content\/uploads\/2025\/11\/Asclepiade-2-scaled.jpg","width":2048,"height":2560,"caption":"Hand-printed Reliefprint Asclepiade"},{"@type":"BreadcrumbList","@id":"https:\/\/samaresart.com\/product\/asclepiade\/#breadcrumb","itemListElement":[{"@type":"ListItem","position":1,"name":"Printworks","item":"https:\/\/samaresart.com\/"},{"@type":"ListItem","position":2,"name":"Shop","item":"https:\/\/samaresart.com\/shop\/"},{"@type":"ListItem","position":3,"name":"Ascl\u00e9piade"}]},{"@type":"WebSite","@id":"https:\/\/samaresart.com\/en\/#website","url":"https:\/\/samaresart.com\/en\/","name":"samaresart.com","description":"Botanical prints and paintings","publisher":{"@id":"https:\/\/samaresart.com\/en\/#\/schema\/person\/78d4047d4762e7f8336d084fefb1417c"},"potentialAction":[{"@type":"SearchAction","target":{"@type":"EntryPoint","urlTemplate":"https:\/\/samaresart.com\/en\/?s={search_term_string}"},"query-input":{"@type":"PropertyValueSpecification","valueRequired":true,"valueName":"search_term_string"}}],"inLanguage":"fr-CA"},{"@type":["Person","Organization"],"@id":"https:\/\/samaresart.com\/en\/#\/schema\/person\/78d4047d4762e7f8336d084fefb1417c","name":"Sarah Samares","image":{"@type":"ImageObject","inLanguage":"fr-CA","@id":"https:\/\/samaresart.com\/wp-content\/uploads\/2025\/02\/SarahSamares-18.png","url":"https:\/\/samaresart.com\/wp-content\/uploads\/2025\/02\/SarahSamares-18.png","contentUrl":"https:\/\/samaresart.com\/wp-content\/uploads\/2025\/02\/SarahSamares-18.png","width":1039,"height":327,"caption":"Sarah Samares"},"logo":{"@id":"https:\/\/samaresart.com\/wp-content\/uploads\/2025\/02\/SarahSamares-18.png"},"sameAs":["https:\/\/samaresart.com"]}]}},"_links":{"self":[{"href":"https:\/\/samaresart.com\/fr\/wp-json\/wp\/v2\/product\/2998","targetHints":{"allow":["GET"]}}],"collection":[{"href":"https:\/\/samaresart.com\/fr\/wp-json\/wp\/v2\/product"}],"about":[{"href":"https:\/\/samaresart.com\/fr\/wp-json\/wp\/v2\/types\/product"}],"wp:featuredmedia":[{"embeddable":true,"href":"https:\/\/samaresart.com\/fr\/wp-json\/wp\/v2\/media\/3000"}],"wp:attachment":[{"href":"https:\/\/samaresart.com\/fr\/wp-json\/wp\/v2\/media?parent=2998"}],"wp:term":[{"taxonomy":"product_brand","embeddable":true,"href":"https:\/\/samaresart.com\/fr\/wp-json\/wp\/v2\/product_brand?post=2998"},{"taxonomy":"product_cat","embeddable":true,"href":"https:\/\/samaresart.com\/fr\/wp-json\/wp\/v2\/product_cat?post=2998"},{"taxonomy":"product_tag","embeddable":true,"href":"https:\/\/samaresart.com\/fr\/wp-json\/wp\/v2\/product_tag?post=2998"}],"curies":[{"name":"wp","href":"https:\/\/api.w.org\/{rel}","templated":true}]}}