{"id":2645,"date":"2025-07-10T17:36:21","date_gmt":"2025-07-10T17:36:21","guid":{"rendered":"https:\/\/samaresart.com\/?post_type=product&#038;p=2645"},"modified":"2026-04-01T22:22:19","modified_gmt":"2026-04-01T22:22:19","slug":"chicory","status":"publish","type":"product","link":"https:\/\/samaresart.com\/fr\/produit\/chicory\/","title":{"rendered":"Chicory"},"content":{"rendered":"<p><em>Multiblock Print<\/em><\/p>\n<section class=\"ProductItem-additional\">\n<div id=\"item-62b066b1e3b7012db5f05fed\" class=\"sqs-layout sqs-grid-12 columns-12\" data-layout-label=\"Post Body\" data-type=\"item\" data-updated-on=\"1657808101927\">\n<div class=\"row sqs-row\">\n<div class=\"col sqs-col-12 span-12\">\n<div id=\"block-881f22cb9176a1c2cd14\" class=\"sqs-block html-block sqs-block-html\" data-block-type=\"2\" data-border-radii=\"{&quot;topLeft&quot;:{&quot;unit&quot;:&quot;px&quot;,&quot;value&quot;:0.0},&quot;topRight&quot;:{&quot;unit&quot;:&quot;px&quot;,&quot;value&quot;:0.0},&quot;bottomLeft&quot;:{&quot;unit&quot;:&quot;px&quot;,&quot;value&quot;:0.0},&quot;bottomRight&quot;:{&quot;unit&quot;:&quot;px&quot;,&quot;value&quot;:0.0}}\">\n<div class=\"sqs-block-content\">\n<div class=\"sqs-html-content\">\n<p class=\"whitespace-normal break-words\">Le long des routes oubli\u00e9es et dans les terrains vagues, la chicor\u00e9e d\u00e9ploie ses p\u00e9tales bleu ciel comme de minuscules morceaux de paradis tomb\u00e9s du ciel. Cette humble \u00ab mauvaise herbe \u00bb rec\u00e8le des si\u00e8cles d'histoires humaines : l'histoire de cette plante remonte \u00e0 l'\u00c9gypte antique, et les Louisianais ont commenc\u00e9 \u00e0 ajouter de la racine de chicor\u00e9e \u00e0 leur caf\u00e9 lorsque les blocus navals de l'Union pendant la guerre civile am\u00e9ricaine ont coup\u00e9 le port de La Nouvelle-Orl\u00e9ans, cr\u00e9ant ainsi une tradition de longue date.<\/p>\n<p class=\"whitespace-normal break-words\">Ce qui semble ordinaire se r\u00e9v\u00e8le extraordinaire : bien que comestibles crues, les feuilles de chicor\u00e9e sauvage ont g\u00e9n\u00e9ralement un go\u00fbt amer, en particulier les feuilles les plus \u00e2g\u00e9es, mais elles se transforment en l\u00e9gumes verts nourrissants lorsqu'elles sont cuites. La racine torr\u00e9fi\u00e9e devient un substitut de caf\u00e9 riche et terreux qui a permis aux communaut\u00e9s de survivre pendant les p\u00e9riodes de guerre et de difficult\u00e9s \u00e9conomiques. Le folklore europ\u00e9en murmure une magie plus profonde : tout comme la springwort et la moonwort, elle pourrait ouvrir des portes verrouill\u00e9es, et on croyait \u00e9galement que la chicor\u00e9e rendait invisible celui qui la poss\u00e9dait.<\/p>\n<p class=\"\">Toutes mes \u0153uvres sont faites \u00e0 la main et originales, avec un m\u00e9lange de linogravures en \u00e9dition limit\u00e9e et en \u00e9dition ouverte. Les gravures sont con\u00e7ues, r\u00e9alis\u00e9es, press\u00e9es et tir\u00e9es dans mon atelier situ\u00e9 dans les Laurentides, au Canada.<\/p>\n<p class=\"\">Remarque: en raison de leur nature artisanale, il peut y avoir de l\u00e9g\u00e8res variations par rapport \u00e0 l'image, qu'il s'agisse de la couleur, de l'uniformit\u00e9 de l'encre ou d'autres petites diff\u00e9rences.<\/p>\n<\/div>\n<\/div>\n<\/div>\n<\/div>\n<\/div>\n<\/div>\n<\/section>","protected":false},"excerpt":{"rendered":"<div id=\"yui_3_17_2_1_1740346408618_121\" class=\"ProductItem-details-excerpt ProductItem-details-excerpt-below-price\" data-content-field=\"excerpt\">\n<p><em>Linogravure imprim\u00e9e \u00e0 la main sur papier artisanal Lokta<\/em><\/p>\n<p><em>Dimensions: 8.5 x 11 inch (22 x 28cm)<\/em><\/p>\n<p>Cette gravure c\u00e9l\u00e8bre la r\u00e9silience discr\u00e8te de la chicor\u00e9e. Une plante qui pousse l\u00e0 o\u00f9 d'autres ne peuvent pas, offrant nourriture et beaut\u00e9 \u00e0 ceux qui savent la regarder. Chaque fleur bleu azur nous rappelle que la nourriture et l'\u00e9merveillement poussent souvent dans les endroits les plus inattendus.<\/p>\n<p>Chaque impression est dessin\u00e9e, grav\u00e9e et imprim\u00e9e \u00e0 la main par moi-m\u00eame dans mon petit atelier dans les Laurentides. En raison de leur fabrication artisanale, de l\u00e9g\u00e8res variations de couleur et d\u2019impression peuvent appara\u00eetre. Ce sont pr\u00e9cis\u00e9ment ces petites diff\u00e9rences qui rendent les \u0153uvres imprim\u00e9es \u00e0 la main si sp\u00e9ciales et si belles.<\/p>\n<p>J\u2019imprime sur du papier Lokta artisanal, et chaque feuille a son caract\u00e8re unique. Cela rend chaque pi\u00e8ce v\u00e9ritablement unique.<\/p>\n<p>Le cadre et les accessoires ne sont pas inclus.<\/p>\n<p>&nbsp;<\/p>\n<\/div>","protected":false},"featured_media":3392,"template":"","meta":[],"product_brand":[],"product_cat":[18],"product_tag":[68],"class_list":{"0":"post-2645","1":"product","2":"type-product","3":"status-publish","4":"has-post-thumbnail","6":"product_cat-printworks","7":"product_tag-puzzleprint","9":"first","10":"instock","11":"shipping-taxable","12":"product-type-simple"},"yoast_head":"<!-- This site is optimized with the Yoast SEO plugin v27.4 - https:\/\/yoast.com\/product\/yoast-seo-wordpress\/ -->\n<title>Botanical Blockprint Chicory<\/title>\n<meta name=\"description\" content=\"This print celebrates chicory&#039;s quiet resilience. A plant that thrives where others cannot, offering sustenance and beauty to those who know how to look.\" \/>\n<meta name=\"robots\" content=\"index, follow, max-snippet:-1, max-image-preview:large, max-video-preview:-1\" \/>\n<link rel=\"canonical\" href=\"https:\/\/samaresart.com\/fr\/produit\/chicory\/\" \/>\n<meta property=\"og:locale\" content=\"fr_CA\" \/>\n<meta property=\"og:type\" content=\"article\" \/>\n<meta property=\"og:title\" content=\"Botanical Blockprint Chicory\" \/>\n<meta property=\"og:description\" content=\"This print celebrates chicory&#039;s quiet resilience. A plant that thrives where others cannot, offering sustenance and beauty to those who know how to look.\" \/>\n<meta property=\"og:url\" content=\"https:\/\/samaresart.com\/fr\/produit\/chicory\/\" \/>\n<meta property=\"article:modified_time\" content=\"2026-04-01T22:22:19+00:00\" \/>\n<meta property=\"og:image\" content=\"https:\/\/samaresart.com\/wp-content\/uploads\/2025\/07\/Chicory.jpg\" \/>\n\t<meta property=\"og:image:width\" content=\"1\" \/>\n\t<meta property=\"og:image:height\" content=\"1\" \/>\n\t<meta property=\"og:image:type\" content=\"image\/jpeg\" \/>\n<meta name=\"twitter:card\" content=\"summary_large_image\" \/>\n<meta name=\"twitter:label1\" content=\"Estimation du temps de lecture\" \/>\n\t<meta name=\"twitter:data1\" content=\"2 minutes\" \/>\n<script type=\"application\/ld+json\" class=\"yoast-schema-graph\">{\"@context\":\"https:\\\/\\\/schema.org\",\"@graph\":[{\"@type\":\"WebPage\",\"@id\":\"https:\\\/\\\/samaresart.com\\\/en\\\/product\\\/chicory\\\/\",\"url\":\"https:\\\/\\\/samaresart.com\\\/en\\\/product\\\/chicory\\\/\",\"name\":\"Botanical Blockprint Chicory\",\"isPartOf\":{\"@id\":\"https:\\\/\\\/samaresart.com\\\/en\\\/#website\"},\"primaryImageOfPage\":{\"@id\":\"https:\\\/\\\/samaresart.com\\\/en\\\/product\\\/chicory\\\/#primaryimage\"},\"image\":{\"@id\":\"https:\\\/\\\/samaresart.com\\\/en\\\/product\\\/chicory\\\/#primaryimage\"},\"thumbnailUrl\":\"https:\\\/\\\/samaresart.com\\\/wp-content\\\/uploads\\\/2025\\\/07\\\/Chicory.jpg\",\"datePublished\":\"2025-07-10T17:36:21+00:00\",\"dateModified\":\"2026-04-01T22:22:19+00:00\",\"description\":\"This print celebrates chicory's quiet resilience. A plant that thrives where others cannot, offering sustenance and beauty to those who know how to look.\",\"breadcrumb\":{\"@id\":\"https:\\\/\\\/samaresart.com\\\/en\\\/product\\\/chicory\\\/#breadcrumb\"},\"inLanguage\":\"fr-CA\",\"potentialAction\":[{\"@type\":\"ReadAction\",\"target\":[\"https:\\\/\\\/samaresart.com\\\/en\\\/product\\\/chicory\\\/\"]}]},{\"@type\":\"ImageObject\",\"inLanguage\":\"fr-CA\",\"@id\":\"https:\\\/\\\/samaresart.com\\\/en\\\/product\\\/chicory\\\/#primaryimage\",\"url\":\"https:\\\/\\\/samaresart.com\\\/wp-content\\\/uploads\\\/2025\\\/07\\\/Chicory.jpg\",\"contentUrl\":\"https:\\\/\\\/samaresart.com\\\/wp-content\\\/uploads\\\/2025\\\/07\\\/Chicory.jpg\",\"caption\":\"Botanical Blockprint Chicory\"},{\"@type\":\"BreadcrumbList\",\"@id\":\"https:\\\/\\\/samaresart.com\\\/en\\\/product\\\/chicory\\\/#breadcrumb\",\"itemListElement\":[{\"@type\":\"ListItem\",\"position\":1,\"name\":\"Printworks\",\"item\":\"https:\\\/\\\/samaresart.com\\\/\"},{\"@type\":\"ListItem\",\"position\":2,\"name\":\"Shop\",\"item\":\"https:\\\/\\\/samaresart.com\\\/shop\\\/\"},{\"@type\":\"ListItem\",\"position\":3,\"name\":\"Chicory\"}]},{\"@type\":\"WebSite\",\"@id\":\"https:\\\/\\\/samaresart.com\\\/en\\\/#website\",\"url\":\"https:\\\/\\\/samaresart.com\\\/en\\\/\",\"name\":\"samaresart.com\",\"description\":\"Botanical prints and paintings\",\"publisher\":{\"@id\":\"https:\\\/\\\/samaresart.com\\\/en\\\/#\\\/schema\\\/person\\\/78d4047d4762e7f8336d084fefb1417c\"},\"potentialAction\":[{\"@type\":\"SearchAction\",\"target\":{\"@type\":\"EntryPoint\",\"urlTemplate\":\"https:\\\/\\\/samaresart.com\\\/en\\\/?s={search_term_string}\"},\"query-input\":{\"@type\":\"PropertyValueSpecification\",\"valueRequired\":true,\"valueName\":\"search_term_string\"}}],\"inLanguage\":\"fr-CA\"},{\"@type\":[\"Person\",\"Organization\"],\"@id\":\"https:\\\/\\\/samaresart.com\\\/en\\\/#\\\/schema\\\/person\\\/78d4047d4762e7f8336d084fefb1417c\",\"name\":\"Sarah Samares\",\"image\":{\"@type\":\"ImageObject\",\"inLanguage\":\"fr-CA\",\"@id\":\"https:\\\/\\\/samaresart.com\\\/wp-content\\\/uploads\\\/2025\\\/02\\\/SarahSamares-18.png\",\"url\":\"https:\\\/\\\/samaresart.com\\\/wp-content\\\/uploads\\\/2025\\\/02\\\/SarahSamares-18.png\",\"contentUrl\":\"https:\\\/\\\/samaresart.com\\\/wp-content\\\/uploads\\\/2025\\\/02\\\/SarahSamares-18.png\",\"width\":1039,\"height\":327,\"caption\":\"Sarah Samares\"},\"logo\":{\"@id\":\"https:\\\/\\\/samaresart.com\\\/wp-content\\\/uploads\\\/2025\\\/02\\\/SarahSamares-18.png\"},\"sameAs\":[\"https:\\\/\\\/samaresart.com\"]}]}<\/script>\n<!-- \/ Yoast SEO plugin. -->","yoast_head_json":{"title":"Botanical Blockprint Chicory","description":"This print celebrates chicory's quiet resilience. A plant that thrives where others cannot, offering sustenance and beauty to those who know how to look.","robots":{"index":"index","follow":"follow","max-snippet":"max-snippet:-1","max-image-preview":"max-image-preview:large","max-video-preview":"max-video-preview:-1"},"canonical":"https:\/\/samaresart.com\/fr\/produit\/chicory\/","og_locale":"fr_CA","og_type":"article","og_title":"Botanical Blockprint Chicory","og_description":"This print celebrates chicory's quiet resilience. A plant that thrives where others cannot, offering sustenance and beauty to those who know how to look.","og_url":"https:\/\/samaresart.com\/fr\/produit\/chicory\/","article_modified_time":"2026-04-01T22:22:19+00:00","og_image":[{"url":"https:\/\/samaresart.com\/wp-content\/uploads\/2025\/07\/Chicory.jpg","width":1,"height":1,"type":"image\/jpeg"}],"twitter_card":"summary_large_image","twitter_misc":{"Estimation du temps de lecture":"2 minutes"},"schema":{"@context":"https:\/\/schema.org","@graph":[{"@type":"WebPage","@id":"https:\/\/samaresart.com\/en\/product\/chicory\/","url":"https:\/\/samaresart.com\/en\/product\/chicory\/","name":"Botanical Blockprint Chicory","isPartOf":{"@id":"https:\/\/samaresart.com\/en\/#website"},"primaryImageOfPage":{"@id":"https:\/\/samaresart.com\/en\/product\/chicory\/#primaryimage"},"image":{"@id":"https:\/\/samaresart.com\/en\/product\/chicory\/#primaryimage"},"thumbnailUrl":"https:\/\/samaresart.com\/wp-content\/uploads\/2025\/07\/Chicory.jpg","datePublished":"2025-07-10T17:36:21+00:00","dateModified":"2026-04-01T22:22:19+00:00","description":"This print celebrates chicory's quiet resilience. A plant that thrives where others cannot, offering sustenance and beauty to those who know how to look.","breadcrumb":{"@id":"https:\/\/samaresart.com\/en\/product\/chicory\/#breadcrumb"},"inLanguage":"fr-CA","potentialAction":[{"@type":"ReadAction","target":["https:\/\/samaresart.com\/en\/product\/chicory\/"]}]},{"@type":"ImageObject","inLanguage":"fr-CA","@id":"https:\/\/samaresart.com\/en\/product\/chicory\/#primaryimage","url":"https:\/\/samaresart.com\/wp-content\/uploads\/2025\/07\/Chicory.jpg","contentUrl":"https:\/\/samaresart.com\/wp-content\/uploads\/2025\/07\/Chicory.jpg","caption":"Botanical Blockprint Chicory"},{"@type":"BreadcrumbList","@id":"https:\/\/samaresart.com\/en\/product\/chicory\/#breadcrumb","itemListElement":[{"@type":"ListItem","position":1,"name":"Printworks","item":"https:\/\/samaresart.com\/"},{"@type":"ListItem","position":2,"name":"Shop","item":"https:\/\/samaresart.com\/shop\/"},{"@type":"ListItem","position":3,"name":"Chicory"}]},{"@type":"WebSite","@id":"https:\/\/samaresart.com\/en\/#website","url":"https:\/\/samaresart.com\/en\/","name":"samaresart.com","description":"Botanical prints and paintings","publisher":{"@id":"https:\/\/samaresart.com\/en\/#\/schema\/person\/78d4047d4762e7f8336d084fefb1417c"},"potentialAction":[{"@type":"SearchAction","target":{"@type":"EntryPoint","urlTemplate":"https:\/\/samaresart.com\/en\/?s={search_term_string}"},"query-input":{"@type":"PropertyValueSpecification","valueRequired":true,"valueName":"search_term_string"}}],"inLanguage":"fr-CA"},{"@type":["Person","Organization"],"@id":"https:\/\/samaresart.com\/en\/#\/schema\/person\/78d4047d4762e7f8336d084fefb1417c","name":"Sarah Samares","image":{"@type":"ImageObject","inLanguage":"fr-CA","@id":"https:\/\/samaresart.com\/wp-content\/uploads\/2025\/02\/SarahSamares-18.png","url":"https:\/\/samaresart.com\/wp-content\/uploads\/2025\/02\/SarahSamares-18.png","contentUrl":"https:\/\/samaresart.com\/wp-content\/uploads\/2025\/02\/SarahSamares-18.png","width":1039,"height":327,"caption":"Sarah Samares"},"logo":{"@id":"https:\/\/samaresart.com\/wp-content\/uploads\/2025\/02\/SarahSamares-18.png"},"sameAs":["https:\/\/samaresart.com"]}]}},"_links":{"self":[{"href":"https:\/\/samaresart.com\/fr\/wp-json\/wp\/v2\/product\/2645","targetHints":{"allow":["GET"]}}],"collection":[{"href":"https:\/\/samaresart.com\/fr\/wp-json\/wp\/v2\/product"}],"about":[{"href":"https:\/\/samaresart.com\/fr\/wp-json\/wp\/v2\/types\/product"}],"wp:featuredmedia":[{"embeddable":true,"href":"https:\/\/samaresart.com\/fr\/wp-json\/wp\/v2\/media\/3392"}],"wp:attachment":[{"href":"https:\/\/samaresart.com\/fr\/wp-json\/wp\/v2\/media?parent=2645"}],"wp:term":[{"taxonomy":"product_brand","embeddable":true,"href":"https:\/\/samaresart.com\/fr\/wp-json\/wp\/v2\/product_brand?post=2645"},{"taxonomy":"product_cat","embeddable":true,"href":"https:\/\/samaresart.com\/fr\/wp-json\/wp\/v2\/product_cat?post=2645"},{"taxonomy":"product_tag","embeddable":true,"href":"https:\/\/samaresart.com\/fr\/wp-json\/wp\/v2\/product_tag?post=2645"}],"curies":[{"name":"wp","href":"https:\/\/api.w.org\/{rel}","templated":true}]}}