{"id":3,"date":"2025-02-11T17:25:44","date_gmt":"2025-02-11T17:25:44","guid":{"rendered":"https:\/\/samaresart.com\/?page_id=3"},"modified":"2025-09-17T00:16:47","modified_gmt":"2025-09-17T00:16:47","slug":"privacy-policy","status":"publish","type":"page","link":"https:\/\/samaresart.com\/fr\/privacy-policy\/","title":{"rendered":"Politique de confidentialit\u00e9"},"content":{"rendered":"<h2 class=\"wp-block-heading has-cormorant-sc-font-family\">Politique de confidentialit\u00e9<\/h2>\n\n\n\n<p>Sarah Samares  (l'\u00ab Entreprise \u00bb) s'engage \u00e0 prot\u00e9ger la vie priv\u00e9e de ses utilisateurs. La pr\u00e9sente politique de confidentialit\u00e9 (\u00ab Politique de confidentialit\u00e9 \u00bb) a pour but de vous aider \u00e0 comprendre quelles informations nous recueillons, comment nous les utilisons, ce que nous faisons pour les prot\u00e9ger, et de vous aider \u00e0 prendre des d\u00e9cisions \u00e9clair\u00e9es lorsque vous utilisez notre Service.  Sauf indication contraire ci-dessous, la pr\u00e9sente Politique de confidentialit\u00e9 s'applique \u00e0 tout site web qui fait r\u00e9f\u00e9rence \u00e0 la pr\u00e9sente Politique de confidentialit\u00e9.<\/p>\n\n\n\n<p>F\u00fcr die Zwecke dieser Vereinbarung bezieht sich \u201eDienst\u201c auf den Dienst des Unternehmens, auf den \u00fcber unsere Website zugegriffen werden kann, die von wordpress.com gehostet wird. Die Begriffe \u201ewir\u201c, \u201euns\u201c und \u201eunser\u201c beziehen sich auf das Unternehmen. \u201eSie\u201c bezieht sich auf Sie als Nutzer des Dienstes.<\/p>\n\n\n\n<p>1. QUAND NOUS RECUEILLONS DES INFORMATIONS ET CONSENTEMENT<br>1.1 By accessing our Service, you accept our Privacy Policy and Terms of Use, and you consent to our collection, storage, use and disclosure of your personal information as described in this Privacy Policy. In addition, by using our Service, or services across partnered and unaffiliated sites, you are accepting the policies and practices described in this Privacy Policy. Each time you visit our website, or use the Service, and any time you voluntarily provide us with information, you agree that you are consenting to our collection, use and disclosure of the information that you provide, and you are consenting to receive emails or otherwise be contacted, as described in this Privacy Policy. Whether or not you register or create any kind of account with us, this Privacy Policy applies to all users of the website and the Service.<\/p>\n\n\n\n<p>2. INFORMATIONS QUE NOUS RECUEILLONS<br>2.1 Nous pouvons collecter \u00e0 la fois des \u00ab informations non personnelles \u00bb et des \u00ab informations personnelles \u00bb vous concernant. Les \u00ab informations non personnelles \u00bb comprennent les informations qui ne peuvent pas \u00eatre utilis\u00e9es pour vous identifier personnellement, telles que les donn\u00e9es d'utilisation anonymes, les informations d\u00e9mographiques g\u00e9n\u00e9rales que nous pouvons collecter, les pages de renvoi\/sortie et les URL, les types de plateformes, les pr\u00e9f\u00e9rences que vous soumettez et les pr\u00e9f\u00e9rences g\u00e9n\u00e9r\u00e9es \u00e0 partir des donn\u00e9es que vous soumettez et du nombre de clics. Les \u00ab informations personnelles \u00bb comprennent les informations qui peuvent \u00eatre utilis\u00e9es pour vous identifier personnellement, telles que votre nom, votre adresse et votre adresse e-mail.<br><br>2.2 En outre, nous pouvons \u00e9galement suivre les informations qui nous sont fournies par votre navigateur lorsque vous consultez ou utilisez le Service, telles que le site web d'o\u00f9 vous venez (appel\u00e9 \u00ab URL de r\u00e9f\u00e9rence \u00bb), le type de navigateur que vous utilisez, l'appareil \u00e0 partir duquel vous vous \u00eates connect\u00e9 au Service, l'heure et la date d'acc\u00e8s, ainsi que d'autres informations qui ne permettent pas de vous identifier personnellement.  Nous utilisons ces informations, entre autres, pour le fonctionnement du Service, pour maintenir la qualit\u00e9 du Service, pour fournir des statistiques g\u00e9n\u00e9rales concernant l'utilisation du Service et \u00e0 d'autres fins commerciales. Nous suivons ces informations \u00e0 l'aide de cookies, ou de petits fichiers texte qui contiennent un identifiant unique anonyme. Les cookies sont envoy\u00e9s au navigateur de l'utilisateur \u00e0 partir de nos serveurs et sont stock\u00e9s sur le disque dur de l'ordinateur de l'utilisateur. L'envoi d'un cookie au navigateur d'un utilisateur nous permet de collecter des informations non personnelles sur cet utilisateur et de conserver une trace de ses pr\u00e9f\u00e9rences lorsqu'il utilise nos services, \u00e0 la fois sur une base individuelle et agr\u00e9g\u00e9e. L'entreprise peut utiliser \u00e0 la fois des cookies persistants et des cookies de session ; les cookies persistants restent sur votre ordinateur apr\u00e8s la fermeture de votre session et jusqu'\u00e0 ce que vous les supprimiez, tandis que les cookies de session expirent lorsque vous fermez votre navigateur. Les cookies persistants peuvent \u00eatre supprim\u00e9s en suivant les instructions du fichier d'aide de votre navigateur Internet. Si vous choisissez de d\u00e9sactiver les cookies, certaines parties du Service peuvent ne pas fonctionner correctement.<\/p>\n\n\n\n<p>3. COMMENT NOUS UTILISONS ET PARTAGEONS LES INFORMATIONS<br>3.1 Informations personnelles \u2013 Nous ne vendons, n'\u00e9changeons, ne louons ni ne partageons vos informations personnelles avec des tiers sans votre consentement, \u00e0 l'exception des cas suivants : nous pouvons partager vos informations personnelles avec des fournisseurs et autres prestataires tiers qui fournissent des services \u00e0 l'entreprise. En g\u00e9n\u00e9ral, les fournisseurs et prestataires tiers auxquels nous faisons appel ne collectent, n'utilisent et ne divulguent vos informations que dans la mesure n\u00e9cessaire pour leur permettre de fournir les services qu'ils fournissent \u00e0 l'entreprise.  Par exemple, lorsque vous nous fournissez des informations personnelles pour effectuer une transaction, v\u00e9rifier votre carte de cr\u00e9dit, passer une commande, organiser une livraison ou retourner un achat, vous consentez \u00e0 ce que nous collections et utilisions ces informations personnelles \u00e0 cette fin sp\u00e9cifique, y compris en transmettant ces informations \u00e0 nos fournisseurs (et \u00e0 leurs prestataires de services) qui fournissent ces services \u00e0 l'entreprise.  En clair : si vous achetez une \u0153uvre d'art, Paypal recevra des informations personnelles et notre transporteur recevra des informations personnelles vous concernant, car celles-ci sont n\u00e9cessaires pour effectuer la transaction.<br><br>3.2 Certains prestataires de services tiers, tels que les prestataires de services de paiement, ont leurs propres politiques de confidentialit\u00e9 concernant les informations que nous sommes tenus de leur fournir afin d'utiliser leurs services.  Pour ces prestataires de services tiers, nous vous recommandons de lire leurs politiques de confidentialit\u00e9 afin de comprendre la mani\u00e8re dont vos informations personnelles seront trait\u00e9es par ces prestataires.<br><br>3.3 En outre, nous pouvons divulguer vos informations personnelles si la loi l'exige ou si vous enfreignez nos conditions d'utilisation.<\/p>\n\n\n\n<p>3.4 Informations non personnelles \u2013 En g\u00e9n\u00e9ral, nous utilisons les informations non personnelles pour nous aider \u00e0 am\u00e9liorer le Service et \u00e0 personnaliser l'exp\u00e9rience utilisateur. Nous regroupons \u00e9galement les informations non personnelles afin de suivre les tendances et d'analyser les modes d'utilisation du Service. La pr\u00e9sente Politique de confidentialit\u00e9 ne limite en aucune fa\u00e7on notre utilisation ou notre divulgation des informations non personnelles et nous nous r\u00e9servons le droit d'utiliser et de divulguer ces informations non personnelles \u00e0 nos partenaires, annonceurs et autres tiers, \u00e0 notre seule discr\u00e9tion.<br><br>4. COMMENT NOUS PROT\u00c9GEONS LES INFORMATIONS<br>4.1 Nous mettons en \u0153uvre des pr\u00e9cautions raisonnables et suivons les meilleures pratiques du secteur afin de prot\u00e9ger vos informations personnelles et de garantir qu'elles ne soient pas consult\u00e9es, divulgu\u00e9es, modifi\u00e9es ou d\u00e9truites.  Toutefois, ces mesures ne garantissent pas que vos informations ne seront pas consult\u00e9es, divulgu\u00e9es, modifi\u00e9es ou d\u00e9truites en cas de violation de ces pr\u00e9cautions. En utilisant notre service, vous reconnaissez que vous comprenez et acceptez d'assumer ces risques.<\/p>\n\n\n\n<p>5. VOS DROITS CONCERNANT L'UTILISATION DE VOS INFORMATIONS PERSONNELLES<br>5.1 Vous avez le droit, \u00e0 tout moment, de nous emp\u00eacher de vous contacter \u00e0 des fins marketing. Lorsque nous vous envoyons une communication promotionnelle, vous pouvez vous d\u00e9sabonner des communications promotionnelles ult\u00e9rieures en suivant les instructions de d\u00e9sabonnement fournies dans chaque e-mail promotionnel. Veuillez noter que m\u00eame apr\u00e8s vous \u00eatre d\u00e9sabonn\u00e9 de toute communication promotionnelle, nous pouvons continuer \u00e0 vous envoyer des e-mails administratifs, y compris, par exemple, la confirmation de facture d'un achat d'\u0153uvre d'art ou toute autre communication n\u00e9cessaire \u00e0 une transaction.<\/p>\n\n\n\n<p>6. WooCommerce<br>6.1 Notre Service est h\u00e9berg\u00e9 par WooCommerce. WooCommerce nous fournit la plateforme de commerce \u00e9lectronique en ligne qui nous permet de vous fournir le Service.  Vos informations, y compris vos Informations personnelles, peuvent \u00eatre stock\u00e9es sur les serveurs de WooCommerce.  En utilisant le Service, vous consentez \u00e0 la collecte, la divulgation, le stockage et l'utilisation de vos Informations personnelles par WooCommerce conform\u00e9ment \u00e0 leur politique de confidentialit\u00e9 disponible \u00e0 l'adresse <a href=\"https:\/\/automattic.com\/privacy\/\">https:\/\/automattic.com\/privacy\/<\/a>. &nbsp;<\/p>\n\n\n\n<p>7. LIENS VERS D'AUTRES SITES WEB<br>7.1 Dans le cadre du Service, nous pouvons fournir des liens vers d'autres sites Web ou applications, ou assurer la compatibilit\u00e9 avec ceux-ci. Cependant, nous ne sommes pas responsables des pratiques de confidentialit\u00e9 employ\u00e9es par ces sites Web ni des informations ou du contenu qu'ils contiennent. La pr\u00e9sente Politique de confidentialit\u00e9 s'applique uniquement aux informations que nous recueillons par le biais du Service. Par cons\u00e9quent, la pr\u00e9sente Politique de confidentialit\u00e9 ne s'applique pas \u00e0 votre utilisation d'un site Web tiers auquel vous acc\u00e9dez en s\u00e9lectionnant un lien via notre Service. Dans la mesure o\u00f9 vous acc\u00e9dez au Service ou l'utilisez via ou sur un autre site Web ou une autre application, la politique de confidentialit\u00e9 de cet autre site Web ou de cette autre application s'appliquera \u00e0 votre acc\u00e8s ou \u00e0 votre utilisation de ce site ou de cette application. Nous encourageons nos utilisateurs \u00e0 lire les d\u00e9clarations de confidentialit\u00e9 des autres sites Web avant de les utiliser.<\/p>\n\n\n\n<p>8. \u00c2GE DU CONSENTEMENT<br>8.1 En utilisant le Service, vous d\u00e9clarez \u00eatre \u00e2g\u00e9 d'au moins 18 ans.<\/p>\n\n\n\n<p>9. MODIFICATIONS DE NOTRE POLITIQUE DE CONFIDENTIALIT\u00c9<br>9.1 Nous nous r\u00e9servons le droit de modifier \u00e0 tout moment la pr\u00e9sente politique de confidentialit\u00e9 et nos conditions d'utilisation. Si nous d\u00e9cidons de modifier la pr\u00e9sente politique de confidentialit\u00e9, nous publierons ces modifications sur cette page afin que vous soyez toujours au courant des informations que nous collectons, de la mani\u00e8re dont nous les utilisons et des circonstances dans lesquelles nous les divulguons. Toute modification de ce type prendra effet d\u00e8s que vous continuerez \u00e0 acc\u00e9der et\/ou \u00e0 utiliser le Service cinq (5) jours apr\u00e8s la premi\u00e8re publication des modifications sur le site web ou apr\u00e8s que nous vous aurons inform\u00e9 de ces modifications. Il est de votre seule responsabilit\u00e9 de consulter r\u00e9guli\u00e8rement ce site web afin de prendre connaissance de toute modification apport\u00e9e aux conditions de la pr\u00e9sente politique de confidentialit\u00e9. Si vous n'acceptez pas les modifications apport\u00e9es \u00e0 la pr\u00e9sente politique de confidentialit\u00e9, vous devez cesser d'acc\u00e9der \u00e0 ce site web. Si vous nous avez fourni votre adresse e-mail, vous nous autorisez \u00e0 vous envoyer des e-mails \u00e0 des fins de notification, comme d\u00e9crit dans la pr\u00e9sente politique de confidentialit\u00e9.<\/p>\n\n\n\n<p>10. FUSION OU ACQUISITION<br>10.1 Si nous (ou WooCommerce) faisons l'objet d'une transaction commerciale telle qu'une fusion, une acquisition par une autre entreprise ou la vente de tout ou partie de nos actifs, vos informations personnelles peuvent faire partie des actifs transf\u00e9r\u00e9s. Vous reconnaissez et acceptez que de tels transferts puissent avoir lieu et soient autoris\u00e9s par la pr\u00e9sente politique de confidentialit\u00e9, et que tout acqu\u00e9reur de nos actifs (ou de ceux de WooCommerce) puisse continuer \u00e0 traiter vos informations personnelles conform\u00e9ment \u00e0 la pr\u00e9sente politique de confidentialit\u00e9. Si nos pratiques en mati\u00e8re d'informations venaient \u00e0 changer \u00e0 l'avenir, nous publierions les modifications apport\u00e9es \u00e0 la politique ici afin que vous puissiez vous d\u00e9sinscrire des nouvelles pratiques en mati\u00e8re d'informations.<\/p>\n\n\n\n<p>11. NOUS CONTACTER ET RETIRER SON CONSENTEMENT<br>11.1 Si vous avez des questions concernant la pr\u00e9sente politique de confidentialit\u00e9 ou les pratiques de ce site, ou si vous souhaitez retirer votre consentement \u00e0 la collecte, \u00e0 l'utilisation ou \u00e0 la divulgation continue de vos informations personnelles, veuillez nous contacter en envoyant un e-mail \u00e0 info@samaresart.com.<\/p>\n\n\n\n<p><em>Derni\u00e8re mise \u00e0 jour : La pr\u00e9sente politique de confidentialit\u00e9 a \u00e9t\u00e9 mise \u00e0 jour pour la derni\u00e8re fois le 23\/02\/25.<\/em><\/p>\n\n\n\n<p><\/p>","protected":false},"excerpt":{"rendered":"<p>Privacy Policy Sarah Samares&nbsp; (the \u201cBusiness\u201d) is committed to protecting the privacy of our users. This Privacy Policy (\u201cPrivacy Policy\u201d) is designed to help you understand what information we gather, how we use it, what we do to protect it, and to assist you in making informed decisions when using our Service. &nbsp;Unless otherwise indicated [&hellip;]<\/p>\n","protected":false},"author":1,"featured_media":0,"parent":0,"menu_order":0,"comment_status":"closed","ping_status":"open","template":"","meta":{"footnotes":""},"class_list":["post-3","page","type-page","status-publish","hentry"],"blocksy_meta":[],"yoast_head":"<!-- This site is optimized with the Yoast SEO plugin v27.4 - https:\/\/yoast.com\/product\/yoast-seo-wordpress\/ -->\n<title>Privacy Policy -<\/title>\n<meta name=\"robots\" content=\"index, follow, max-snippet:-1, max-image-preview:large, max-video-preview:-1\" \/>\n<link rel=\"canonical\" href=\"https:\/\/samaresart.com\/fr\/privacy-policy\/\" \/>\n<meta property=\"og:locale\" content=\"fr_CA\" \/>\n<meta property=\"og:type\" content=\"article\" \/>\n<meta property=\"og:title\" content=\"Privacy Policy -\" \/>\n<meta property=\"og:description\" content=\"Privacy Policy Sarah Samares&nbsp; (the \u201cBusiness\u201d) is committed to protecting the privacy of our users. This Privacy Policy (\u201cPrivacy Policy\u201d) is designed to help you understand what information we gather, how we use it, what we do to protect it, and to assist you in making informed decisions when using our Service. &nbsp;Unless otherwise indicated [&hellip;]\" \/>\n<meta property=\"og:url\" content=\"https:\/\/samaresart.com\/fr\/privacy-policy\/\" \/>\n<meta property=\"article:modified_time\" content=\"2025-09-17T00:16:47+00:00\" \/>\n<meta name=\"twitter:card\" content=\"summary_large_image\" \/>\n<meta name=\"twitter:label1\" content=\"Estimation du temps de lecture\" \/>\n\t<meta name=\"twitter:data1\" content=\"8 minutes\" \/>\n<script type=\"application\/ld+json\" class=\"yoast-schema-graph\">{\"@context\":\"https:\\\/\\\/schema.org\",\"@graph\":[{\"@type\":\"WebPage\",\"@id\":\"https:\\\/\\\/samaresart.com\\\/fr\\\/privacy-policy\\\/\",\"url\":\"https:\\\/\\\/samaresart.com\\\/fr\\\/privacy-policy\\\/\",\"name\":\"Privacy Policy -\",\"isPartOf\":{\"@id\":\"https:\\\/\\\/samaresart.com\\\/en\\\/#website\"},\"datePublished\":\"2025-02-11T17:25:44+00:00\",\"dateModified\":\"2025-09-17T00:16:47+00:00\",\"breadcrumb\":{\"@id\":\"https:\\\/\\\/samaresart.com\\\/fr\\\/privacy-policy\\\/#breadcrumb\"},\"inLanguage\":\"fr-CA\",\"potentialAction\":[{\"@type\":\"ReadAction\",\"target\":[\"https:\\\/\\\/samaresart.com\\\/fr\\\/privacy-policy\\\/\"]}]},{\"@type\":\"BreadcrumbList\",\"@id\":\"https:\\\/\\\/samaresart.com\\\/fr\\\/privacy-policy\\\/#breadcrumb\",\"itemListElement\":[{\"@type\":\"ListItem\",\"position\":1,\"name\":\"Printworks\",\"item\":\"https:\\\/\\\/samaresart.com\\\/\"},{\"@type\":\"ListItem\",\"position\":2,\"name\":\"Privacy Policy\"}]},{\"@type\":\"WebSite\",\"@id\":\"https:\\\/\\\/samaresart.com\\\/en\\\/#website\",\"url\":\"https:\\\/\\\/samaresart.com\\\/en\\\/\",\"name\":\"samaresart.com\",\"description\":\"Botanical prints and paintings\",\"publisher\":{\"@id\":\"https:\\\/\\\/samaresart.com\\\/en\\\/#\\\/schema\\\/person\\\/78d4047d4762e7f8336d084fefb1417c\"},\"potentialAction\":[{\"@type\":\"SearchAction\",\"target\":{\"@type\":\"EntryPoint\",\"urlTemplate\":\"https:\\\/\\\/samaresart.com\\\/en\\\/?s={search_term_string}\"},\"query-input\":{\"@type\":\"PropertyValueSpecification\",\"valueRequired\":true,\"valueName\":\"search_term_string\"}}],\"inLanguage\":\"fr-CA\"},{\"@type\":[\"Person\",\"Organization\"],\"@id\":\"https:\\\/\\\/samaresart.com\\\/en\\\/#\\\/schema\\\/person\\\/78d4047d4762e7f8336d084fefb1417c\",\"name\":\"Sarah Samares\",\"image\":{\"@type\":\"ImageObject\",\"inLanguage\":\"fr-CA\",\"@id\":\"https:\\\/\\\/samaresart.com\\\/wp-content\\\/uploads\\\/2025\\\/02\\\/SarahSamares-18.png\",\"url\":\"https:\\\/\\\/samaresart.com\\\/wp-content\\\/uploads\\\/2025\\\/02\\\/SarahSamares-18.png\",\"contentUrl\":\"https:\\\/\\\/samaresart.com\\\/wp-content\\\/uploads\\\/2025\\\/02\\\/SarahSamares-18.png\",\"width\":1039,\"height\":327,\"caption\":\"Sarah Samares\"},\"logo\":{\"@id\":\"https:\\\/\\\/samaresart.com\\\/wp-content\\\/uploads\\\/2025\\\/02\\\/SarahSamares-18.png\"},\"sameAs\":[\"https:\\\/\\\/samaresart.com\"]}]}<\/script>\n<!-- \/ Yoast SEO plugin. -->","yoast_head_json":{"title":"Privacy Policy -","robots":{"index":"index","follow":"follow","max-snippet":"max-snippet:-1","max-image-preview":"max-image-preview:large","max-video-preview":"max-video-preview:-1"},"canonical":"https:\/\/samaresart.com\/fr\/privacy-policy\/","og_locale":"fr_CA","og_type":"article","og_title":"Privacy Policy -","og_description":"Privacy Policy Sarah Samares&nbsp; (the \u201cBusiness\u201d) is committed to protecting the privacy of our users. This Privacy Policy (\u201cPrivacy Policy\u201d) is designed to help you understand what information we gather, how we use it, what we do to protect it, and to assist you in making informed decisions when using our Service. &nbsp;Unless otherwise indicated [&hellip;]","og_url":"https:\/\/samaresart.com\/fr\/privacy-policy\/","article_modified_time":"2025-09-17T00:16:47+00:00","twitter_card":"summary_large_image","twitter_misc":{"Estimation du temps de lecture":"8 minutes"},"schema":{"@context":"https:\/\/schema.org","@graph":[{"@type":"WebPage","@id":"https:\/\/samaresart.com\/fr\/privacy-policy\/","url":"https:\/\/samaresart.com\/fr\/privacy-policy\/","name":"Privacy Policy -","isPartOf":{"@id":"https:\/\/samaresart.com\/en\/#website"},"datePublished":"2025-02-11T17:25:44+00:00","dateModified":"2025-09-17T00:16:47+00:00","breadcrumb":{"@id":"https:\/\/samaresart.com\/fr\/privacy-policy\/#breadcrumb"},"inLanguage":"fr-CA","potentialAction":[{"@type":"ReadAction","target":["https:\/\/samaresart.com\/fr\/privacy-policy\/"]}]},{"@type":"BreadcrumbList","@id":"https:\/\/samaresart.com\/fr\/privacy-policy\/#breadcrumb","itemListElement":[{"@type":"ListItem","position":1,"name":"Printworks","item":"https:\/\/samaresart.com\/"},{"@type":"ListItem","position":2,"name":"Privacy Policy"}]},{"@type":"WebSite","@id":"https:\/\/samaresart.com\/en\/#website","url":"https:\/\/samaresart.com\/en\/","name":"samaresart.com","description":"Botanical prints and paintings","publisher":{"@id":"https:\/\/samaresart.com\/en\/#\/schema\/person\/78d4047d4762e7f8336d084fefb1417c"},"potentialAction":[{"@type":"SearchAction","target":{"@type":"EntryPoint","urlTemplate":"https:\/\/samaresart.com\/en\/?s={search_term_string}"},"query-input":{"@type":"PropertyValueSpecification","valueRequired":true,"valueName":"search_term_string"}}],"inLanguage":"fr-CA"},{"@type":["Person","Organization"],"@id":"https:\/\/samaresart.com\/en\/#\/schema\/person\/78d4047d4762e7f8336d084fefb1417c","name":"Sarah Samares","image":{"@type":"ImageObject","inLanguage":"fr-CA","@id":"https:\/\/samaresart.com\/wp-content\/uploads\/2025\/02\/SarahSamares-18.png","url":"https:\/\/samaresart.com\/wp-content\/uploads\/2025\/02\/SarahSamares-18.png","contentUrl":"https:\/\/samaresart.com\/wp-content\/uploads\/2025\/02\/SarahSamares-18.png","width":1039,"height":327,"caption":"Sarah Samares"},"logo":{"@id":"https:\/\/samaresart.com\/wp-content\/uploads\/2025\/02\/SarahSamares-18.png"},"sameAs":["https:\/\/samaresart.com"]}]}},"_links":{"self":[{"href":"https:\/\/samaresart.com\/fr\/wp-json\/wp\/v2\/pages\/3","targetHints":{"allow":["GET"]}}],"collection":[{"href":"https:\/\/samaresart.com\/fr\/wp-json\/wp\/v2\/pages"}],"about":[{"href":"https:\/\/samaresart.com\/fr\/wp-json\/wp\/v2\/types\/page"}],"author":[{"embeddable":true,"href":"https:\/\/samaresart.com\/fr\/wp-json\/wp\/v2\/users\/1"}],"replies":[{"embeddable":true,"href":"https:\/\/samaresart.com\/fr\/wp-json\/wp\/v2\/comments?post=3"}],"version-history":[{"count":0,"href":"https:\/\/samaresart.com\/fr\/wp-json\/wp\/v2\/pages\/3\/revisions"}],"wp:attachment":[{"href":"https:\/\/samaresart.com\/fr\/wp-json\/wp\/v2\/media?parent=3"}],"curies":[{"name":"wp","href":"https:\/\/api.w.org\/{rel}","templated":true}]}}