{"id":2135,"date":"2022-05-11T15:07:52","date_gmt":"2022-05-11T15:07:52","guid":{"rendered":"https:\/\/samaresart.com\/home\/"},"modified":"2026-02-12T02:01:14","modified_gmt":"2026-02-12T02:01:14","slug":"home","status":"publish","type":"page","link":"https:\/\/samaresart.com\/fr\/","title":{"rendered":"Home"},"content":{"rendered":"<main class=\"wp-block-group alignfull is-layout-constrained wp-block-group-is-layout-constrained\" style=\"margin-top:var(--wp--preset--spacing--60)\">\n<div class=\"wp-block-cover alignfull has-custom-content-position is-position-bottom-left\" style=\"padding-top:0px;padding-right:0px;padding-bottom:0;padding-left:var(--wp--preset--spacing--30);min-height:40vw;aspect-ratio:unset;\"><img loading=\"lazy\" decoding=\"async\" width=\"1024\" height=\"576\" class=\"wp-block-cover__image-background wp-image-2991 size-large\" alt=\"Botanical Blockprint Common Milkweed\" src=\"https:\/\/samaresart.com\/wp-content\/uploads\/2025\/11\/Asclepiade-3-edited-1024x576.jpg\" data-object-fit=\"cover\" srcset=\"https:\/\/samaresart.com\/wp-content\/uploads\/2025\/11\/Asclepiade-3-edited-1024x576.jpg 1024w, https:\/\/samaresart.com\/wp-content\/uploads\/2025\/11\/Asclepiade-3-edited-300x169.jpg 300w, https:\/\/samaresart.com\/wp-content\/uploads\/2025\/11\/Asclepiade-3-edited-scaled-600x337.jpg 600w, https:\/\/samaresart.com\/wp-content\/uploads\/2025\/11\/Asclepiade-3-edited-768x432.jpg 768w, https:\/\/samaresart.com\/wp-content\/uploads\/2025\/11\/Asclepiade-3-edited-1536x864.jpg 1536w, https:\/\/samaresart.com\/wp-content\/uploads\/2025\/11\/Asclepiade-3-edited-2048x1151.jpg 2048w, https:\/\/samaresart.com\/wp-content\/uploads\/2025\/11\/Asclepiade-3-edited-18x10.jpg 18w\" sizes=\"auto, (max-width: 1024px) 100vw, 1024px\" \/><span aria-hidden=\"true\" class=\"wp-block-cover__background has-background-dim-100 has-background-dim wp-block-cover__gradient-background has-background-gradient\" style=\"background:linear-gradient(-180deg,rgba(0,0,0,0) 78%,rgb(240,234,221) 100%)\"><\/span><div class=\"wp-block-cover__inner-container is-layout-flow wp-block-cover-is-layout-flow\">\n<p class=\"has-base-color has-text-color has-link-color has-medium-font-size wp-elements-f105d9c9a8fe9bbb896ae73f77774b25\" style=\"margin-right:var(--wp--preset--spacing--40);margin-left:var(--wp--preset--spacing--40)\"><\/p>\n<\/div><\/div>\n<\/main>\n\n\n\n<p class=\"has-large-font-size\">Gravures Botaniques <\/p>\n\n\n\n<p>Imprim\u00e9 \u00e0 la main et inspir\u00e9 par les Laurentides<br>Une invitation \u00e0 ralentir et \u00e0 regarder de plus pr\u00e8s<\/p>\n\n\n\n<div class=\"wp-block-buttons is-layout-flex wp-block-buttons-is-layout-flex\">\n<div class=\"wp-block-button\"><a class=\"wp-block-button__link wp-element-button\" href=\"https:\/\/samaresart.com\/fr\/shop\/\">Boutique<\/a><\/div>\n<\/div>\n\n\n\n<p><\/p>","protected":false},"excerpt":{"rendered":"<p>Botanical Blockprints hand-printed and inspired by the Laurentians mountainsAn invitation to slow down and look closer<\/p>","protected":false},"author":1,"featured_media":0,"parent":0,"menu_order":0,"comment_status":"closed","ping_status":"closed","template":"","meta":{"footnotes":""},"class_list":["post-2135","page","type-page","status-publish","hentry"],"blocksy_meta":[],"yoast_head":"<!-- This site is optimized with the Yoast SEO plugin v27.4 - https:\/\/yoast.com\/product\/yoast-seo-wordpress\/ -->\n<title>Sarah Samares - Botanical Block Prints<\/title>\n<meta name=\"description\" content=\"Botanical Blockprints, hand-printed and inspired by the Laurentians mountains, that makes your homes feel alive and invites to slow down.\" \/>\n<meta name=\"robots\" content=\"index, follow, max-snippet:-1, max-image-preview:large, max-video-preview:-1\" \/>\n<link rel=\"canonical\" href=\"https:\/\/samaresart.com\/fr\/\" \/>\n<meta property=\"og:locale\" content=\"fr_CA\" \/>\n<meta property=\"og:type\" content=\"article\" \/>\n<meta property=\"og:title\" content=\"Sarah Samares - Botanical Block Prints\" \/>\n<meta property=\"og:description\" content=\"Botanical Blockprints, hand-printed and inspired by the Laurentians mountains, that makes your homes feel alive and invites to slow down.\" \/>\n<meta property=\"og:url\" content=\"https:\/\/samaresart.com\/fr\/\" \/>\n<meta property=\"article:modified_time\" content=\"2026-02-12T02:01:14+00:00\" \/>\n<meta property=\"og:image\" content=\"https:\/\/samaresart.com\/wp-content\/uploads\/2025\/11\/Asclepiade-3-edited-scaled.jpg\" \/>\n\t<meta property=\"og:image:width\" content=\"2560\" \/>\n\t<meta property=\"og:image:height\" content=\"1439\" \/>\n\t<meta property=\"og:image:type\" content=\"image\/jpeg\" \/>\n<meta name=\"twitter:card\" content=\"summary_large_image\" \/>\n<meta name=\"twitter:label1\" content=\"Estimation du temps de lecture\" \/>\n\t<meta name=\"twitter:data1\" content=\"1 minute\" \/>\n<script type=\"application\/ld+json\" class=\"yoast-schema-graph\">{\"@context\":\"https:\\\/\\\/schema.org\",\"@graph\":[{\"@type\":\"WebPage\",\"@id\":\"https:\\\/\\\/samaresart.com\\\/\",\"url\":\"https:\\\/\\\/samaresart.com\\\/\",\"name\":\"Sarah Samares - Botanical Block Prints\",\"isPartOf\":{\"@id\":\"https:\\\/\\\/samaresart.com\\\/en\\\/#website\"},\"primaryImageOfPage\":{\"@id\":\"https:\\\/\\\/samaresart.com\\\/#primaryimage\"},\"image\":{\"@id\":\"https:\\\/\\\/samaresart.com\\\/#primaryimage\"},\"thumbnailUrl\":\"https:\\\/\\\/samaresart.com\\\/wp-content\\\/uploads\\\/2025\\\/11\\\/Asclepiade-3-edited-1024x576.jpg\",\"datePublished\":\"2022-05-11T15:07:52+00:00\",\"dateModified\":\"2026-02-12T02:01:14+00:00\",\"description\":\"Botanical Blockprints, hand-printed and inspired by the Laurentians mountains, that makes your homes feel alive and invites to slow down.\",\"breadcrumb\":{\"@id\":\"https:\\\/\\\/samaresart.com\\\/#breadcrumb\"},\"inLanguage\":\"fr-CA\",\"potentialAction\":[{\"@type\":\"ReadAction\",\"target\":[\"https:\\\/\\\/samaresart.com\\\/\"]}]},{\"@type\":\"ImageObject\",\"inLanguage\":\"fr-CA\",\"@id\":\"https:\\\/\\\/samaresart.com\\\/#primaryimage\",\"url\":\"https:\\\/\\\/samaresart.com\\\/wp-content\\\/uploads\\\/2025\\\/11\\\/Asclepiade-3-edited-1024x576.jpg\",\"contentUrl\":\"https:\\\/\\\/samaresart.com\\\/wp-content\\\/uploads\\\/2025\\\/11\\\/Asclepiade-3-edited-1024x576.jpg\"},{\"@type\":\"BreadcrumbList\",\"@id\":\"https:\\\/\\\/samaresart.com\\\/#breadcrumb\",\"itemListElement\":[{\"@type\":\"ListItem\",\"position\":1,\"name\":\"Printworks\",\"item\":\"https:\\\/\\\/samaresart.com\\\/\"},{\"@type\":\"ListItem\",\"position\":2,\"name\":\"Home\"}]},{\"@type\":\"WebSite\",\"@id\":\"https:\\\/\\\/samaresart.com\\\/en\\\/#website\",\"url\":\"https:\\\/\\\/samaresart.com\\\/en\\\/\",\"name\":\"samaresart.com\",\"description\":\"Botanical prints and paintings\",\"publisher\":{\"@id\":\"https:\\\/\\\/samaresart.com\\\/en\\\/#\\\/schema\\\/person\\\/78d4047d4762e7f8336d084fefb1417c\"},\"potentialAction\":[{\"@type\":\"SearchAction\",\"target\":{\"@type\":\"EntryPoint\",\"urlTemplate\":\"https:\\\/\\\/samaresart.com\\\/en\\\/?s={search_term_string}\"},\"query-input\":{\"@type\":\"PropertyValueSpecification\",\"valueRequired\":true,\"valueName\":\"search_term_string\"}}],\"inLanguage\":\"fr-CA\"},{\"@type\":[\"Person\",\"Organization\"],\"@id\":\"https:\\\/\\\/samaresart.com\\\/en\\\/#\\\/schema\\\/person\\\/78d4047d4762e7f8336d084fefb1417c\",\"name\":\"Sarah Samares\",\"image\":{\"@type\":\"ImageObject\",\"inLanguage\":\"fr-CA\",\"@id\":\"https:\\\/\\\/samaresart.com\\\/wp-content\\\/uploads\\\/2025\\\/02\\\/SarahSamares-18.png\",\"url\":\"https:\\\/\\\/samaresart.com\\\/wp-content\\\/uploads\\\/2025\\\/02\\\/SarahSamares-18.png\",\"contentUrl\":\"https:\\\/\\\/samaresart.com\\\/wp-content\\\/uploads\\\/2025\\\/02\\\/SarahSamares-18.png\",\"width\":1039,\"height\":327,\"caption\":\"Sarah Samares\"},\"logo\":{\"@id\":\"https:\\\/\\\/samaresart.com\\\/wp-content\\\/uploads\\\/2025\\\/02\\\/SarahSamares-18.png\"},\"sameAs\":[\"https:\\\/\\\/samaresart.com\"]}]}<\/script>\n<!-- \/ Yoast SEO plugin. -->","yoast_head_json":{"title":"Sarah Samares - Botanical Block Prints","description":"Botanical Blockprints, hand-printed and inspired by the Laurentians mountains, that makes your homes feel alive and invites to slow down.","robots":{"index":"index","follow":"follow","max-snippet":"max-snippet:-1","max-image-preview":"max-image-preview:large","max-video-preview":"max-video-preview:-1"},"canonical":"https:\/\/samaresart.com\/fr\/","og_locale":"fr_CA","og_type":"article","og_title":"Sarah Samares - Botanical Block Prints","og_description":"Botanical Blockprints, hand-printed and inspired by the Laurentians mountains, that makes your homes feel alive and invites to slow down.","og_url":"https:\/\/samaresart.com\/fr\/","article_modified_time":"2026-02-12T02:01:14+00:00","og_image":[{"width":2560,"height":1439,"url":"https:\/\/samaresart.com\/wp-content\/uploads\/2025\/11\/Asclepiade-3-edited-scaled.jpg","type":"image\/jpeg"}],"twitter_card":"summary_large_image","twitter_misc":{"Estimation du temps de lecture":"1 minute"},"schema":{"@context":"https:\/\/schema.org","@graph":[{"@type":"WebPage","@id":"https:\/\/samaresart.com\/","url":"https:\/\/samaresart.com\/","name":"Sarah Samares - Botanical Block Prints","isPartOf":{"@id":"https:\/\/samaresart.com\/en\/#website"},"primaryImageOfPage":{"@id":"https:\/\/samaresart.com\/#primaryimage"},"image":{"@id":"https:\/\/samaresart.com\/#primaryimage"},"thumbnailUrl":"https:\/\/samaresart.com\/wp-content\/uploads\/2025\/11\/Asclepiade-3-edited-1024x576.jpg","datePublished":"2022-05-11T15:07:52+00:00","dateModified":"2026-02-12T02:01:14+00:00","description":"Botanical Blockprints, hand-printed and inspired by the Laurentians mountains, that makes your homes feel alive and invites to slow down.","breadcrumb":{"@id":"https:\/\/samaresart.com\/#breadcrumb"},"inLanguage":"fr-CA","potentialAction":[{"@type":"ReadAction","target":["https:\/\/samaresart.com\/"]}]},{"@type":"ImageObject","inLanguage":"fr-CA","@id":"https:\/\/samaresart.com\/#primaryimage","url":"https:\/\/samaresart.com\/wp-content\/uploads\/2025\/11\/Asclepiade-3-edited-1024x576.jpg","contentUrl":"https:\/\/samaresart.com\/wp-content\/uploads\/2025\/11\/Asclepiade-3-edited-1024x576.jpg"},{"@type":"BreadcrumbList","@id":"https:\/\/samaresart.com\/#breadcrumb","itemListElement":[{"@type":"ListItem","position":1,"name":"Printworks","item":"https:\/\/samaresart.com\/"},{"@type":"ListItem","position":2,"name":"Home"}]},{"@type":"WebSite","@id":"https:\/\/samaresart.com\/en\/#website","url":"https:\/\/samaresart.com\/en\/","name":"samaresart.com","description":"Botanical prints and paintings","publisher":{"@id":"https:\/\/samaresart.com\/en\/#\/schema\/person\/78d4047d4762e7f8336d084fefb1417c"},"potentialAction":[{"@type":"SearchAction","target":{"@type":"EntryPoint","urlTemplate":"https:\/\/samaresart.com\/en\/?s={search_term_string}"},"query-input":{"@type":"PropertyValueSpecification","valueRequired":true,"valueName":"search_term_string"}}],"inLanguage":"fr-CA"},{"@type":["Person","Organization"],"@id":"https:\/\/samaresart.com\/en\/#\/schema\/person\/78d4047d4762e7f8336d084fefb1417c","name":"Sarah Samares","image":{"@type":"ImageObject","inLanguage":"fr-CA","@id":"https:\/\/samaresart.com\/wp-content\/uploads\/2025\/02\/SarahSamares-18.png","url":"https:\/\/samaresart.com\/wp-content\/uploads\/2025\/02\/SarahSamares-18.png","contentUrl":"https:\/\/samaresart.com\/wp-content\/uploads\/2025\/02\/SarahSamares-18.png","width":1039,"height":327,"caption":"Sarah Samares"},"logo":{"@id":"https:\/\/samaresart.com\/wp-content\/uploads\/2025\/02\/SarahSamares-18.png"},"sameAs":["https:\/\/samaresart.com"]}]}},"_links":{"self":[{"href":"https:\/\/samaresart.com\/fr\/wp-json\/wp\/v2\/pages\/2135","targetHints":{"allow":["GET"]}}],"collection":[{"href":"https:\/\/samaresart.com\/fr\/wp-json\/wp\/v2\/pages"}],"about":[{"href":"https:\/\/samaresart.com\/fr\/wp-json\/wp\/v2\/types\/page"}],"author":[{"embeddable":true,"href":"https:\/\/samaresart.com\/fr\/wp-json\/wp\/v2\/users\/1"}],"replies":[{"embeddable":true,"href":"https:\/\/samaresart.com\/fr\/wp-json\/wp\/v2\/comments?post=2135"}],"version-history":[{"count":0,"href":"https:\/\/samaresart.com\/fr\/wp-json\/wp\/v2\/pages\/2135\/revisions"}],"wp:attachment":[{"href":"https:\/\/samaresart.com\/fr\/wp-json\/wp\/v2\/media?parent=2135"}],"curies":[{"name":"wp","href":"https:\/\/api.w.org\/{rel}","templated":true}]}}