{"id":3632,"date":"2026-04-09T14:46:27","date_gmt":"2026-04-09T14:46:27","guid":{"rendered":"https:\/\/samaresart.com\/?post_type=product&#038;p=3632"},"modified":"2026-04-13T21:44:50","modified_gmt":"2026-04-13T21:44:50","slug":"canada-goose","status":"publish","type":"product","link":"https:\/\/samaresart.com\/de\/produkt\/canada-goose\/","title":{"rendered":"Canada Goose"},"content":{"rendered":"<section class=\"ProductItem-additional\">\n<div id=\"item-62b066b1e3b7012db5f05fed\" class=\"sqs-layout sqs-grid-12 columns-12\" data-layout-label=\"Post Body\" data-type=\"item\" data-updated-on=\"1657808101927\">\n<div class=\"row sqs-row\">\n<div class=\"col sqs-col-12 span-12\">\n<div id=\"block-881f22cb9176a1c2cd14\" class=\"sqs-block html-block sqs-block-html\" data-block-type=\"2\" data-border-radii=\"{&quot;topLeft&quot;:{&quot;unit&quot;:&quot;px&quot;,&quot;value&quot;:0.0},&quot;topRight&quot;:{&quot;unit&quot;:&quot;px&quot;,&quot;value&quot;:0.0},&quot;bottomLeft&quot;:{&quot;unit&quot;:&quot;px&quot;,&quot;value&quot;:0.0},&quot;bottomRight&quot;:{&quot;unit&quot;:&quot;px&quot;,&quot;value&quot;:0.0}}\">\n<div class=\"sqs-block-content\">\n<div class=\"sqs-html-content\">\n<p>Migration ist ein nat\u00fcrliches Recht.<\/p>\n<p class=\"\">Alle meine Kunstwerke sind handgefertigt und Originale, eine Mischung aus limitierten und unlimitierten Linolschnitten. Die Drucke werden in meinem Atelier in den Laurentides, Kanada, entworfen, geschnitzt und gedruckt.<\/p>\n<p class=\"\">Bitte beachte: Aufgrund der Handarbeit kann es zu geringf\u00fcgigen Abweichungen vom Bild kommen, sei es in der Farbe, der Gleichm\u00e4\u00dfigkeit der Tinte oder anderen kleinen Unterschieden.<\/p>\n<\/div>\n<\/div>\n<\/div>\n<\/div>\n<\/div>\n<\/div>\n<\/section>","protected":false},"excerpt":{"rendered":"<div id=\"yui_3_17_2_1_1740346408618_121\" class=\"ProductItem-details-excerpt ProductItem-details-excerpt-below-price\" data-content-field=\"excerpt\">\n<p><em>Handgedruckter Linolschnitt auf handgesch\u00f6pftem Lokta Papier<\/em><\/p>\n<p><em>Dimensions: 20 x 15 inch (50 x 40 cm)<\/em><\/p>\n<p>Jedes Jahr sehe ich die V\u00f6gel kommen und gehen. Migration ist ein nat\u00fcrliches Recht. Ein Recht zu \u00fcberleben, ein Recht, dorthin zu gehen, wo wir sein k\u00f6nnen. Mein Vater floh vor dem B\u00fcrgerkrieg im Libanon, meine Patin floh vor dem Krieg in der Ukraine. Viele haben keine andere Wahl. Aber ich bin nur aus Liebe nach Kanada gezogen.<\/p>\n<p>Ich habe Angst, Angst in diesen Zeiten, in denen der Hass immer lauter wird. In meinem Heimatland. In meinem Nachbarland. \u201eNiemand ist illegal auf gestohlenem Land\u201c kommt mir immer wieder in den Sinn. Und dann sehe ich die Kanadag\u00e4nse \u00fcber Grenzen fliegen, die nur von Menschen geschaffen sind. Siest du sie auch?<\/p>\n<p>Jeder Druck wird von mir in meiner kleinen Werkstatt in den Laurentides entworfen, geschnitzt und von Hand gedruckt. Da es sich um handgefertigte Produkte handelt, kann es zu leichten Abweichungen in Farbe und Druck kommen. Genau diese kleinen Unterschiede machen handgedruckte Werke so besonders und sch\u00f6n.<\/p>\n<p>Ich drucke auf handgesch\u00f6pftem Lokta-Papier, und jedes Blatt hat seinen ganz eigenen Charakter. Dadurch ist jedes St\u00fcck ein echtes Unikat.<\/p>\n<p>Ohne Rahmen und Zubeh\u00f6r.<\/p>\n<\/div>","protected":false},"featured_media":3588,"template":"","meta":[],"product_brand":[],"product_cat":[18],"product_tag":[70],"class_list":{"0":"post-3632","1":"product","2":"type-product","3":"status-publish","4":"has-post-thumbnail","6":"product_cat-printworks","7":"product_tag-multiblockprint","9":"first","10":"instock","11":"sold-individually","12":"shipping-taxable","13":"product-type-simple"},"yoast_head":"<!-- This site is optimized with the Yoast SEO plugin v27.4 - https:\/\/yoast.com\/product\/yoast-seo-wordpress\/ -->\n<title>Blockprint Canada Goose Migration<\/title>\n<meta name=\"description\" content=\"Every year, I see the birds come and go. Migration is a natural right. A right to survive, a right to go where we can be.\" \/>\n<meta name=\"robots\" content=\"index, follow, max-snippet:-1, max-image-preview:large, max-video-preview:-1\" \/>\n<link rel=\"canonical\" href=\"https:\/\/samaresart.com\/de\/produkt\/canada-goose\/\" \/>\n<meta property=\"og:locale\" content=\"de_DE\" \/>\n<meta property=\"og:type\" content=\"article\" \/>\n<meta property=\"og:title\" content=\"Blockprint Canada Goose Migration\" \/>\n<meta property=\"og:description\" content=\"Every year, I see the birds come and go. Migration is a natural right. A right to survive, a right to go where we can be.\" \/>\n<meta property=\"og:url\" content=\"https:\/\/samaresart.com\/de\/produkt\/canada-goose\/\" \/>\n<meta property=\"article:modified_time\" content=\"2026-04-13T21:44:50+00:00\" \/>\n<meta property=\"og:image\" content=\"https:\/\/samaresart.com\/wp-content\/uploads\/2026\/04\/Canada-Goose-scaled.jpg\" \/>\n\t<meta property=\"og:image:width\" content=\"2048\" \/>\n\t<meta property=\"og:image:height\" content=\"2560\" \/>\n\t<meta property=\"og:image:type\" content=\"image\/jpeg\" \/>\n<meta name=\"twitter:card\" content=\"summary_large_image\" \/>\n<meta name=\"twitter:label1\" content=\"Gesch\u00e4tzte Lesezeit\" \/>\n\t<meta name=\"twitter:data1\" content=\"1\u00a0Minute\" \/>\n<script type=\"application\/ld+json\" class=\"yoast-schema-graph\">{\"@context\":\"https:\\\/\\\/schema.org\",\"@graph\":[{\"@type\":\"WebPage\",\"@id\":\"https:\\\/\\\/samaresart.com\\\/product\\\/canada-goose\\\/\",\"url\":\"https:\\\/\\\/samaresart.com\\\/product\\\/canada-goose\\\/\",\"name\":\"Blockprint Canada Goose Migration\",\"isPartOf\":{\"@id\":\"https:\\\/\\\/samaresart.com\\\/en\\\/#website\"},\"primaryImageOfPage\":{\"@id\":\"https:\\\/\\\/samaresart.com\\\/product\\\/canada-goose\\\/#primaryimage\"},\"image\":{\"@id\":\"https:\\\/\\\/samaresart.com\\\/product\\\/canada-goose\\\/#primaryimage\"},\"thumbnailUrl\":\"https:\\\/\\\/samaresart.com\\\/wp-content\\\/uploads\\\/2026\\\/04\\\/Canada-Goose-scaled.jpg\",\"datePublished\":\"2026-04-09T14:46:27+00:00\",\"dateModified\":\"2026-04-13T21:44:50+00:00\",\"description\":\"Every year, I see the birds come and go. Migration is a natural right. A right to survive, a right to go where we can be.\",\"breadcrumb\":{\"@id\":\"https:\\\/\\\/samaresart.com\\\/product\\\/canada-goose\\\/#breadcrumb\"},\"inLanguage\":\"de\",\"potentialAction\":[{\"@type\":\"ReadAction\",\"target\":[\"https:\\\/\\\/samaresart.com\\\/product\\\/canada-goose\\\/\"]}]},{\"@type\":\"ImageObject\",\"inLanguage\":\"de\",\"@id\":\"https:\\\/\\\/samaresart.com\\\/product\\\/canada-goose\\\/#primaryimage\",\"url\":\"https:\\\/\\\/samaresart.com\\\/wp-content\\\/uploads\\\/2026\\\/04\\\/Canada-Goose-scaled.jpg\",\"contentUrl\":\"https:\\\/\\\/samaresart.com\\\/wp-content\\\/uploads\\\/2026\\\/04\\\/Canada-Goose-scaled.jpg\",\"width\":2048,\"height\":2560,\"caption\":\"Blockprint Canada Goose Migration\"},{\"@type\":\"BreadcrumbList\",\"@id\":\"https:\\\/\\\/samaresart.com\\\/product\\\/canada-goose\\\/#breadcrumb\",\"itemListElement\":[{\"@type\":\"ListItem\",\"position\":1,\"name\":\"Printworks\",\"item\":\"https:\\\/\\\/samaresart.com\\\/\"},{\"@type\":\"ListItem\",\"position\":2,\"name\":\"Shop\",\"item\":\"https:\\\/\\\/samaresart.com\\\/shop\\\/\"},{\"@type\":\"ListItem\",\"position\":3,\"name\":\"Canada Goose\"}]},{\"@type\":\"WebSite\",\"@id\":\"https:\\\/\\\/samaresart.com\\\/en\\\/#website\",\"url\":\"https:\\\/\\\/samaresart.com\\\/en\\\/\",\"name\":\"samaresart.com\",\"description\":\"Botanical prints and paintings\",\"publisher\":{\"@id\":\"https:\\\/\\\/samaresart.com\\\/en\\\/#\\\/schema\\\/person\\\/78d4047d4762e7f8336d084fefb1417c\"},\"potentialAction\":[{\"@type\":\"SearchAction\",\"target\":{\"@type\":\"EntryPoint\",\"urlTemplate\":\"https:\\\/\\\/samaresart.com\\\/en\\\/?s={search_term_string}\"},\"query-input\":{\"@type\":\"PropertyValueSpecification\",\"valueRequired\":true,\"valueName\":\"search_term_string\"}}],\"inLanguage\":\"de\"},{\"@type\":[\"Person\",\"Organization\"],\"@id\":\"https:\\\/\\\/samaresart.com\\\/en\\\/#\\\/schema\\\/person\\\/78d4047d4762e7f8336d084fefb1417c\",\"name\":\"Sarah Samares\",\"image\":{\"@type\":\"ImageObject\",\"inLanguage\":\"de\",\"@id\":\"https:\\\/\\\/samaresart.com\\\/wp-content\\\/uploads\\\/2025\\\/02\\\/SarahSamares-18.png\",\"url\":\"https:\\\/\\\/samaresart.com\\\/wp-content\\\/uploads\\\/2025\\\/02\\\/SarahSamares-18.png\",\"contentUrl\":\"https:\\\/\\\/samaresart.com\\\/wp-content\\\/uploads\\\/2025\\\/02\\\/SarahSamares-18.png\",\"width\":1039,\"height\":327,\"caption\":\"Sarah Samares\"},\"logo\":{\"@id\":\"https:\\\/\\\/samaresart.com\\\/wp-content\\\/uploads\\\/2025\\\/02\\\/SarahSamares-18.png\"},\"sameAs\":[\"https:\\\/\\\/samaresart.com\"]}]}<\/script>\n<!-- \/ Yoast SEO plugin. -->","yoast_head_json":{"title":"Blockprint Canada Goose Migration","description":"Every year, I see the birds come and go. Migration is a natural right. A right to survive, a right to go where we can be.","robots":{"index":"index","follow":"follow","max-snippet":"max-snippet:-1","max-image-preview":"max-image-preview:large","max-video-preview":"max-video-preview:-1"},"canonical":"https:\/\/samaresart.com\/de\/produkt\/canada-goose\/","og_locale":"de_DE","og_type":"article","og_title":"Blockprint Canada Goose Migration","og_description":"Every year, I see the birds come and go. Migration is a natural right. A right to survive, a right to go where we can be.","og_url":"https:\/\/samaresart.com\/de\/produkt\/canada-goose\/","article_modified_time":"2026-04-13T21:44:50+00:00","og_image":[{"width":2048,"height":2560,"url":"https:\/\/samaresart.com\/wp-content\/uploads\/2026\/04\/Canada-Goose-scaled.jpg","type":"image\/jpeg"}],"twitter_card":"summary_large_image","twitter_misc":{"Gesch\u00e4tzte Lesezeit":"1\u00a0Minute"},"schema":{"@context":"https:\/\/schema.org","@graph":[{"@type":"WebPage","@id":"https:\/\/samaresart.com\/product\/canada-goose\/","url":"https:\/\/samaresart.com\/product\/canada-goose\/","name":"Blockprint Canada Goose Migration","isPartOf":{"@id":"https:\/\/samaresart.com\/en\/#website"},"primaryImageOfPage":{"@id":"https:\/\/samaresart.com\/product\/canada-goose\/#primaryimage"},"image":{"@id":"https:\/\/samaresart.com\/product\/canada-goose\/#primaryimage"},"thumbnailUrl":"https:\/\/samaresart.com\/wp-content\/uploads\/2026\/04\/Canada-Goose-scaled.jpg","datePublished":"2026-04-09T14:46:27+00:00","dateModified":"2026-04-13T21:44:50+00:00","description":"Every year, I see the birds come and go. Migration is a natural right. A right to survive, a right to go where we can be.","breadcrumb":{"@id":"https:\/\/samaresart.com\/product\/canada-goose\/#breadcrumb"},"inLanguage":"de","potentialAction":[{"@type":"ReadAction","target":["https:\/\/samaresart.com\/product\/canada-goose\/"]}]},{"@type":"ImageObject","inLanguage":"de","@id":"https:\/\/samaresart.com\/product\/canada-goose\/#primaryimage","url":"https:\/\/samaresart.com\/wp-content\/uploads\/2026\/04\/Canada-Goose-scaled.jpg","contentUrl":"https:\/\/samaresart.com\/wp-content\/uploads\/2026\/04\/Canada-Goose-scaled.jpg","width":2048,"height":2560,"caption":"Blockprint Canada Goose Migration"},{"@type":"BreadcrumbList","@id":"https:\/\/samaresart.com\/product\/canada-goose\/#breadcrumb","itemListElement":[{"@type":"ListItem","position":1,"name":"Printworks","item":"https:\/\/samaresart.com\/"},{"@type":"ListItem","position":2,"name":"Shop","item":"https:\/\/samaresart.com\/shop\/"},{"@type":"ListItem","position":3,"name":"Canada Goose"}]},{"@type":"WebSite","@id":"https:\/\/samaresart.com\/en\/#website","url":"https:\/\/samaresart.com\/en\/","name":"samaresart.com","description":"Botanical prints and paintings","publisher":{"@id":"https:\/\/samaresart.com\/en\/#\/schema\/person\/78d4047d4762e7f8336d084fefb1417c"},"potentialAction":[{"@type":"SearchAction","target":{"@type":"EntryPoint","urlTemplate":"https:\/\/samaresart.com\/en\/?s={search_term_string}"},"query-input":{"@type":"PropertyValueSpecification","valueRequired":true,"valueName":"search_term_string"}}],"inLanguage":"de"},{"@type":["Person","Organization"],"@id":"https:\/\/samaresart.com\/en\/#\/schema\/person\/78d4047d4762e7f8336d084fefb1417c","name":"Sarah Samares","image":{"@type":"ImageObject","inLanguage":"de","@id":"https:\/\/samaresart.com\/wp-content\/uploads\/2025\/02\/SarahSamares-18.png","url":"https:\/\/samaresart.com\/wp-content\/uploads\/2025\/02\/SarahSamares-18.png","contentUrl":"https:\/\/samaresart.com\/wp-content\/uploads\/2025\/02\/SarahSamares-18.png","width":1039,"height":327,"caption":"Sarah Samares"},"logo":{"@id":"https:\/\/samaresart.com\/wp-content\/uploads\/2025\/02\/SarahSamares-18.png"},"sameAs":["https:\/\/samaresart.com"]}]}},"_links":{"self":[{"href":"https:\/\/samaresart.com\/de\/wp-json\/wp\/v2\/product\/3632","targetHints":{"allow":["GET"]}}],"collection":[{"href":"https:\/\/samaresart.com\/de\/wp-json\/wp\/v2\/product"}],"about":[{"href":"https:\/\/samaresart.com\/de\/wp-json\/wp\/v2\/types\/product"}],"wp:featuredmedia":[{"embeddable":true,"href":"https:\/\/samaresart.com\/de\/wp-json\/wp\/v2\/media\/3588"}],"wp:attachment":[{"href":"https:\/\/samaresart.com\/de\/wp-json\/wp\/v2\/media?parent=3632"}],"wp:term":[{"taxonomy":"product_brand","embeddable":true,"href":"https:\/\/samaresart.com\/de\/wp-json\/wp\/v2\/product_brand?post=3632"},{"taxonomy":"product_cat","embeddable":true,"href":"https:\/\/samaresart.com\/de\/wp-json\/wp\/v2\/product_cat?post=3632"},{"taxonomy":"product_tag","embeddable":true,"href":"https:\/\/samaresart.com\/de\/wp-json\/wp\/v2\/product_tag?post=3632"}],"curies":[{"name":"wp","href":"https:\/\/api.w.org\/{rel}","templated":true}]}}