{"id":3566,"date":"2026-03-31T18:00:58","date_gmt":"2026-03-31T18:00:58","guid":{"rendered":"https:\/\/samaresart.com\/?post_type=product&#038;p=3566"},"modified":"2026-04-13T21:33:40","modified_gmt":"2026-04-13T21:33:40","slug":"nostalgia-donation-print","status":"publish","type":"product","link":"https:\/\/samaresart.com\/de\/produkt\/nostalgia-donation-print\/","title":{"rendered":"Nostalgia Donation Print"},"content":{"rendered":"<section class=\"ProductItem-additional\">\n<div id=\"item-62b066b1e3b7012db5f05fed\" class=\"sqs-layout sqs-grid-12 columns-12\" data-layout-label=\"Post Body\" data-type=\"item\" data-updated-on=\"1657808101927\">\n<div class=\"row sqs-row\">\n<div class=\"col sqs-col-12 span-12\">\n<div id=\"block-881f22cb9176a1c2cd14\" class=\"sqs-block html-block sqs-block-html\" data-block-type=\"2\" data-border-radii=\"{&quot;topLeft&quot;:{&quot;unit&quot;:&quot;px&quot;,&quot;value&quot;:0.0},&quot;topRight&quot;:{&quot;unit&quot;:&quot;px&quot;,&quot;value&quot;:0.0},&quot;bottomLeft&quot;:{&quot;unit&quot;:&quot;px&quot;,&quot;value&quot;:0.0},&quot;bottomRight&quot;:{&quot;unit&quot;:&quot;px&quot;,&quot;value&quot;:0.0}}\">\n<div class=\"sqs-block-content\">\n<div class=\"sqs-html-content\">\n<p>Um ehrlich zu sein: Ich habe einen Fehler gemacht und habe es gerade herausgefunden, als ich nach dem Ger\u00e4usch gesucht habe, um es in ein Video f\u00fcr soziale Medien einzuf\u00fcgen: Es ist nicht die Zikade, die wir hier in den Laurentides h\u00f6ren! Also muss ich noch einen weiteren Druck machen. Die, welche wir hier h\u00f6ren, ist die Hundstage-Zikade, und die ist sogar noch sch\u00f6ner!<\/p>\n<p class=\"\">Alle meine Kunstwerke sind handgefertigt und Originale, eine Mischung aus limitierten und unlimitierten Linolschnitten. Die Drucke werden in meinem Atelier in den Laurentides, Kanada, entworfen, geschnitzt und gedruckt.<\/p>\n<p class=\"\">Please note: Because of its handmade nature there may be tiny variations to the picture. Be this colour, evenness of ink or other small differences.Lebanon has been affected by war since 1975. Since then many peoply feld from her homeland, on the top economy crisis makes a living really difficult. Now South Lebanon is occupied again by Isreal, in the time of year that should be used normally for growing food. Many children are growind up &#8220;being used&#8221; by sounds of booms that drop down only few kilometers far away. With this print I collect donations for the lebanese red cross. 100% of the profit will go directly to them.<\/p>\n<\/div>\n<\/div>\n<\/div>\n<\/div>\n<\/div>\n<\/div>\n<\/section>","protected":false},"excerpt":{"rendered":"<div id=\"yui_3_17_2_1_1740346408618_121\" class=\"ProductItem-details-excerpt ProductItem-details-excerpt-below-price\" data-content-field=\"excerpt\">\n<p><em>Handgedruckter Linolschnitt auf handgesch\u00f6pftem Lokta Papier<\/em><\/p>\n<p><em>Ma\u00dfe: 19 x 25 cm (7,5 x 10 Zoll)<\/em><\/p>\n<p>Der Libanon ist seit 1975 immer wieder von Krieg betroffen. Seitdem waren viele Menschen gezwungen, aus ihrer Heimat zu fliehen, und obendrein hat eine anhaltende Wirtschaftskrise das t\u00e4gliche Leben extrem erschwert. Nun wird der S\u00fcdlibanon erneut angegriffen, zu einer Jahreszeit, die normalerweise dazu dienen sollte, Nahrungsmittel anzubauen und den Lebensunterhalt zu sichern.<\/p>\n<p>Mit diesem Druck sammle ich Spenden f\u00fcr das Libanesische Rote Kreuz. 100 % des Gewinns flie\u00dfen direkt in die Unterst\u00fctzung ihrer Arbeit vor Ort.<\/p>\n<p>Jeder Druck wird von mir in meiner kleinen Werkstatt in den Laurentides entworfen, geschnitzt und von Hand gedruckt. Da es sich um handgefertigte Produkte handelt, kann es zu leichten Abweichungen in Farbe und Druck kommen. Genau diese kleinen Unterschiede machen handgedruckte Werke so besonders und sch\u00f6n.<\/p>\n<p>Ich drucke auf handgesch\u00f6pftem Lokta-Papier, und jedes Blatt hat seinen ganz eigenen Charakter. Dadurch ist jedes St\u00fcck ein echtes Unikat.<\/p>\n<p>Ohne Rahmen und Zubeh\u00f6r.<\/p>\n<\/div>","protected":false},"featured_media":3559,"template":"","meta":[],"product_brand":[],"product_cat":[18],"product_tag":[69],"class_list":{"0":"post-3566","1":"product","2":"type-product","3":"status-publish","4":"has-post-thumbnail","6":"product_cat-printworks","7":"product_tag-monoprint","9":"first","10":"outofstock","11":"shipping-taxable","12":"product-type-variable"},"yoast_head":"<!-- This site is optimized with the Yoast SEO plugin v27.4 - https:\/\/yoast.com\/product\/yoast-seo-wordpress\/ -->\n<title>Nostalgia Donation Print Lebanon<\/title>\n<meta name=\"description\" content=\"To raise fonds for the Lebanese Red Cross during this war time this print was created. 100% of the profit will be donated.\" \/>\n<meta name=\"robots\" content=\"index, follow, max-snippet:-1, max-image-preview:large, max-video-preview:-1\" \/>\n<link rel=\"canonical\" href=\"https:\/\/samaresart.com\/de\/produkt\/nostalgia-donation-print\/\" \/>\n<meta property=\"og:locale\" content=\"de_DE\" \/>\n<meta property=\"og:type\" content=\"article\" \/>\n<meta property=\"og:title\" content=\"Nostalgia Donation Print Lebanon\" \/>\n<meta property=\"og:description\" content=\"To raise fonds for the Lebanese Red Cross during this war time this print was created. 100% of the profit will be donated.\" \/>\n<meta property=\"og:url\" content=\"https:\/\/samaresart.com\/de\/produkt\/nostalgia-donation-print\/\" \/>\n<meta property=\"article:modified_time\" content=\"2026-04-13T21:33:40+00:00\" \/>\n<meta property=\"og:image\" content=\"https:\/\/samaresart.com\/wp-content\/uploads\/2026\/03\/p1-scaled.jpg\" \/>\n\t<meta property=\"og:image:width\" content=\"2048\" \/>\n\t<meta property=\"og:image:height\" content=\"2560\" \/>\n\t<meta property=\"og:image:type\" content=\"image\/jpeg\" \/>\n<meta name=\"twitter:card\" content=\"summary_large_image\" \/>\n<meta name=\"twitter:label1\" content=\"Gesch\u00e4tzte Lesezeit\" \/>\n\t<meta name=\"twitter:data1\" content=\"2\u00a0Minuten\" \/>\n<script type=\"application\/ld+json\" class=\"yoast-schema-graph\">{\"@context\":\"https:\\\/\\\/schema.org\",\"@graph\":[{\"@type\":\"WebPage\",\"@id\":\"https:\\\/\\\/samaresart.com\\\/product\\\/nostalgia-donation-print\\\/\",\"url\":\"https:\\\/\\\/samaresart.com\\\/product\\\/nostalgia-donation-print\\\/\",\"name\":\"Nostalgia Donation Print Lebanon\",\"isPartOf\":{\"@id\":\"https:\\\/\\\/samaresart.com\\\/en\\\/#website\"},\"primaryImageOfPage\":{\"@id\":\"https:\\\/\\\/samaresart.com\\\/product\\\/nostalgia-donation-print\\\/#primaryimage\"},\"image\":{\"@id\":\"https:\\\/\\\/samaresart.com\\\/product\\\/nostalgia-donation-print\\\/#primaryimage\"},\"thumbnailUrl\":\"https:\\\/\\\/samaresart.com\\\/wp-content\\\/uploads\\\/2026\\\/03\\\/p1-scaled.jpg\",\"datePublished\":\"2026-03-31T18:00:58+00:00\",\"dateModified\":\"2026-04-13T21:33:40+00:00\",\"description\":\"To raise fonds for the Lebanese Red Cross during this war time this print was created. 100% of the profit will be donated.\",\"breadcrumb\":{\"@id\":\"https:\\\/\\\/samaresart.com\\\/product\\\/nostalgia-donation-print\\\/#breadcrumb\"},\"inLanguage\":\"de\",\"potentialAction\":[{\"@type\":\"ReadAction\",\"target\":[\"https:\\\/\\\/samaresart.com\\\/product\\\/nostalgia-donation-print\\\/\"]}]},{\"@type\":\"ImageObject\",\"inLanguage\":\"de\",\"@id\":\"https:\\\/\\\/samaresart.com\\\/product\\\/nostalgia-donation-print\\\/#primaryimage\",\"url\":\"https:\\\/\\\/samaresart.com\\\/wp-content\\\/uploads\\\/2026\\\/03\\\/p1-scaled.jpg\",\"contentUrl\":\"https:\\\/\\\/samaresart.com\\\/wp-content\\\/uploads\\\/2026\\\/03\\\/p1-scaled.jpg\",\"width\":2048,\"height\":2560,\"caption\":\"Nostalgia Donation Print Lebanon\"},{\"@type\":\"BreadcrumbList\",\"@id\":\"https:\\\/\\\/samaresart.com\\\/product\\\/nostalgia-donation-print\\\/#breadcrumb\",\"itemListElement\":[{\"@type\":\"ListItem\",\"position\":1,\"name\":\"Printworks\",\"item\":\"https:\\\/\\\/samaresart.com\\\/\"},{\"@type\":\"ListItem\",\"position\":2,\"name\":\"Shop\",\"item\":\"https:\\\/\\\/samaresart.com\\\/shop\\\/\"},{\"@type\":\"ListItem\",\"position\":3,\"name\":\"Nostalgia Donation Print\"}]},{\"@type\":\"WebSite\",\"@id\":\"https:\\\/\\\/samaresart.com\\\/en\\\/#website\",\"url\":\"https:\\\/\\\/samaresart.com\\\/en\\\/\",\"name\":\"samaresart.com\",\"description\":\"Botanical prints and paintings\",\"publisher\":{\"@id\":\"https:\\\/\\\/samaresart.com\\\/en\\\/#\\\/schema\\\/person\\\/78d4047d4762e7f8336d084fefb1417c\"},\"potentialAction\":[{\"@type\":\"SearchAction\",\"target\":{\"@type\":\"EntryPoint\",\"urlTemplate\":\"https:\\\/\\\/samaresart.com\\\/en\\\/?s={search_term_string}\"},\"query-input\":{\"@type\":\"PropertyValueSpecification\",\"valueRequired\":true,\"valueName\":\"search_term_string\"}}],\"inLanguage\":\"de\"},{\"@type\":[\"Person\",\"Organization\"],\"@id\":\"https:\\\/\\\/samaresart.com\\\/en\\\/#\\\/schema\\\/person\\\/78d4047d4762e7f8336d084fefb1417c\",\"name\":\"Sarah Samares\",\"image\":{\"@type\":\"ImageObject\",\"inLanguage\":\"de\",\"@id\":\"https:\\\/\\\/samaresart.com\\\/wp-content\\\/uploads\\\/2025\\\/02\\\/SarahSamares-18.png\",\"url\":\"https:\\\/\\\/samaresart.com\\\/wp-content\\\/uploads\\\/2025\\\/02\\\/SarahSamares-18.png\",\"contentUrl\":\"https:\\\/\\\/samaresart.com\\\/wp-content\\\/uploads\\\/2025\\\/02\\\/SarahSamares-18.png\",\"width\":1039,\"height\":327,\"caption\":\"Sarah Samares\"},\"logo\":{\"@id\":\"https:\\\/\\\/samaresart.com\\\/wp-content\\\/uploads\\\/2025\\\/02\\\/SarahSamares-18.png\"},\"sameAs\":[\"https:\\\/\\\/samaresart.com\"]}]}<\/script>\n<!-- \/ Yoast SEO plugin. -->","yoast_head_json":{"title":"Nostalgia Donation Print Lebanon","description":"To raise fonds for the Lebanese Red Cross during this war time this print was created. 100% of the profit will be donated.","robots":{"index":"index","follow":"follow","max-snippet":"max-snippet:-1","max-image-preview":"max-image-preview:large","max-video-preview":"max-video-preview:-1"},"canonical":"https:\/\/samaresart.com\/de\/produkt\/nostalgia-donation-print\/","og_locale":"de_DE","og_type":"article","og_title":"Nostalgia Donation Print Lebanon","og_description":"To raise fonds for the Lebanese Red Cross during this war time this print was created. 100% of the profit will be donated.","og_url":"https:\/\/samaresart.com\/de\/produkt\/nostalgia-donation-print\/","article_modified_time":"2026-04-13T21:33:40+00:00","og_image":[{"width":2048,"height":2560,"url":"https:\/\/samaresart.com\/wp-content\/uploads\/2026\/03\/p1-scaled.jpg","type":"image\/jpeg"}],"twitter_card":"summary_large_image","twitter_misc":{"Gesch\u00e4tzte Lesezeit":"2\u00a0Minuten"},"schema":{"@context":"https:\/\/schema.org","@graph":[{"@type":"WebPage","@id":"https:\/\/samaresart.com\/product\/nostalgia-donation-print\/","url":"https:\/\/samaresart.com\/product\/nostalgia-donation-print\/","name":"Nostalgia Donation Print Lebanon","isPartOf":{"@id":"https:\/\/samaresart.com\/en\/#website"},"primaryImageOfPage":{"@id":"https:\/\/samaresart.com\/product\/nostalgia-donation-print\/#primaryimage"},"image":{"@id":"https:\/\/samaresart.com\/product\/nostalgia-donation-print\/#primaryimage"},"thumbnailUrl":"https:\/\/samaresart.com\/wp-content\/uploads\/2026\/03\/p1-scaled.jpg","datePublished":"2026-03-31T18:00:58+00:00","dateModified":"2026-04-13T21:33:40+00:00","description":"To raise fonds for the Lebanese Red Cross during this war time this print was created. 100% of the profit will be donated.","breadcrumb":{"@id":"https:\/\/samaresart.com\/product\/nostalgia-donation-print\/#breadcrumb"},"inLanguage":"de","potentialAction":[{"@type":"ReadAction","target":["https:\/\/samaresart.com\/product\/nostalgia-donation-print\/"]}]},{"@type":"ImageObject","inLanguage":"de","@id":"https:\/\/samaresart.com\/product\/nostalgia-donation-print\/#primaryimage","url":"https:\/\/samaresart.com\/wp-content\/uploads\/2026\/03\/p1-scaled.jpg","contentUrl":"https:\/\/samaresart.com\/wp-content\/uploads\/2026\/03\/p1-scaled.jpg","width":2048,"height":2560,"caption":"Nostalgia Donation Print Lebanon"},{"@type":"BreadcrumbList","@id":"https:\/\/samaresart.com\/product\/nostalgia-donation-print\/#breadcrumb","itemListElement":[{"@type":"ListItem","position":1,"name":"Printworks","item":"https:\/\/samaresart.com\/"},{"@type":"ListItem","position":2,"name":"Shop","item":"https:\/\/samaresart.com\/shop\/"},{"@type":"ListItem","position":3,"name":"Nostalgia Donation Print"}]},{"@type":"WebSite","@id":"https:\/\/samaresart.com\/en\/#website","url":"https:\/\/samaresart.com\/en\/","name":"samaresart.com","description":"Botanical prints and paintings","publisher":{"@id":"https:\/\/samaresart.com\/en\/#\/schema\/person\/78d4047d4762e7f8336d084fefb1417c"},"potentialAction":[{"@type":"SearchAction","target":{"@type":"EntryPoint","urlTemplate":"https:\/\/samaresart.com\/en\/?s={search_term_string}"},"query-input":{"@type":"PropertyValueSpecification","valueRequired":true,"valueName":"search_term_string"}}],"inLanguage":"de"},{"@type":["Person","Organization"],"@id":"https:\/\/samaresart.com\/en\/#\/schema\/person\/78d4047d4762e7f8336d084fefb1417c","name":"Sarah Samares","image":{"@type":"ImageObject","inLanguage":"de","@id":"https:\/\/samaresart.com\/wp-content\/uploads\/2025\/02\/SarahSamares-18.png","url":"https:\/\/samaresart.com\/wp-content\/uploads\/2025\/02\/SarahSamares-18.png","contentUrl":"https:\/\/samaresart.com\/wp-content\/uploads\/2025\/02\/SarahSamares-18.png","width":1039,"height":327,"caption":"Sarah Samares"},"logo":{"@id":"https:\/\/samaresart.com\/wp-content\/uploads\/2025\/02\/SarahSamares-18.png"},"sameAs":["https:\/\/samaresart.com"]}]}},"_links":{"self":[{"href":"https:\/\/samaresart.com\/de\/wp-json\/wp\/v2\/product\/3566","targetHints":{"allow":["GET"]}}],"collection":[{"href":"https:\/\/samaresart.com\/de\/wp-json\/wp\/v2\/product"}],"about":[{"href":"https:\/\/samaresart.com\/de\/wp-json\/wp\/v2\/types\/product"}],"wp:featuredmedia":[{"embeddable":true,"href":"https:\/\/samaresart.com\/de\/wp-json\/wp\/v2\/media\/3559"}],"wp:attachment":[{"href":"https:\/\/samaresart.com\/de\/wp-json\/wp\/v2\/media?parent=3566"}],"wp:term":[{"taxonomy":"product_brand","embeddable":true,"href":"https:\/\/samaresart.com\/de\/wp-json\/wp\/v2\/product_brand?post=3566"},{"taxonomy":"product_cat","embeddable":true,"href":"https:\/\/samaresart.com\/de\/wp-json\/wp\/v2\/product_cat?post=3566"},{"taxonomy":"product_tag","embeddable":true,"href":"https:\/\/samaresart.com\/de\/wp-json\/wp\/v2\/product_tag?post=3566"}],"curies":[{"name":"wp","href":"https:\/\/api.w.org\/{rel}","templated":true}]}}