{"id":3505,"date":"2026-03-17T17:28:14","date_gmt":"2026-03-17T17:28:14","guid":{"rendered":"https:\/\/samaresart.com\/?post_type=product&#038;p=3505"},"modified":"2026-03-23T02:22:03","modified_gmt":"2026-03-23T02:22:03","slug":"laurentides","status":"publish","type":"product","link":"https:\/\/samaresart.com\/de\/produkt\/laurentides\/","title":{"rendered":"Printemps"},"content":{"rendered":"<p><em>Multiblock Print<\/em><\/p>\n<section class=\"ProductItem-additional\">\n<div id=\"item-62b066b1e3b7012db5f05fed\" class=\"sqs-layout sqs-grid-12 columns-12\" data-layout-label=\"Post Body\" data-type=\"item\" data-updated-on=\"1657808101927\">\n<div class=\"row sqs-row\">\n<div class=\"col sqs-col-12 span-12\">\n<div id=\"block-881f22cb9176a1c2cd14\" class=\"sqs-block html-block sqs-block-html\" data-block-type=\"2\" data-border-radii=\"{&quot;topLeft&quot;:{&quot;unit&quot;:&quot;px&quot;,&quot;value&quot;:0.0},&quot;topRight&quot;:{&quot;unit&quot;:&quot;px&quot;,&quot;value&quot;:0.0},&quot;bottomLeft&quot;:{&quot;unit&quot;:&quot;px&quot;,&quot;value&quot;:0.0},&quot;bottomRight&quot;:{&quot;unit&quot;:&quot;px&quot;,&quot;value&quot;:0.0}}\">\n<div class=\"sqs-block-content\">\n<div class=\"sqs-html-content\">\n<p>Dieser Druck ist Teil des Werks \u2018<a href=\"https:\/\/samaresart.com\/de\/produkt\/tresor-puzzle-print\/\">Tr\u00e9sor<\/a>\u2018. Ich habe auch eine <a href=\"https:\/\/samaresart.com\/de\/produkt\/indian-summer\/\">Herbst<\/a> und <a href=\"https:\/\/samaresart.com\/de\/produkt\/laurentides-puzzle-print\/\">Sommer<\/a> Version kreiert.<\/p>\n<p class=\"\">Alle meine Kunstwerke sind handgefertigt und Originale, eine Mischung aus limitierten und unlimitierten Linolschnitten. Die Drucke werden in meinem Atelier in den Laurentides, Kanada, entworfen, geschnitzt und gedruckt.<\/p>\n<p class=\"\">Bitte beachte: Aufgrund der Handarbeit kann es zu geringf\u00fcgigen Abweichungen vom Bild kommen, sei es in der Farbe, der Gleichm\u00e4\u00dfigkeit der Tinte oder anderen kleinen Unterschieden.<\/p>\n<\/div>\n<\/div>\n<\/div>\n<\/div>\n<\/div>\n<\/div>\n<\/section>","protected":false},"excerpt":{"rendered":"<div id=\"yui_3_17_2_1_1740346408618_121\" class=\"ProductItem-details-excerpt ProductItem-details-excerpt-below-price\" data-content-field=\"excerpt\">\n<p><em>Handgedruckter Linolschnitt auf handgesch\u00f6pftem Lokta Papier<\/em><\/p>\n<p><em>Ma\u00dfe: 26 x 40 cm (10 x 15 Zoll)<\/em><br \/>\nEin Druck, der die Sch\u00f6nheit der Laurentien-Berge zeigt, einer der \u00e4ltesten Gebirgsketten der Erde, die vor etwa einer Milliarde Jahren entstanden ist. Hier kann man drau\u00dfen in Fl\u00fcssen, Seen und Wasserf\u00e4llen spielen, wilde Kr\u00e4uter und Pilze wie Pfifferlinge sammeln. Wenn man auf den Gipfeln von Bergen wandert, die einst sechsmal so hoch waren, ist man von der Sch\u00f6nheit der Wildnis \u00fcberw\u00e4ltigt.<\/p>\n<p>Jeder Druck wird von mir in meiner kleinen Werkstatt in den Laurentides entworfen, geschnitzt und von Hand gedruckt. Da es sich um handgefertigte Produkte handelt, kann es zu leichten Abweichungen in Farbe und Druck kommen. Genau diese kleinen Unterschiede machen handgedruckte Werke so besonders und sch\u00f6n.<\/p>\n<p>Ich drucke auf handgesch\u00f6pftem Lokta-Papier, und jedes Blatt hat seinen ganz eigenen Charakter. Dadurch ist jedes St\u00fcck ein echtes Unikat.<\/p>\n<p>Ohne Rahmen und Zubeh\u00f6r.<\/p>\n<p>&nbsp;<\/p>\n<p>&nbsp;<\/p>\n<\/div>","protected":false},"featured_media":3507,"template":"","meta":[],"product_brand":[],"product_cat":[18],"product_tag":[68],"class_list":{"0":"post-3505","1":"product","2":"type-product","3":"status-publish","4":"has-post-thumbnail","6":"product_cat-printworks","7":"product_tag-puzzleprint","9":"first","10":"instock","11":"shipping-taxable","12":"product-type-simple"},"yoast_head":"<!-- This site is optimized with the Yoast SEO plugin v27.4 - https:\/\/yoast.com\/product\/yoast-seo-wordpress\/ -->\n<title>Hand-carved Blockprint Printemps<\/title>\n<meta name=\"description\" content=\"This print captures the beauty of the Laurentien Mountains in Summer, one of the oldest mountain ranges on earth, formed around one billion years ago.\" \/>\n<meta name=\"robots\" content=\"index, follow, max-snippet:-1, max-image-preview:large, max-video-preview:-1\" \/>\n<link rel=\"canonical\" href=\"https:\/\/samaresart.com\/de\/produkt\/laurentides\/\" \/>\n<meta property=\"og:locale\" content=\"de_DE\" \/>\n<meta property=\"og:type\" content=\"article\" \/>\n<meta property=\"og:title\" content=\"Hand-carved Blockprint Printemps\" \/>\n<meta property=\"og:description\" content=\"This print captures the beauty of the Laurentien Mountains in Summer, one of the oldest mountain ranges on earth, formed around one billion years ago.\" \/>\n<meta property=\"og:url\" content=\"https:\/\/samaresart.com\/de\/produkt\/laurentides\/\" \/>\n<meta property=\"article:modified_time\" content=\"2026-03-23T02:22:03+00:00\" \/>\n<meta property=\"og:image\" content=\"https:\/\/samaresart.com\/wp-content\/uploads\/2026\/03\/Laurentides-Spring-Edition-3.jpg\" \/>\n\t<meta property=\"og:image:width\" content=\"1\" \/>\n\t<meta property=\"og:image:height\" content=\"1\" \/>\n\t<meta property=\"og:image:type\" content=\"image\/jpeg\" \/>\n<meta name=\"twitter:card\" content=\"summary_large_image\" \/>\n<meta name=\"twitter:label1\" content=\"Gesch\u00e4tzte Lesezeit\" \/>\n\t<meta name=\"twitter:data1\" content=\"1\u00a0Minute\" \/>\n<script type=\"application\/ld+json\" class=\"yoast-schema-graph\">{\"@context\":\"https:\\\/\\\/schema.org\",\"@graph\":[{\"@type\":\"WebPage\",\"@id\":\"https:\\\/\\\/samaresart.com\\\/product\\\/laurentides\\\/\",\"url\":\"https:\\\/\\\/samaresart.com\\\/product\\\/laurentides\\\/\",\"name\":\"Hand-carved Blockprint Printemps\",\"isPartOf\":{\"@id\":\"https:\\\/\\\/samaresart.com\\\/en\\\/#website\"},\"primaryImageOfPage\":{\"@id\":\"https:\\\/\\\/samaresart.com\\\/product\\\/laurentides\\\/#primaryimage\"},\"image\":{\"@id\":\"https:\\\/\\\/samaresart.com\\\/product\\\/laurentides\\\/#primaryimage\"},\"thumbnailUrl\":\"https:\\\/\\\/samaresart.com\\\/wp-content\\\/uploads\\\/2026\\\/03\\\/Laurentides-Spring-Edition-3.jpg\",\"datePublished\":\"2026-03-17T17:28:14+00:00\",\"dateModified\":\"2026-03-23T02:22:03+00:00\",\"description\":\"This print captures the beauty of the Laurentien Mountains in Summer, one of the oldest mountain ranges on earth, formed around one billion years ago.\",\"breadcrumb\":{\"@id\":\"https:\\\/\\\/samaresart.com\\\/product\\\/laurentides\\\/#breadcrumb\"},\"inLanguage\":\"de\",\"potentialAction\":[{\"@type\":\"ReadAction\",\"target\":[\"https:\\\/\\\/samaresart.com\\\/product\\\/laurentides\\\/\"]}]},{\"@type\":\"ImageObject\",\"inLanguage\":\"de\",\"@id\":\"https:\\\/\\\/samaresart.com\\\/product\\\/laurentides\\\/#primaryimage\",\"url\":\"https:\\\/\\\/samaresart.com\\\/wp-content\\\/uploads\\\/2026\\\/03\\\/Laurentides-Spring-Edition-3.jpg\",\"contentUrl\":\"https:\\\/\\\/samaresart.com\\\/wp-content\\\/uploads\\\/2026\\\/03\\\/Laurentides-Spring-Edition-3.jpg\",\"caption\":\"Blockprint Laurentides Spring Edition\"},{\"@type\":\"BreadcrumbList\",\"@id\":\"https:\\\/\\\/samaresart.com\\\/product\\\/laurentides\\\/#breadcrumb\",\"itemListElement\":[{\"@type\":\"ListItem\",\"position\":1,\"name\":\"Printworks\",\"item\":\"https:\\\/\\\/samaresart.com\\\/\"},{\"@type\":\"ListItem\",\"position\":2,\"name\":\"Shop\",\"item\":\"https:\\\/\\\/samaresart.com\\\/shop\\\/\"},{\"@type\":\"ListItem\",\"position\":3,\"name\":\"Printemps\"}]},{\"@type\":\"WebSite\",\"@id\":\"https:\\\/\\\/samaresart.com\\\/en\\\/#website\",\"url\":\"https:\\\/\\\/samaresart.com\\\/en\\\/\",\"name\":\"samaresart.com\",\"description\":\"Botanical prints and paintings\",\"publisher\":{\"@id\":\"https:\\\/\\\/samaresart.com\\\/en\\\/#\\\/schema\\\/person\\\/78d4047d4762e7f8336d084fefb1417c\"},\"potentialAction\":[{\"@type\":\"SearchAction\",\"target\":{\"@type\":\"EntryPoint\",\"urlTemplate\":\"https:\\\/\\\/samaresart.com\\\/en\\\/?s={search_term_string}\"},\"query-input\":{\"@type\":\"PropertyValueSpecification\",\"valueRequired\":true,\"valueName\":\"search_term_string\"}}],\"inLanguage\":\"de\"},{\"@type\":[\"Person\",\"Organization\"],\"@id\":\"https:\\\/\\\/samaresart.com\\\/en\\\/#\\\/schema\\\/person\\\/78d4047d4762e7f8336d084fefb1417c\",\"name\":\"Sarah Samares\",\"image\":{\"@type\":\"ImageObject\",\"inLanguage\":\"de\",\"@id\":\"https:\\\/\\\/samaresart.com\\\/wp-content\\\/uploads\\\/2025\\\/02\\\/SarahSamares-18.png\",\"url\":\"https:\\\/\\\/samaresart.com\\\/wp-content\\\/uploads\\\/2025\\\/02\\\/SarahSamares-18.png\",\"contentUrl\":\"https:\\\/\\\/samaresart.com\\\/wp-content\\\/uploads\\\/2025\\\/02\\\/SarahSamares-18.png\",\"width\":1039,\"height\":327,\"caption\":\"Sarah Samares\"},\"logo\":{\"@id\":\"https:\\\/\\\/samaresart.com\\\/wp-content\\\/uploads\\\/2025\\\/02\\\/SarahSamares-18.png\"},\"sameAs\":[\"https:\\\/\\\/samaresart.com\"]}]}<\/script>\n<!-- \/ Yoast SEO plugin. -->","yoast_head_json":{"title":"Hand-carved Blockprint Printemps","description":"This print captures the beauty of the Laurentien Mountains in Summer, one of the oldest mountain ranges on earth, formed around one billion years ago.","robots":{"index":"index","follow":"follow","max-snippet":"max-snippet:-1","max-image-preview":"max-image-preview:large","max-video-preview":"max-video-preview:-1"},"canonical":"https:\/\/samaresart.com\/de\/produkt\/laurentides\/","og_locale":"de_DE","og_type":"article","og_title":"Hand-carved Blockprint Printemps","og_description":"This print captures the beauty of the Laurentien Mountains in Summer, one of the oldest mountain ranges on earth, formed around one billion years ago.","og_url":"https:\/\/samaresart.com\/de\/produkt\/laurentides\/","article_modified_time":"2026-03-23T02:22:03+00:00","og_image":[{"url":"https:\/\/samaresart.com\/wp-content\/uploads\/2026\/03\/Laurentides-Spring-Edition-3.jpg","width":1,"height":1,"type":"image\/jpeg"}],"twitter_card":"summary_large_image","twitter_misc":{"Gesch\u00e4tzte Lesezeit":"1\u00a0Minute"},"schema":{"@context":"https:\/\/schema.org","@graph":[{"@type":"WebPage","@id":"https:\/\/samaresart.com\/product\/laurentides\/","url":"https:\/\/samaresart.com\/product\/laurentides\/","name":"Hand-carved Blockprint Printemps","isPartOf":{"@id":"https:\/\/samaresart.com\/en\/#website"},"primaryImageOfPage":{"@id":"https:\/\/samaresart.com\/product\/laurentides\/#primaryimage"},"image":{"@id":"https:\/\/samaresart.com\/product\/laurentides\/#primaryimage"},"thumbnailUrl":"https:\/\/samaresart.com\/wp-content\/uploads\/2026\/03\/Laurentides-Spring-Edition-3.jpg","datePublished":"2026-03-17T17:28:14+00:00","dateModified":"2026-03-23T02:22:03+00:00","description":"This print captures the beauty of the Laurentien Mountains in Summer, one of the oldest mountain ranges on earth, formed around one billion years ago.","breadcrumb":{"@id":"https:\/\/samaresart.com\/product\/laurentides\/#breadcrumb"},"inLanguage":"de","potentialAction":[{"@type":"ReadAction","target":["https:\/\/samaresart.com\/product\/laurentides\/"]}]},{"@type":"ImageObject","inLanguage":"de","@id":"https:\/\/samaresart.com\/product\/laurentides\/#primaryimage","url":"https:\/\/samaresart.com\/wp-content\/uploads\/2026\/03\/Laurentides-Spring-Edition-3.jpg","contentUrl":"https:\/\/samaresart.com\/wp-content\/uploads\/2026\/03\/Laurentides-Spring-Edition-3.jpg","caption":"Blockprint Laurentides Spring Edition"},{"@type":"BreadcrumbList","@id":"https:\/\/samaresart.com\/product\/laurentides\/#breadcrumb","itemListElement":[{"@type":"ListItem","position":1,"name":"Printworks","item":"https:\/\/samaresart.com\/"},{"@type":"ListItem","position":2,"name":"Shop","item":"https:\/\/samaresart.com\/shop\/"},{"@type":"ListItem","position":3,"name":"Printemps"}]},{"@type":"WebSite","@id":"https:\/\/samaresart.com\/en\/#website","url":"https:\/\/samaresart.com\/en\/","name":"samaresart.com","description":"Botanical prints and paintings","publisher":{"@id":"https:\/\/samaresart.com\/en\/#\/schema\/person\/78d4047d4762e7f8336d084fefb1417c"},"potentialAction":[{"@type":"SearchAction","target":{"@type":"EntryPoint","urlTemplate":"https:\/\/samaresart.com\/en\/?s={search_term_string}"},"query-input":{"@type":"PropertyValueSpecification","valueRequired":true,"valueName":"search_term_string"}}],"inLanguage":"de"},{"@type":["Person","Organization"],"@id":"https:\/\/samaresart.com\/en\/#\/schema\/person\/78d4047d4762e7f8336d084fefb1417c","name":"Sarah Samares","image":{"@type":"ImageObject","inLanguage":"de","@id":"https:\/\/samaresart.com\/wp-content\/uploads\/2025\/02\/SarahSamares-18.png","url":"https:\/\/samaresart.com\/wp-content\/uploads\/2025\/02\/SarahSamares-18.png","contentUrl":"https:\/\/samaresart.com\/wp-content\/uploads\/2025\/02\/SarahSamares-18.png","width":1039,"height":327,"caption":"Sarah Samares"},"logo":{"@id":"https:\/\/samaresart.com\/wp-content\/uploads\/2025\/02\/SarahSamares-18.png"},"sameAs":["https:\/\/samaresart.com"]}]}},"_links":{"self":[{"href":"https:\/\/samaresart.com\/de\/wp-json\/wp\/v2\/product\/3505","targetHints":{"allow":["GET"]}}],"collection":[{"href":"https:\/\/samaresart.com\/de\/wp-json\/wp\/v2\/product"}],"about":[{"href":"https:\/\/samaresart.com\/de\/wp-json\/wp\/v2\/types\/product"}],"wp:featuredmedia":[{"embeddable":true,"href":"https:\/\/samaresart.com\/de\/wp-json\/wp\/v2\/media\/3507"}],"wp:attachment":[{"href":"https:\/\/samaresart.com\/de\/wp-json\/wp\/v2\/media?parent=3505"}],"wp:term":[{"taxonomy":"product_brand","embeddable":true,"href":"https:\/\/samaresart.com\/de\/wp-json\/wp\/v2\/product_brand?post=3505"},{"taxonomy":"product_cat","embeddable":true,"href":"https:\/\/samaresart.com\/de\/wp-json\/wp\/v2\/product_cat?post=3505"},{"taxonomy":"product_tag","embeddable":true,"href":"https:\/\/samaresart.com\/de\/wp-json\/wp\/v2\/product_tag?post=3505"}],"curies":[{"name":"wp","href":"https:\/\/api.w.org\/{rel}","templated":true}]}}