{"id":2998,"date":"2025-11-06T15:15:38","date_gmt":"2025-11-06T15:15:38","guid":{"rendered":"https:\/\/samaresart.com\/?post_type=product&#038;p=2998"},"modified":"2026-04-15T19:30:25","modified_gmt":"2026-04-15T19:30:25","slug":"asclepiade","status":"publish","type":"product","link":"https:\/\/samaresart.com\/de\/produkt\/asclepiade\/","title":{"rendered":"Ascl\u00e9piade"},"content":{"rendered":"<p><em>Reduktionsdruck<\/em><\/p>\n<p class=\"_ap3a _aaco _aacu _aacx _aad7 _aade\" dir=\"auto\">Es gibt so viel \u00fcber die Gew\u00f6hnliche Seidenpflanze zu entdecken:<\/p>\n<p>Nicht nur seine jungen Triebe sind im Fr\u00fchling essbar und bieten einen frischen, nat\u00fcrlichen Snack, sondern auch seine H\u00fclsen, die wie Gurken aussehen und schmecken. Im Sommer sorgen seine leuchtenden Bl\u00fcten nicht nur f\u00fcr Sch\u00f6nheit, sondern spielen auch eine entscheidende Rolle bei der Unterst\u00fctzung der Monarchfalter, indem sie ihnen Nektar und einen Ort zum Eierlegen bieten. Ohne die Seidenpflanze h\u00e4tten Monarchfalter Schwierigkeiten zu \u00fcberleben.<\/p>\n<p>Im Herbst entwickeln die Samen diese weichen, seidigen Fasern. Die winzigen Fallschirme helfen den Samen, im Wind davonzuschweben. Diese Fasern sind nicht nur faszinierend, sondern auch praktisch, da sie als vegane, nachhaltige Alternative zu Daunen in Isolierungen verwendet werden.<\/p>\n<p>Noch beeindruckender ist, dass die Fasern der Pflanze zu Papier verarbeitet werden k\u00f6nnen! Dies unterstreicht die Vielseitigkeit der Seidenpflanze, die \u00fcber das hinausgeht, was die meisten Menschen wissen!<\/p>\n<p>Die Widerstandsf\u00e4higkeit, N\u00fctzlichkeit und stille Sch\u00f6nheit dieser Pflanze inspirieren mich zutiefst.<\/p>\n<section class=\"ProductItem-additional\">\n<div id=\"item-62b066b1e3b7012db5f05fed\" class=\"sqs-layout sqs-grid-12 columns-12\" data-layout-label=\"Post Body\" data-type=\"item\" data-updated-on=\"1657808101927\">\n<div class=\"row sqs-row\">\n<div class=\"col sqs-col-12 span-12\">\n<div id=\"block-881f22cb9176a1c2cd14\" class=\"sqs-block html-block sqs-block-html\" data-block-type=\"2\" data-border-radii=\"{&quot;topLeft&quot;:{&quot;unit&quot;:&quot;px&quot;,&quot;value&quot;:0.0},&quot;topRight&quot;:{&quot;unit&quot;:&quot;px&quot;,&quot;value&quot;:0.0},&quot;bottomLeft&quot;:{&quot;unit&quot;:&quot;px&quot;,&quot;value&quot;:0.0},&quot;bottomRight&quot;:{&quot;unit&quot;:&quot;px&quot;,&quot;value&quot;:0.0}}\">\n<div class=\"sqs-block-content\">\n<div class=\"sqs-html-content\">\n<p class=\"\">Alle meine Kunstwerke sind handgefertigt und Originale, eine Mischung aus limitierten und unlimitierten Linolschnitten. Die Drucke werden in meinem Atelier in den Laurentides, Kanada, entworfen, geschnitzt und gedruckt.<\/p>\n<p class=\"\">Bitte beachte: Aufgrund der Handarbeit kann es zu geringf\u00fcgigen Abweichungen vom Bild kommen, sei es in der Farbe, der Gleichm\u00e4\u00dfigkeit der Tinte oder anderen kleinen Unterschieden.<\/p>\n<\/div>\n<\/div>\n<\/div>\n<\/div>\n<\/div>\n<\/div>\n<\/section>","protected":false},"excerpt":{"rendered":"<div class=\"ProductItem-details-excerpt ProductItem-details-excerpt-below-price\" data-content-field=\"excerpt\">\n<p><em>Handgedruckter Linolschnitt auf handgesch\u00f6pftem Lokta Papier<\/em><\/p>\n<p><em>Ma\u00dfe: 26 x 50 cm (10 x 20 Zoll)<\/em><\/p>\n<p>Die Gew\u00f6hnliche Seidenpflanze ist nicht nur eine bemerkenswert vielseitige Pflanze, sondern hat auch eine so feminine Ausstrahlung, eine stille Sch\u00f6nheit die mich tiefs ber\u00fchrt hat.<\/p>\n<p class=\"whitespace-normal break-words\">Dieser Druck wurde mit der \u201eReduktionsmethode\u201c hergestellt. Bei dieser Technik wird ein einzelner Linolblock in mehreren Schritten geschnitzt, um Farbschichten aufzubauen. Hier wurden 6 Schichten geschaffen. Bei dieser Technik wird nach jeder Farbschicht etwas mehr vom Druckblock weggeschnitzt, sodass nur eine Auflage gedruckt werden kann. Sobald der Druck ausverkauft ist, wird er nie wieder erh\u00e4ltlich sein.<\/p>\n<p>Jeder Druck wird von mir in meiner kleinen Werkstatt in den Laurentides entworfen, geschnitzt und von Hand gedruckt. Da es sich um handgefertigte Produkte handelt, kann es zu leichten Abweichungen in Farbe und Druck kommen. Genau diese kleinen Unterschiede machen handgedruckte Werke so besonders und sch\u00f6n.<\/p>\n<p>Ich drucke auf handgesch\u00f6pftem Lokta-Papier, und jedes Blatt hat seinen ganz eigenen Charakter. Dadurch ist jedes St\u00fcck ein echtes Unikat.<\/p>\n<p>Ohne Rahmen und Zubeh\u00f6r.<\/p>\n<\/div>","protected":false},"featured_media":3000,"template":"","meta":[],"product_brand":[],"product_cat":[18],"product_tag":[71],"class_list":{"0":"post-2998","1":"product","2":"type-product","3":"status-publish","4":"has-post-thumbnail","6":"product_cat-printworks","7":"product_tag-reductionprint","9":"first","10":"instock","11":"shipping-taxable","12":"product-type-simple"},"yoast_head":"<!-- This site is optimized with the Yoast SEO plugin v27.4 - https:\/\/yoast.com\/product\/yoast-seo-wordpress\/ -->\n<title>Botanical Blockprint Common Milkweed<\/title>\n<meta name=\"description\" content=\"Hand carved printwork for Common milkweed: is not only a remarkably versatile plant, but it also has such a feminine aura that it caught my eye this autumn.\" \/>\n<meta name=\"robots\" content=\"index, follow, max-snippet:-1, max-image-preview:large, max-video-preview:-1\" \/>\n<link rel=\"canonical\" href=\"https:\/\/samaresart.com\/de\/produkt\/asclepiade\/\" \/>\n<meta property=\"og:locale\" content=\"de_DE\" \/>\n<meta property=\"og:type\" content=\"article\" \/>\n<meta property=\"og:title\" content=\"Botanical Blockprint Common Milkweed\" \/>\n<meta property=\"og:description\" content=\"Hand carved printwork for Common milkweed: is not only a remarkably versatile plant, but it also has such a feminine aura that it caught my eye this autumn.\" \/>\n<meta property=\"og:url\" content=\"https:\/\/samaresart.com\/de\/produkt\/asclepiade\/\" \/>\n<meta property=\"article:modified_time\" content=\"2026-04-15T19:30:25+00:00\" \/>\n<meta property=\"og:image\" content=\"https:\/\/samaresart.com\/wp-content\/uploads\/2025\/11\/Asclepiade-2-scaled.jpg\" \/>\n\t<meta property=\"og:image:width\" content=\"2048\" \/>\n\t<meta property=\"og:image:height\" content=\"2560\" \/>\n\t<meta property=\"og:image:type\" content=\"image\/jpeg\" \/>\n<meta name=\"twitter:card\" content=\"summary_large_image\" \/>\n<meta name=\"twitter:label1\" content=\"Gesch\u00e4tzte Lesezeit\" \/>\n\t<meta name=\"twitter:data1\" content=\"2\u00a0Minuten\" \/>\n<script type=\"application\/ld+json\" class=\"yoast-schema-graph\">{\"@context\":\"https:\\\/\\\/schema.org\",\"@graph\":[{\"@type\":\"WebPage\",\"@id\":\"https:\\\/\\\/samaresart.com\\\/product\\\/asclepiade\\\/\",\"url\":\"https:\\\/\\\/samaresart.com\\\/product\\\/asclepiade\\\/\",\"name\":\"Botanical Blockprint Common Milkweed\",\"isPartOf\":{\"@id\":\"https:\\\/\\\/samaresart.com\\\/en\\\/#website\"},\"primaryImageOfPage\":{\"@id\":\"https:\\\/\\\/samaresart.com\\\/product\\\/asclepiade\\\/#primaryimage\"},\"image\":{\"@id\":\"https:\\\/\\\/samaresart.com\\\/product\\\/asclepiade\\\/#primaryimage\"},\"thumbnailUrl\":\"https:\\\/\\\/samaresart.com\\\/wp-content\\\/uploads\\\/2025\\\/11\\\/Asclepiade-2-scaled.jpg\",\"datePublished\":\"2025-11-06T15:15:38+00:00\",\"dateModified\":\"2026-04-15T19:30:25+00:00\",\"description\":\"Hand carved printwork for Common milkweed: is not only a remarkably versatile plant, but it also has such a feminine aura that it caught my eye this autumn.\",\"breadcrumb\":{\"@id\":\"https:\\\/\\\/samaresart.com\\\/product\\\/asclepiade\\\/#breadcrumb\"},\"inLanguage\":\"de\",\"potentialAction\":[{\"@type\":\"ReadAction\",\"target\":[\"https:\\\/\\\/samaresart.com\\\/product\\\/asclepiade\\\/\"]}]},{\"@type\":\"ImageObject\",\"inLanguage\":\"de\",\"@id\":\"https:\\\/\\\/samaresart.com\\\/product\\\/asclepiade\\\/#primaryimage\",\"url\":\"https:\\\/\\\/samaresart.com\\\/wp-content\\\/uploads\\\/2025\\\/11\\\/Asclepiade-2-scaled.jpg\",\"contentUrl\":\"https:\\\/\\\/samaresart.com\\\/wp-content\\\/uploads\\\/2025\\\/11\\\/Asclepiade-2-scaled.jpg\",\"width\":2048,\"height\":2560,\"caption\":\"Hand-printed Reliefprint Asclepiade\"},{\"@type\":\"BreadcrumbList\",\"@id\":\"https:\\\/\\\/samaresart.com\\\/product\\\/asclepiade\\\/#breadcrumb\",\"itemListElement\":[{\"@type\":\"ListItem\",\"position\":1,\"name\":\"Printworks\",\"item\":\"https:\\\/\\\/samaresart.com\\\/\"},{\"@type\":\"ListItem\",\"position\":2,\"name\":\"Shop\",\"item\":\"https:\\\/\\\/samaresart.com\\\/shop\\\/\"},{\"@type\":\"ListItem\",\"position\":3,\"name\":\"Ascl\u00e9piade\"}]},{\"@type\":\"WebSite\",\"@id\":\"https:\\\/\\\/samaresart.com\\\/en\\\/#website\",\"url\":\"https:\\\/\\\/samaresart.com\\\/en\\\/\",\"name\":\"samaresart.com\",\"description\":\"Botanical prints and paintings\",\"publisher\":{\"@id\":\"https:\\\/\\\/samaresart.com\\\/en\\\/#\\\/schema\\\/person\\\/78d4047d4762e7f8336d084fefb1417c\"},\"potentialAction\":[{\"@type\":\"SearchAction\",\"target\":{\"@type\":\"EntryPoint\",\"urlTemplate\":\"https:\\\/\\\/samaresart.com\\\/en\\\/?s={search_term_string}\"},\"query-input\":{\"@type\":\"PropertyValueSpecification\",\"valueRequired\":true,\"valueName\":\"search_term_string\"}}],\"inLanguage\":\"de\"},{\"@type\":[\"Person\",\"Organization\"],\"@id\":\"https:\\\/\\\/samaresart.com\\\/en\\\/#\\\/schema\\\/person\\\/78d4047d4762e7f8336d084fefb1417c\",\"name\":\"Sarah Samares\",\"image\":{\"@type\":\"ImageObject\",\"inLanguage\":\"de\",\"@id\":\"https:\\\/\\\/samaresart.com\\\/wp-content\\\/uploads\\\/2025\\\/02\\\/SarahSamares-18.png\",\"url\":\"https:\\\/\\\/samaresart.com\\\/wp-content\\\/uploads\\\/2025\\\/02\\\/SarahSamares-18.png\",\"contentUrl\":\"https:\\\/\\\/samaresart.com\\\/wp-content\\\/uploads\\\/2025\\\/02\\\/SarahSamares-18.png\",\"width\":1039,\"height\":327,\"caption\":\"Sarah Samares\"},\"logo\":{\"@id\":\"https:\\\/\\\/samaresart.com\\\/wp-content\\\/uploads\\\/2025\\\/02\\\/SarahSamares-18.png\"},\"sameAs\":[\"https:\\\/\\\/samaresart.com\"]}]}<\/script>\n<!-- \/ Yoast SEO plugin. -->","yoast_head_json":{"title":"Botanical Blockprint Common Milkweed","description":"Hand carved printwork for Common milkweed: is not only a remarkably versatile plant, but it also has such a feminine aura that it caught my eye this autumn.","robots":{"index":"index","follow":"follow","max-snippet":"max-snippet:-1","max-image-preview":"max-image-preview:large","max-video-preview":"max-video-preview:-1"},"canonical":"https:\/\/samaresart.com\/de\/produkt\/asclepiade\/","og_locale":"de_DE","og_type":"article","og_title":"Botanical Blockprint Common Milkweed","og_description":"Hand carved printwork for Common milkweed: is not only a remarkably versatile plant, but it also has such a feminine aura that it caught my eye this autumn.","og_url":"https:\/\/samaresart.com\/de\/produkt\/asclepiade\/","article_modified_time":"2026-04-15T19:30:25+00:00","og_image":[{"width":2048,"height":2560,"url":"https:\/\/samaresart.com\/wp-content\/uploads\/2025\/11\/Asclepiade-2-scaled.jpg","type":"image\/jpeg"}],"twitter_card":"summary_large_image","twitter_misc":{"Gesch\u00e4tzte Lesezeit":"2\u00a0Minuten"},"schema":{"@context":"https:\/\/schema.org","@graph":[{"@type":"WebPage","@id":"https:\/\/samaresart.com\/product\/asclepiade\/","url":"https:\/\/samaresart.com\/product\/asclepiade\/","name":"Botanical Blockprint Common Milkweed","isPartOf":{"@id":"https:\/\/samaresart.com\/en\/#website"},"primaryImageOfPage":{"@id":"https:\/\/samaresart.com\/product\/asclepiade\/#primaryimage"},"image":{"@id":"https:\/\/samaresart.com\/product\/asclepiade\/#primaryimage"},"thumbnailUrl":"https:\/\/samaresart.com\/wp-content\/uploads\/2025\/11\/Asclepiade-2-scaled.jpg","datePublished":"2025-11-06T15:15:38+00:00","dateModified":"2026-04-15T19:30:25+00:00","description":"Hand carved printwork for Common milkweed: is not only a remarkably versatile plant, but it also has such a feminine aura that it caught my eye this autumn.","breadcrumb":{"@id":"https:\/\/samaresart.com\/product\/asclepiade\/#breadcrumb"},"inLanguage":"de","potentialAction":[{"@type":"ReadAction","target":["https:\/\/samaresart.com\/product\/asclepiade\/"]}]},{"@type":"ImageObject","inLanguage":"de","@id":"https:\/\/samaresart.com\/product\/asclepiade\/#primaryimage","url":"https:\/\/samaresart.com\/wp-content\/uploads\/2025\/11\/Asclepiade-2-scaled.jpg","contentUrl":"https:\/\/samaresart.com\/wp-content\/uploads\/2025\/11\/Asclepiade-2-scaled.jpg","width":2048,"height":2560,"caption":"Hand-printed Reliefprint Asclepiade"},{"@type":"BreadcrumbList","@id":"https:\/\/samaresart.com\/product\/asclepiade\/#breadcrumb","itemListElement":[{"@type":"ListItem","position":1,"name":"Printworks","item":"https:\/\/samaresart.com\/"},{"@type":"ListItem","position":2,"name":"Shop","item":"https:\/\/samaresart.com\/shop\/"},{"@type":"ListItem","position":3,"name":"Ascl\u00e9piade"}]},{"@type":"WebSite","@id":"https:\/\/samaresart.com\/en\/#website","url":"https:\/\/samaresart.com\/en\/","name":"samaresart.com","description":"Botanical prints and paintings","publisher":{"@id":"https:\/\/samaresart.com\/en\/#\/schema\/person\/78d4047d4762e7f8336d084fefb1417c"},"potentialAction":[{"@type":"SearchAction","target":{"@type":"EntryPoint","urlTemplate":"https:\/\/samaresart.com\/en\/?s={search_term_string}"},"query-input":{"@type":"PropertyValueSpecification","valueRequired":true,"valueName":"search_term_string"}}],"inLanguage":"de"},{"@type":["Person","Organization"],"@id":"https:\/\/samaresart.com\/en\/#\/schema\/person\/78d4047d4762e7f8336d084fefb1417c","name":"Sarah Samares","image":{"@type":"ImageObject","inLanguage":"de","@id":"https:\/\/samaresart.com\/wp-content\/uploads\/2025\/02\/SarahSamares-18.png","url":"https:\/\/samaresart.com\/wp-content\/uploads\/2025\/02\/SarahSamares-18.png","contentUrl":"https:\/\/samaresart.com\/wp-content\/uploads\/2025\/02\/SarahSamares-18.png","width":1039,"height":327,"caption":"Sarah Samares"},"logo":{"@id":"https:\/\/samaresart.com\/wp-content\/uploads\/2025\/02\/SarahSamares-18.png"},"sameAs":["https:\/\/samaresart.com"]}]}},"_links":{"self":[{"href":"https:\/\/samaresart.com\/de\/wp-json\/wp\/v2\/product\/2998","targetHints":{"allow":["GET"]}}],"collection":[{"href":"https:\/\/samaresart.com\/de\/wp-json\/wp\/v2\/product"}],"about":[{"href":"https:\/\/samaresart.com\/de\/wp-json\/wp\/v2\/types\/product"}],"wp:featuredmedia":[{"embeddable":true,"href":"https:\/\/samaresart.com\/de\/wp-json\/wp\/v2\/media\/3000"}],"wp:attachment":[{"href":"https:\/\/samaresart.com\/de\/wp-json\/wp\/v2\/media?parent=2998"}],"wp:term":[{"taxonomy":"product_brand","embeddable":true,"href":"https:\/\/samaresart.com\/de\/wp-json\/wp\/v2\/product_brand?post=2998"},{"taxonomy":"product_cat","embeddable":true,"href":"https:\/\/samaresart.com\/de\/wp-json\/wp\/v2\/product_cat?post=2998"},{"taxonomy":"product_tag","embeddable":true,"href":"https:\/\/samaresart.com\/de\/wp-json\/wp\/v2\/product_tag?post=2998"}],"curies":[{"name":"wp","href":"https:\/\/api.w.org\/{rel}","templated":true}]}}