{"id":2912,"date":"2025-10-10T15:57:35","date_gmt":"2025-10-10T15:57:35","guid":{"rendered":"https:\/\/samaresart.com\/?post_type=product&#038;p=2912"},"modified":"2026-03-17T18:46:45","modified_gmt":"2026-03-17T18:46:45","slug":"molene","status":"publish","type":"product","link":"https:\/\/samaresart.com\/de\/produkt\/molene\/","title":{"rendered":"Mol\u00e8ne"},"content":{"rendered":"<p><em>Reduktionsdruck<\/em><\/p>\n<p>Da diese Pflanze in meinem Garten neben einer anderen namens <a href=\"https:\/\/samaresart.com\/de\/produkt\/verge-dor-reduction-print\/\"><em data-start=\"247\" data-end=\"267\">Kanadische Goldrute<\/em><\/a>gewachsen ist, habe ich beide Pflanzen gleichzeitig und mit dem gleichen Farbschema gedruckt.<\/p>\n<section class=\"ProductItem-additional\">\n<div id=\"item-62b066b1e3b7012db5f05fed\" class=\"sqs-layout sqs-grid-12 columns-12\" data-layout-label=\"Post Body\" data-type=\"item\" data-updated-on=\"1657808101927\">\n<div class=\"row sqs-row\">\n<div class=\"col sqs-col-12 span-12\">\n<div id=\"block-881f22cb9176a1c2cd14\" class=\"sqs-block html-block sqs-block-html\" data-block-type=\"2\" data-border-radii=\"{&quot;topLeft&quot;:{&quot;unit&quot;:&quot;px&quot;,&quot;value&quot;:0.0},&quot;topRight&quot;:{&quot;unit&quot;:&quot;px&quot;,&quot;value&quot;:0.0},&quot;bottomLeft&quot;:{&quot;unit&quot;:&quot;px&quot;,&quot;value&quot;:0.0},&quot;bottomRight&quot;:{&quot;unit&quot;:&quot;px&quot;,&quot;value&quot;:0.0}}\">\n<div class=\"sqs-block-content\">\n<div class=\"sqs-html-content\">\n<p class=\"\">Alle meine Kunstwerke sind handgefertigt und Originale, eine Mischung aus limitierten und unlimitierten Linolschnitten. Die Drucke werden in meinem Atelier in den Laurentides, Kanada, entworfen, geschnitzt und gedruckt.<\/p>\n<p class=\"\">Bitte beachte: Aufgrund der Handarbeit kann es zu geringf\u00fcgigen Abweichungen vom Bild kommen, sei es in der Farbe, der Gleichm\u00e4\u00dfigkeit der Tinte oder anderen kleinen Unterschieden.<\/p>\n<\/div>\n<\/div>\n<\/div>\n<\/div>\n<\/div>\n<\/div>\n<\/section>","protected":false},"excerpt":{"rendered":"<div id=\"yui_3_17_2_1_1740346408618_121\" class=\"ProductItem-details-excerpt ProductItem-details-excerpt-below-price\" data-content-field=\"excerpt\"><em>Handgedruckter Linolschnitt auf handgesch\u00f6pftem Lokta Papier<\/em><\/div>\n<div class=\"ProductItem-details-excerpt ProductItem-details-excerpt-below-price\" data-content-field=\"excerpt\">\n<em>Ma\u00dfe: 26 x 40 cm (10 x 15 Zoll)<\/em><\/div>\n<div class=\"ProductItem-details-excerpt ProductItem-details-excerpt-below-price\" data-content-field=\"excerpt\">\n<p><strong data-start=\"123\" data-end=\"158\">K\u00f6nigskerze (Verbascum thapsus)<\/strong> is a traditional herbal remedy known for its soothing effects on the respiratory system. I use its soft, woolly leaves to make a gentle tea that helps ease coughs, clear the lungs, and support breathing &#8211; especially during the colder months that are arriving soon.Since this plant grows wild in my garden next to another one called <a href=\"https:\/\/samaresart.com\/de\/produkt\/verge-dor-reduction-print\/\"><em data-start=\"247\" data-end=\"267\">Kanadische Goldrute<\/em><\/a>gewachsen ist, habe ich beide Pflanzen gleichzeitig und mit dem gleichen Farbschema gedruckt.<\/p>\n<p class=\"whitespace-normal break-words\">Dieser Druck wurde mit der \u201eReduktionsmethode\u201c hergestellt. Bei dieser Technik wird ein einzelner Linolblock in mehreren Schritten geschnitzt, um Farbschichten aufzubauen. Hier wurden 5 Schichten geschaffen. Bei dieser Technik wird nach jeder Farbschicht etwas mehr vom Druckblock weggeschnitzt, sodass nur eine Auflage gedruckt werden kann. Sobald der Druck ausverkauft ist, wird er nie wieder erh\u00e4ltlich sein.<\/p>\n<p>Jeder Druck wird von mir in meiner kleinen Werkstatt in den Laurentides entworfen, geschnitzt und von Hand gedruckt. Da es sich um handgefertigte Produkte handelt, kann es zu leichten Abweichungen in Farbe und Druck kommen. Genau diese kleinen Unterschiede machen handgedruckte Werke so besonders und sch\u00f6n.<\/p>\n<p>Ich drucke auf handgesch\u00f6pftem Lokta-Papier, und jedes Blatt hat seinen ganz eigenen Charakter. Dadurch ist jedes St\u00fcck ein echtes Unikat.<\/p>\n<p>Ohne Rahmen und Zubeh\u00f6r.<\/p>\n<\/div>","protected":false},"featured_media":2915,"template":"","meta":[],"product_brand":[],"product_cat":[18],"product_tag":[71],"class_list":{"0":"post-2912","1":"product","2":"type-product","3":"status-publish","4":"has-post-thumbnail","6":"product_cat-printworks","7":"product_tag-reductionprint","9":"first","10":"instock","11":"sold-individually","12":"shipping-taxable","13":"product-type-simple"},"yoast_head":"<!-- This site is optimized with the Yoast SEO plugin v27.4 - https:\/\/yoast.com\/product\/yoast-seo-wordpress\/ -->\n<title>Botanical Blockprint Mullein<\/title>\n<meta name=\"description\" content=\"Hand carved printwork for herbalist and nature lovers. This print captures the plant that is known for soothing effects on the respiratory system: Mullein\" \/>\n<meta name=\"robots\" content=\"index, follow, max-snippet:-1, max-image-preview:large, max-video-preview:-1\" \/>\n<link rel=\"canonical\" href=\"https:\/\/samaresart.com\/de\/produkt\/molene\/\" \/>\n<meta property=\"og:locale\" content=\"de_DE\" \/>\n<meta property=\"og:type\" content=\"article\" \/>\n<meta property=\"og:title\" content=\"Botanical Blockprint Mullein\" \/>\n<meta property=\"og:description\" content=\"Hand carved printwork for herbalist and nature lovers. This print captures the plant that is known for soothing effects on the respiratory system: Mullein\" \/>\n<meta property=\"og:url\" content=\"https:\/\/samaresart.com\/de\/produkt\/molene\/\" \/>\n<meta property=\"article:modified_time\" content=\"2026-03-17T18:46:45+00:00\" \/>\n<meta property=\"og:image\" content=\"https:\/\/samaresart.com\/wp-content\/uploads\/2025\/10\/DSC1137-Wiederhergestellt-scaled.jpg\" \/>\n\t<meta property=\"og:image:width\" content=\"2048\" \/>\n\t<meta property=\"og:image:height\" content=\"2560\" \/>\n\t<meta property=\"og:image:type\" content=\"image\/jpeg\" \/>\n<meta name=\"twitter:card\" content=\"summary_large_image\" \/>\n<meta name=\"twitter:label1\" content=\"Gesch\u00e4tzte Lesezeit\" \/>\n\t<meta name=\"twitter:data1\" content=\"1\u00a0Minute\" \/>\n<script type=\"application\/ld+json\" class=\"yoast-schema-graph\">{\"@context\":\"https:\\\/\\\/schema.org\",\"@graph\":[{\"@type\":\"WebPage\",\"@id\":\"https:\\\/\\\/samaresart.com\\\/product\\\/molene\\\/\",\"url\":\"https:\\\/\\\/samaresart.com\\\/product\\\/molene\\\/\",\"name\":\"Botanical Blockprint Mullein\",\"isPartOf\":{\"@id\":\"https:\\\/\\\/samaresart.com\\\/en\\\/#website\"},\"primaryImageOfPage\":{\"@id\":\"https:\\\/\\\/samaresart.com\\\/product\\\/molene\\\/#primaryimage\"},\"image\":{\"@id\":\"https:\\\/\\\/samaresart.com\\\/product\\\/molene\\\/#primaryimage\"},\"thumbnailUrl\":\"https:\\\/\\\/samaresart.com\\\/wp-content\\\/uploads\\\/2025\\\/10\\\/DSC1137-Wiederhergestellt-scaled.jpg\",\"datePublished\":\"2025-10-10T15:57:35+00:00\",\"dateModified\":\"2026-03-17T18:46:45+00:00\",\"description\":\"Hand carved printwork for herbalist and nature lovers. This print captures the plant that is known for soothing effects on the respiratory system: Mullein\",\"breadcrumb\":{\"@id\":\"https:\\\/\\\/samaresart.com\\\/product\\\/molene\\\/#breadcrumb\"},\"inLanguage\":\"de\",\"potentialAction\":[{\"@type\":\"ReadAction\",\"target\":[\"https:\\\/\\\/samaresart.com\\\/product\\\/molene\\\/\"]}]},{\"@type\":\"ImageObject\",\"inLanguage\":\"de\",\"@id\":\"https:\\\/\\\/samaresart.com\\\/product\\\/molene\\\/#primaryimage\",\"url\":\"https:\\\/\\\/samaresart.com\\\/wp-content\\\/uploads\\\/2025\\\/10\\\/DSC1137-Wiederhergestellt-scaled.jpg\",\"contentUrl\":\"https:\\\/\\\/samaresart.com\\\/wp-content\\\/uploads\\\/2025\\\/10\\\/DSC1137-Wiederhergestellt-scaled.jpg\",\"width\":2048,\"height\":2560,\"caption\":\"Hand Carved and printed Block print Mullein Sarah Samares Printmaker\"},{\"@type\":\"BreadcrumbList\",\"@id\":\"https:\\\/\\\/samaresart.com\\\/product\\\/molene\\\/#breadcrumb\",\"itemListElement\":[{\"@type\":\"ListItem\",\"position\":1,\"name\":\"Printworks\",\"item\":\"https:\\\/\\\/samaresart.com\\\/\"},{\"@type\":\"ListItem\",\"position\":2,\"name\":\"Shop\",\"item\":\"https:\\\/\\\/samaresart.com\\\/shop\\\/\"},{\"@type\":\"ListItem\",\"position\":3,\"name\":\"Mol\u00e8ne\"}]},{\"@type\":\"WebSite\",\"@id\":\"https:\\\/\\\/samaresart.com\\\/en\\\/#website\",\"url\":\"https:\\\/\\\/samaresart.com\\\/en\\\/\",\"name\":\"samaresart.com\",\"description\":\"Botanical prints and paintings\",\"publisher\":{\"@id\":\"https:\\\/\\\/samaresart.com\\\/en\\\/#\\\/schema\\\/person\\\/78d4047d4762e7f8336d084fefb1417c\"},\"potentialAction\":[{\"@type\":\"SearchAction\",\"target\":{\"@type\":\"EntryPoint\",\"urlTemplate\":\"https:\\\/\\\/samaresart.com\\\/en\\\/?s={search_term_string}\"},\"query-input\":{\"@type\":\"PropertyValueSpecification\",\"valueRequired\":true,\"valueName\":\"search_term_string\"}}],\"inLanguage\":\"de\"},{\"@type\":[\"Person\",\"Organization\"],\"@id\":\"https:\\\/\\\/samaresart.com\\\/en\\\/#\\\/schema\\\/person\\\/78d4047d4762e7f8336d084fefb1417c\",\"name\":\"Sarah Samares\",\"image\":{\"@type\":\"ImageObject\",\"inLanguage\":\"de\",\"@id\":\"https:\\\/\\\/samaresart.com\\\/wp-content\\\/uploads\\\/2025\\\/02\\\/SarahSamares-18.png\",\"url\":\"https:\\\/\\\/samaresart.com\\\/wp-content\\\/uploads\\\/2025\\\/02\\\/SarahSamares-18.png\",\"contentUrl\":\"https:\\\/\\\/samaresart.com\\\/wp-content\\\/uploads\\\/2025\\\/02\\\/SarahSamares-18.png\",\"width\":1039,\"height\":327,\"caption\":\"Sarah Samares\"},\"logo\":{\"@id\":\"https:\\\/\\\/samaresart.com\\\/wp-content\\\/uploads\\\/2025\\\/02\\\/SarahSamares-18.png\"},\"sameAs\":[\"https:\\\/\\\/samaresart.com\"]}]}<\/script>\n<!-- \/ Yoast SEO plugin. -->","yoast_head_json":{"title":"Botanical Blockprint Mullein","description":"Hand carved printwork for herbalist and nature lovers. This print captures the plant that is known for soothing effects on the respiratory system: Mullein","robots":{"index":"index","follow":"follow","max-snippet":"max-snippet:-1","max-image-preview":"max-image-preview:large","max-video-preview":"max-video-preview:-1"},"canonical":"https:\/\/samaresart.com\/de\/produkt\/molene\/","og_locale":"de_DE","og_type":"article","og_title":"Botanical Blockprint Mullein","og_description":"Hand carved printwork for herbalist and nature lovers. This print captures the plant that is known for soothing effects on the respiratory system: Mullein","og_url":"https:\/\/samaresart.com\/de\/produkt\/molene\/","article_modified_time":"2026-03-17T18:46:45+00:00","og_image":[{"width":2048,"height":2560,"url":"https:\/\/samaresart.com\/wp-content\/uploads\/2025\/10\/DSC1137-Wiederhergestellt-scaled.jpg","type":"image\/jpeg"}],"twitter_card":"summary_large_image","twitter_misc":{"Gesch\u00e4tzte Lesezeit":"1\u00a0Minute"},"schema":{"@context":"https:\/\/schema.org","@graph":[{"@type":"WebPage","@id":"https:\/\/samaresart.com\/product\/molene\/","url":"https:\/\/samaresart.com\/product\/molene\/","name":"Botanical Blockprint Mullein","isPartOf":{"@id":"https:\/\/samaresart.com\/en\/#website"},"primaryImageOfPage":{"@id":"https:\/\/samaresart.com\/product\/molene\/#primaryimage"},"image":{"@id":"https:\/\/samaresart.com\/product\/molene\/#primaryimage"},"thumbnailUrl":"https:\/\/samaresart.com\/wp-content\/uploads\/2025\/10\/DSC1137-Wiederhergestellt-scaled.jpg","datePublished":"2025-10-10T15:57:35+00:00","dateModified":"2026-03-17T18:46:45+00:00","description":"Hand carved printwork for herbalist and nature lovers. This print captures the plant that is known for soothing effects on the respiratory system: Mullein","breadcrumb":{"@id":"https:\/\/samaresart.com\/product\/molene\/#breadcrumb"},"inLanguage":"de","potentialAction":[{"@type":"ReadAction","target":["https:\/\/samaresart.com\/product\/molene\/"]}]},{"@type":"ImageObject","inLanguage":"de","@id":"https:\/\/samaresart.com\/product\/molene\/#primaryimage","url":"https:\/\/samaresart.com\/wp-content\/uploads\/2025\/10\/DSC1137-Wiederhergestellt-scaled.jpg","contentUrl":"https:\/\/samaresart.com\/wp-content\/uploads\/2025\/10\/DSC1137-Wiederhergestellt-scaled.jpg","width":2048,"height":2560,"caption":"Hand Carved and printed Block print Mullein Sarah Samares Printmaker"},{"@type":"BreadcrumbList","@id":"https:\/\/samaresart.com\/product\/molene\/#breadcrumb","itemListElement":[{"@type":"ListItem","position":1,"name":"Printworks","item":"https:\/\/samaresart.com\/"},{"@type":"ListItem","position":2,"name":"Shop","item":"https:\/\/samaresart.com\/shop\/"},{"@type":"ListItem","position":3,"name":"Mol\u00e8ne"}]},{"@type":"WebSite","@id":"https:\/\/samaresart.com\/en\/#website","url":"https:\/\/samaresart.com\/en\/","name":"samaresart.com","description":"Botanical prints and paintings","publisher":{"@id":"https:\/\/samaresart.com\/en\/#\/schema\/person\/78d4047d4762e7f8336d084fefb1417c"},"potentialAction":[{"@type":"SearchAction","target":{"@type":"EntryPoint","urlTemplate":"https:\/\/samaresart.com\/en\/?s={search_term_string}"},"query-input":{"@type":"PropertyValueSpecification","valueRequired":true,"valueName":"search_term_string"}}],"inLanguage":"de"},{"@type":["Person","Organization"],"@id":"https:\/\/samaresart.com\/en\/#\/schema\/person\/78d4047d4762e7f8336d084fefb1417c","name":"Sarah Samares","image":{"@type":"ImageObject","inLanguage":"de","@id":"https:\/\/samaresart.com\/wp-content\/uploads\/2025\/02\/SarahSamares-18.png","url":"https:\/\/samaresart.com\/wp-content\/uploads\/2025\/02\/SarahSamares-18.png","contentUrl":"https:\/\/samaresart.com\/wp-content\/uploads\/2025\/02\/SarahSamares-18.png","width":1039,"height":327,"caption":"Sarah Samares"},"logo":{"@id":"https:\/\/samaresart.com\/wp-content\/uploads\/2025\/02\/SarahSamares-18.png"},"sameAs":["https:\/\/samaresart.com"]}]}},"_links":{"self":[{"href":"https:\/\/samaresart.com\/de\/wp-json\/wp\/v2\/product\/2912","targetHints":{"allow":["GET"]}}],"collection":[{"href":"https:\/\/samaresart.com\/de\/wp-json\/wp\/v2\/product"}],"about":[{"href":"https:\/\/samaresart.com\/de\/wp-json\/wp\/v2\/types\/product"}],"wp:featuredmedia":[{"embeddable":true,"href":"https:\/\/samaresart.com\/de\/wp-json\/wp\/v2\/media\/2915"}],"wp:attachment":[{"href":"https:\/\/samaresart.com\/de\/wp-json\/wp\/v2\/media?parent=2912"}],"wp:term":[{"taxonomy":"product_brand","embeddable":true,"href":"https:\/\/samaresart.com\/de\/wp-json\/wp\/v2\/product_brand?post=2912"},{"taxonomy":"product_cat","embeddable":true,"href":"https:\/\/samaresart.com\/de\/wp-json\/wp\/v2\/product_cat?post=2912"},{"taxonomy":"product_tag","embeddable":true,"href":"https:\/\/samaresart.com\/de\/wp-json\/wp\/v2\/product_tag?post=2912"}],"curies":[{"name":"wp","href":"https:\/\/api.w.org\/{rel}","templated":true}]}}