{"id":2645,"date":"2025-07-10T17:36:21","date_gmt":"2025-07-10T17:36:21","guid":{"rendered":"https:\/\/samaresart.com\/?post_type=product&#038;p=2645"},"modified":"2026-04-01T22:22:19","modified_gmt":"2026-04-01T22:22:19","slug":"chicory","status":"publish","type":"product","link":"https:\/\/samaresart.com\/de\/produkt\/chicory\/","title":{"rendered":"Chicory"},"content":{"rendered":"<p><em>Multiblock Print<\/em><\/p>\n<section class=\"ProductItem-additional\">\n<div id=\"item-62b066b1e3b7012db5f05fed\" class=\"sqs-layout sqs-grid-12 columns-12\" data-layout-label=\"Post Body\" data-type=\"item\" data-updated-on=\"1657808101927\">\n<div class=\"row sqs-row\">\n<div class=\"col sqs-col-12 span-12\">\n<div id=\"block-881f22cb9176a1c2cd14\" class=\"sqs-block html-block sqs-block-html\" data-block-type=\"2\" data-border-radii=\"{&quot;topLeft&quot;:{&quot;unit&quot;:&quot;px&quot;,&quot;value&quot;:0.0},&quot;topRight&quot;:{&quot;unit&quot;:&quot;px&quot;,&quot;value&quot;:0.0},&quot;bottomLeft&quot;:{&quot;unit&quot;:&quot;px&quot;,&quot;value&quot;:0.0},&quot;bottomRight&quot;:{&quot;unit&quot;:&quot;px&quot;,&quot;value&quot;:0.0}}\">\n<div class=\"sqs-block-content\">\n<div class=\"sqs-html-content\">\n<p class=\"whitespace-normal break-words\">An vergessenen Stra\u00dfenr\u00e4ndern und auf verlassenen Grundst\u00fccken entfaltet die Wegwarte seine himmelblauen Bl\u00fctenbl\u00e4tter wie winzige St\u00fccke eines gefallenen Himmels. Dieses unscheinbare \u201eUnkraut\u201c birgt Jahrhunderte menschlicher Geschichte: die Pflanze hat eine Geschichte, die bis ins alte \u00c4gypten zur\u00fcckreicht, und die Einwohner Louisianas begannen, die Wurzeln der Wegwarte ihrem Kaffee beizumischen, als die Seeblockade der Union w\u00e4hrend des amerikanischen B\u00fcrgerkriegs den Hafen von New Orleans abschottete, wodurch eine langj\u00e4hrige Tradition entstand.<\/p>\n<p class=\"whitespace-normal break-words\">Was gew\u00f6hnlich erscheint, entpuppt sich als au\u00dfergew\u00f6hnlich: Wildwachsende Wegwartenbl\u00e4tter sind zwar roh essbar, haben jedoch meist einen bitteren Geschmack, insbesondere die \u00e4lteren Bl\u00e4tter. Durch Kochen verwandeln sie sich jedoch in nahrhaftes Blattgem\u00fcse. Die ger\u00f6stete Wurzel wird zu einem reichhaltigen, erdigen Kaffeeersatz, der Gemeinden in Kriegszeiten und wirtschaftlich schwierigen Zeiten ern\u00e4hrte. Die europ\u00e4ische Folklore fl\u00fcstert von tieferer Magie \u2013 \u00e4hnlich wie das Fr\u00fchlingskraut und das Mondkraut k\u00f6nne es verschlossene T\u00fcren \u00f6ffnen, und man glaubte auch, dass die Wegwarte seinem Besitzer Unsichtbarkeit verleihe.<\/p>\n<p class=\"\">Alle meine Kunstwerke sind handgefertigt und Originale, eine Mischung aus limitierten und unlimitierten Linolschnitten. Die Drucke werden in meinem Atelier in den Laurentides, Kanada, entworfen, geschnitzt und gedruckt.<\/p>\n<p class=\"\">Bitte beachte: Aufgrund der Handarbeit kann es zu geringf\u00fcgigen Abweichungen vom Bild kommen, sei es in der Farbe, der Gleichm\u00e4\u00dfigkeit der Tinte oder anderen kleinen Unterschieden.<\/p>\n<\/div>\n<\/div>\n<\/div>\n<\/div>\n<\/div>\n<\/div>\n<\/section>","protected":false},"excerpt":{"rendered":"<div id=\"yui_3_17_2_1_1740346408618_121\" class=\"ProductItem-details-excerpt ProductItem-details-excerpt-below-price\" data-content-field=\"excerpt\">\n<p><em>Handgedruckter Linolschnitt auf handgesch\u00f6pftem Lokta Papier<\/em><\/p>\n<p><em>Ma\u00dfe: 22 x 28cm (8.5 x 11 Zoll)<\/em><\/p>\n<p>Dieser Druck zelebriert die stille Widerstandsf\u00e4higkeit der Wegwarte. Diese Pflanze gedeiht dort, wo andere nicht wachsen k\u00f6nnen, und bietet denen, die sie sehen, Sch\u00f6nheit. Jede einzelne azurblaue Bl\u00fcte erinnert daran, dass Nahrung und Wunder oft an den unerwartetsten Orten wachsen.<\/p>\n<p>Jeder Druck wird von mir in meiner kleinen Werkstatt in den Laurentides entworfen, geschnitzt und von Hand gedruckt. Da es sich um handgefertigte Produkte handelt, kann es zu leichten Abweichungen in Farbe und Druck kommen. Genau diese kleinen Unterschiede machen handgedruckte Werke so besonders und sch\u00f6n.<\/p>\n<p>Ich drucke auf handgesch\u00f6pftem Lokta-Papier, und jedes Blatt hat seinen ganz eigenen Charakter. Dadurch ist jedes St\u00fcck ein echtes Unikat.<\/p>\n<p>Ohne Rahmen und Zubeh\u00f6r.<\/p>\n<p>&nbsp;<\/p>\n<\/div>","protected":false},"featured_media":3392,"template":"","meta":[],"product_brand":[],"product_cat":[18],"product_tag":[68],"class_list":{"0":"post-2645","1":"product","2":"type-product","3":"status-publish","4":"has-post-thumbnail","6":"product_cat-printworks","7":"product_tag-puzzleprint","9":"first","10":"instock","11":"shipping-taxable","12":"product-type-simple"},"yoast_head":"<!-- This site is optimized with the Yoast SEO plugin v27.4 - https:\/\/yoast.com\/product\/yoast-seo-wordpress\/ -->\n<title>Botanical Blockprint Chicory<\/title>\n<meta name=\"description\" content=\"This print celebrates chicory&#039;s quiet resilience. A plant that thrives where others cannot, offering sustenance and beauty to those who know how to look.\" \/>\n<meta name=\"robots\" content=\"index, follow, max-snippet:-1, max-image-preview:large, max-video-preview:-1\" \/>\n<link rel=\"canonical\" href=\"https:\/\/samaresart.com\/de\/produkt\/chicory\/\" \/>\n<meta property=\"og:locale\" content=\"de_DE\" \/>\n<meta property=\"og:type\" content=\"article\" \/>\n<meta property=\"og:title\" content=\"Botanical Blockprint Chicory\" \/>\n<meta property=\"og:description\" content=\"This print celebrates chicory&#039;s quiet resilience. A plant that thrives where others cannot, offering sustenance and beauty to those who know how to look.\" \/>\n<meta property=\"og:url\" content=\"https:\/\/samaresart.com\/de\/produkt\/chicory\/\" \/>\n<meta property=\"article:modified_time\" content=\"2026-04-01T22:22:19+00:00\" \/>\n<meta property=\"og:image\" content=\"https:\/\/samaresart.com\/wp-content\/uploads\/2025\/07\/Chicory.jpg\" \/>\n\t<meta property=\"og:image:width\" content=\"1\" \/>\n\t<meta property=\"og:image:height\" content=\"1\" \/>\n\t<meta property=\"og:image:type\" content=\"image\/jpeg\" \/>\n<meta name=\"twitter:card\" content=\"summary_large_image\" \/>\n<meta name=\"twitter:label1\" content=\"Gesch\u00e4tzte Lesezeit\" \/>\n\t<meta name=\"twitter:data1\" content=\"2\u00a0Minuten\" \/>\n<script type=\"application\/ld+json\" class=\"yoast-schema-graph\">{\"@context\":\"https:\\\/\\\/schema.org\",\"@graph\":[{\"@type\":\"WebPage\",\"@id\":\"https:\\\/\\\/samaresart.com\\\/en\\\/product\\\/chicory\\\/\",\"url\":\"https:\\\/\\\/samaresart.com\\\/en\\\/product\\\/chicory\\\/\",\"name\":\"Botanical Blockprint Chicory\",\"isPartOf\":{\"@id\":\"https:\\\/\\\/samaresart.com\\\/en\\\/#website\"},\"primaryImageOfPage\":{\"@id\":\"https:\\\/\\\/samaresart.com\\\/en\\\/product\\\/chicory\\\/#primaryimage\"},\"image\":{\"@id\":\"https:\\\/\\\/samaresart.com\\\/en\\\/product\\\/chicory\\\/#primaryimage\"},\"thumbnailUrl\":\"https:\\\/\\\/samaresart.com\\\/wp-content\\\/uploads\\\/2025\\\/07\\\/Chicory.jpg\",\"datePublished\":\"2025-07-10T17:36:21+00:00\",\"dateModified\":\"2026-04-01T22:22:19+00:00\",\"description\":\"This print celebrates chicory's quiet resilience. A plant that thrives where others cannot, offering sustenance and beauty to those who know how to look.\",\"breadcrumb\":{\"@id\":\"https:\\\/\\\/samaresart.com\\\/en\\\/product\\\/chicory\\\/#breadcrumb\"},\"inLanguage\":\"de\",\"potentialAction\":[{\"@type\":\"ReadAction\",\"target\":[\"https:\\\/\\\/samaresart.com\\\/en\\\/product\\\/chicory\\\/\"]}]},{\"@type\":\"ImageObject\",\"inLanguage\":\"de\",\"@id\":\"https:\\\/\\\/samaresart.com\\\/en\\\/product\\\/chicory\\\/#primaryimage\",\"url\":\"https:\\\/\\\/samaresart.com\\\/wp-content\\\/uploads\\\/2025\\\/07\\\/Chicory.jpg\",\"contentUrl\":\"https:\\\/\\\/samaresart.com\\\/wp-content\\\/uploads\\\/2025\\\/07\\\/Chicory.jpg\",\"caption\":\"Botanical Blockprint Chicory\"},{\"@type\":\"BreadcrumbList\",\"@id\":\"https:\\\/\\\/samaresart.com\\\/en\\\/product\\\/chicory\\\/#breadcrumb\",\"itemListElement\":[{\"@type\":\"ListItem\",\"position\":1,\"name\":\"Printworks\",\"item\":\"https:\\\/\\\/samaresart.com\\\/\"},{\"@type\":\"ListItem\",\"position\":2,\"name\":\"Shop\",\"item\":\"https:\\\/\\\/samaresart.com\\\/shop\\\/\"},{\"@type\":\"ListItem\",\"position\":3,\"name\":\"Chicory\"}]},{\"@type\":\"WebSite\",\"@id\":\"https:\\\/\\\/samaresart.com\\\/en\\\/#website\",\"url\":\"https:\\\/\\\/samaresart.com\\\/en\\\/\",\"name\":\"samaresart.com\",\"description\":\"Botanical prints and paintings\",\"publisher\":{\"@id\":\"https:\\\/\\\/samaresart.com\\\/en\\\/#\\\/schema\\\/person\\\/78d4047d4762e7f8336d084fefb1417c\"},\"potentialAction\":[{\"@type\":\"SearchAction\",\"target\":{\"@type\":\"EntryPoint\",\"urlTemplate\":\"https:\\\/\\\/samaresart.com\\\/en\\\/?s={search_term_string}\"},\"query-input\":{\"@type\":\"PropertyValueSpecification\",\"valueRequired\":true,\"valueName\":\"search_term_string\"}}],\"inLanguage\":\"de\"},{\"@type\":[\"Person\",\"Organization\"],\"@id\":\"https:\\\/\\\/samaresart.com\\\/en\\\/#\\\/schema\\\/person\\\/78d4047d4762e7f8336d084fefb1417c\",\"name\":\"Sarah Samares\",\"image\":{\"@type\":\"ImageObject\",\"inLanguage\":\"de\",\"@id\":\"https:\\\/\\\/samaresart.com\\\/wp-content\\\/uploads\\\/2025\\\/02\\\/SarahSamares-18.png\",\"url\":\"https:\\\/\\\/samaresart.com\\\/wp-content\\\/uploads\\\/2025\\\/02\\\/SarahSamares-18.png\",\"contentUrl\":\"https:\\\/\\\/samaresart.com\\\/wp-content\\\/uploads\\\/2025\\\/02\\\/SarahSamares-18.png\",\"width\":1039,\"height\":327,\"caption\":\"Sarah Samares\"},\"logo\":{\"@id\":\"https:\\\/\\\/samaresart.com\\\/wp-content\\\/uploads\\\/2025\\\/02\\\/SarahSamares-18.png\"},\"sameAs\":[\"https:\\\/\\\/samaresart.com\"]}]}<\/script>\n<!-- \/ Yoast SEO plugin. -->","yoast_head_json":{"title":"Botanical Blockprint Chicory","description":"This print celebrates chicory's quiet resilience. A plant that thrives where others cannot, offering sustenance and beauty to those who know how to look.","robots":{"index":"index","follow":"follow","max-snippet":"max-snippet:-1","max-image-preview":"max-image-preview:large","max-video-preview":"max-video-preview:-1"},"canonical":"https:\/\/samaresart.com\/de\/produkt\/chicory\/","og_locale":"de_DE","og_type":"article","og_title":"Botanical Blockprint Chicory","og_description":"This print celebrates chicory's quiet resilience. A plant that thrives where others cannot, offering sustenance and beauty to those who know how to look.","og_url":"https:\/\/samaresart.com\/de\/produkt\/chicory\/","article_modified_time":"2026-04-01T22:22:19+00:00","og_image":[{"url":"https:\/\/samaresart.com\/wp-content\/uploads\/2025\/07\/Chicory.jpg","width":1,"height":1,"type":"image\/jpeg"}],"twitter_card":"summary_large_image","twitter_misc":{"Gesch\u00e4tzte Lesezeit":"2\u00a0Minuten"},"schema":{"@context":"https:\/\/schema.org","@graph":[{"@type":"WebPage","@id":"https:\/\/samaresart.com\/en\/product\/chicory\/","url":"https:\/\/samaresart.com\/en\/product\/chicory\/","name":"Botanical Blockprint Chicory","isPartOf":{"@id":"https:\/\/samaresart.com\/en\/#website"},"primaryImageOfPage":{"@id":"https:\/\/samaresart.com\/en\/product\/chicory\/#primaryimage"},"image":{"@id":"https:\/\/samaresart.com\/en\/product\/chicory\/#primaryimage"},"thumbnailUrl":"https:\/\/samaresart.com\/wp-content\/uploads\/2025\/07\/Chicory.jpg","datePublished":"2025-07-10T17:36:21+00:00","dateModified":"2026-04-01T22:22:19+00:00","description":"This print celebrates chicory's quiet resilience. A plant that thrives where others cannot, offering sustenance and beauty to those who know how to look.","breadcrumb":{"@id":"https:\/\/samaresart.com\/en\/product\/chicory\/#breadcrumb"},"inLanguage":"de","potentialAction":[{"@type":"ReadAction","target":["https:\/\/samaresart.com\/en\/product\/chicory\/"]}]},{"@type":"ImageObject","inLanguage":"de","@id":"https:\/\/samaresart.com\/en\/product\/chicory\/#primaryimage","url":"https:\/\/samaresart.com\/wp-content\/uploads\/2025\/07\/Chicory.jpg","contentUrl":"https:\/\/samaresart.com\/wp-content\/uploads\/2025\/07\/Chicory.jpg","caption":"Botanical Blockprint Chicory"},{"@type":"BreadcrumbList","@id":"https:\/\/samaresart.com\/en\/product\/chicory\/#breadcrumb","itemListElement":[{"@type":"ListItem","position":1,"name":"Printworks","item":"https:\/\/samaresart.com\/"},{"@type":"ListItem","position":2,"name":"Shop","item":"https:\/\/samaresart.com\/shop\/"},{"@type":"ListItem","position":3,"name":"Chicory"}]},{"@type":"WebSite","@id":"https:\/\/samaresart.com\/en\/#website","url":"https:\/\/samaresart.com\/en\/","name":"samaresart.com","description":"Botanical prints and paintings","publisher":{"@id":"https:\/\/samaresart.com\/en\/#\/schema\/person\/78d4047d4762e7f8336d084fefb1417c"},"potentialAction":[{"@type":"SearchAction","target":{"@type":"EntryPoint","urlTemplate":"https:\/\/samaresart.com\/en\/?s={search_term_string}"},"query-input":{"@type":"PropertyValueSpecification","valueRequired":true,"valueName":"search_term_string"}}],"inLanguage":"de"},{"@type":["Person","Organization"],"@id":"https:\/\/samaresart.com\/en\/#\/schema\/person\/78d4047d4762e7f8336d084fefb1417c","name":"Sarah Samares","image":{"@type":"ImageObject","inLanguage":"de","@id":"https:\/\/samaresart.com\/wp-content\/uploads\/2025\/02\/SarahSamares-18.png","url":"https:\/\/samaresart.com\/wp-content\/uploads\/2025\/02\/SarahSamares-18.png","contentUrl":"https:\/\/samaresart.com\/wp-content\/uploads\/2025\/02\/SarahSamares-18.png","width":1039,"height":327,"caption":"Sarah Samares"},"logo":{"@id":"https:\/\/samaresart.com\/wp-content\/uploads\/2025\/02\/SarahSamares-18.png"},"sameAs":["https:\/\/samaresart.com"]}]}},"_links":{"self":[{"href":"https:\/\/samaresart.com\/de\/wp-json\/wp\/v2\/product\/2645","targetHints":{"allow":["GET"]}}],"collection":[{"href":"https:\/\/samaresart.com\/de\/wp-json\/wp\/v2\/product"}],"about":[{"href":"https:\/\/samaresart.com\/de\/wp-json\/wp\/v2\/types\/product"}],"wp:featuredmedia":[{"embeddable":true,"href":"https:\/\/samaresart.com\/de\/wp-json\/wp\/v2\/media\/3392"}],"wp:attachment":[{"href":"https:\/\/samaresart.com\/de\/wp-json\/wp\/v2\/media?parent=2645"}],"wp:term":[{"taxonomy":"product_brand","embeddable":true,"href":"https:\/\/samaresart.com\/de\/wp-json\/wp\/v2\/product_brand?post=2645"},{"taxonomy":"product_cat","embeddable":true,"href":"https:\/\/samaresart.com\/de\/wp-json\/wp\/v2\/product_cat?post=2645"},{"taxonomy":"product_tag","embeddable":true,"href":"https:\/\/samaresart.com\/de\/wp-json\/wp\/v2\/product_tag?post=2645"}],"curies":[{"name":"wp","href":"https:\/\/api.w.org\/{rel}","templated":true}]}}