{"id":3262,"date":"2026-01-21T00:19:29","date_gmt":"2026-01-21T00:19:29","guid":{"rendered":"https:\/\/samaresart.com\/?page_id=3262"},"modified":"2026-03-23T16:09:28","modified_gmt":"2026-03-23T16:09:28","slug":"blockprinting","status":"publish","type":"page","link":"https:\/\/samaresart.com\/de\/blockprinting\/","title":{"rendered":"Blockdruck"},"content":{"rendered":"<main class=\"wp-block-group alignfull is-layout-constrained wp-block-group-is-layout-constrained\" style=\"margin-top:var(--wp--preset--spacing--60)\">\n<div class=\"wp-block-cover alignfull has-custom-content-position is-position-bottom-left\" style=\"padding-top:0px;padding-right:0px;padding-bottom:0;padding-left:var(--wp--preset--spacing--30);min-height:40vw;aspect-ratio:unset;\"><img loading=\"lazy\" decoding=\"async\" width=\"1024\" height=\"577\" class=\"wp-block-cover__image-background wp-image-3456 size-large\" alt=\"Blockprinting\" src=\"https:\/\/samaresart.com\/wp-content\/uploads\/2026\/03\/banner-Blockprinting-1024x577.jpg\" data-object-fit=\"cover\" srcset=\"https:\/\/samaresart.com\/wp-content\/uploads\/2026\/03\/banner-Blockprinting-1024x577.jpg 1024w, https:\/\/samaresart.com\/wp-content\/uploads\/2026\/03\/banner-Blockprinting-300x169.jpg 300w, https:\/\/samaresart.com\/wp-content\/uploads\/2026\/03\/banner-Blockprinting-768x432.jpg 768w, https:\/\/samaresart.com\/wp-content\/uploads\/2026\/03\/banner-Blockprinting-18x10.jpg 18w, https:\/\/samaresart.com\/wp-content\/uploads\/2026\/03\/banner-Blockprinting-600x338.jpg 600w, https:\/\/samaresart.com\/wp-content\/uploads\/2026\/03\/banner-Blockprinting.jpg 1055w\" sizes=\"auto, (max-width: 1024px) 100vw, 1024px\" \/><span aria-hidden=\"true\" class=\"wp-block-cover__background has-background-dim-100 has-background-dim wp-block-cover__gradient-background has-background-gradient\" style=\"background:linear-gradient(-180deg,rgba(0,0,0,0) 78%,rgb(240,234,221) 100%)\"><\/span><div class=\"wp-block-cover__inner-container is-layout-flow wp-block-cover-is-layout-flow\">\n<p class=\"has-base-color has-text-color has-link-color has-medium-font-size wp-elements-c8368a4451458800d87eab89861a7185\" style=\"margin-right:var(--wp--preset--spacing--40);margin-left:var(--wp--preset--spacing--40)\">the studio<\/p>\n<\/div><\/div>\n<\/main>\n\n\n\n<h6 class=\"wp-block-heading has-palette-color-4-color has-text-color has-link-color has-large-font-size wp-elements-531e663030f268878bd6cc2f7bf0ece0\" style=\"margin-top:0;margin-right:var(--wp--preset--spacing--50);margin-bottom:0;margin-left:var(--wp--preset--spacing--50)\">Was ist Blockdruck?<\/h6>\n\n\n\n<blockquote class=\"wp-block-quote is-style-plain is-layout-flow wp-block-quote-is-layout-flow\">\n<p><\/p>\n<\/blockquote>\n\n\n\n<p class=\"has-foreground-color has-text-color\" style=\"margin-right:var(--wp--preset--spacing--50);margin-left:var(--wp--preset--spacing--50);font-size:clamp(14px, 0.875rem + ((1vw - 3.2px) * 0.156), 16px);\">F\u00fcr meine botanischen Kunst nutzte ich eine sehr alte Drucktechnik. Sie kommt aus China und wurde im 7. Jahrhundert erfunden. Sie ist so besonders, da sie die Welt revolutionierte. Die Herstellung von B\u00fcchern wurde durch sie wesentlich vereinfacht und somit Wissen an mehr Menschen verbreitet.<br><br>Ich schnitze mein Motiv in eine Linol- oder Holzplatte. All die Bereiche, die sp\u00e4ter wei\u00df bleiben sollen, muss ich dabei vorsichtig mit meinem Schnitzmesser entfernen. Ich arbeite spiegelverkehrt, da das Bild wie bei einem Stempel erst durch Druck entsteht. Nach Fertigstellung der Druckplatte mische ich die gew\u00e4hlten Farben und trage sie mit einem Roller auf die Druckplatte auf. Dann \u00fcbertrage ich mein Werk auf handgesch\u00f6pftes Papier.<\/p>\n\n\n\n<p class=\"has-foreground-color has-text-color\" style=\"margin-right:var(--wp--preset--spacing--50);margin-left:var(--wp--preset--spacing--50);font-size:clamp(14px, 0.875rem + ((1vw - 3.2px) * 0.156), 16px);\">Jedes Blatt handgesch\u00f6pftes Papier unterscheidet sich von einem anderen Blatt handgesch\u00f6pftem Papier, und jeder manuelle Druck unterscheidet sich von einem anderen. Das macht den Blockdruck so besonders und einzigartig. Jedes Werk ist ein Unikat.<\/p>\n\n\n\n<p class=\"has-foreground-color has-text-color\" style=\"margin-right:var(--wp--preset--spacing--50);margin-left:var(--wp--preset--spacing--50);font-size:clamp(14px, 0.875rem + ((1vw - 3.2px) * 0.156), 16px);\"><\/p>\n\n\n\n<div class=\"wp-block-columns is-layout-flex wp-container-core-columns-is-layout-28f84493 wp-block-columns-is-layout-flex\">\n<div class=\"wp-block-column is-layout-flow wp-block-column-is-layout-flow\">\n<figure class=\"wp-block-gallery has-nested-images columns-default is-cropped wp-block-gallery-1 is-layout-flex wp-block-gallery-is-layout-flex\">\n<figure class=\"wp-block-image size-large\"><img loading=\"lazy\" decoding=\"async\" width=\"819\" height=\"1024\" data-id=\"3273\" src=\"https:\/\/samaresart.com\/wp-content\/uploads\/2026\/01\/photo_2025-12-23_17-25-02-Kopie-2-819x1024.jpg\" alt=\"Blockprinting Techniques Explanation\" class=\"wp-image-3273\" srcset=\"https:\/\/samaresart.com\/wp-content\/uploads\/2026\/01\/photo_2025-12-23_17-25-02-Kopie-2-819x1024.jpg 819w, https:\/\/samaresart.com\/wp-content\/uploads\/2026\/01\/photo_2025-12-23_17-25-02-Kopie-2-240x300.jpg 240w, https:\/\/samaresart.com\/wp-content\/uploads\/2026\/01\/photo_2025-12-23_17-25-02-Kopie-2-768x960.jpg 768w, https:\/\/samaresart.com\/wp-content\/uploads\/2026\/01\/photo_2025-12-23_17-25-02-Kopie-2-10x12.jpg 10w, https:\/\/samaresart.com\/wp-content\/uploads\/2026\/01\/photo_2025-12-23_17-25-02-Kopie-2-300x375.jpg 300w, https:\/\/samaresart.com\/wp-content\/uploads\/2026\/01\/photo_2025-12-23_17-25-02-Kopie-2-600x750.jpg 600w, https:\/\/samaresart.com\/wp-content\/uploads\/2026\/01\/photo_2025-12-23_17-25-02-Kopie-2.jpg 960w\" sizes=\"auto, (max-width: 819px) 100vw, 819px\" \/><\/figure>\n<\/figure>\n<\/div>\n\n\n\n<div class=\"wp-block-column is-layout-flow wp-block-column-is-layout-flow\">\n<figure class=\"wp-block-image size-large\"><img loading=\"lazy\" decoding=\"async\" width=\"819\" height=\"1024\" src=\"https:\/\/samaresart.com\/wp-content\/uploads\/2026\/01\/2-Kopie-819x1024.jpg\" alt=\"Blockprinting Techniques Explanation\" class=\"wp-image-3274\" srcset=\"https:\/\/samaresart.com\/wp-content\/uploads\/2026\/01\/2-Kopie-819x1024.jpg 819w, https:\/\/samaresart.com\/wp-content\/uploads\/2026\/01\/2-Kopie-240x300.jpg 240w, https:\/\/samaresart.com\/wp-content\/uploads\/2026\/01\/2-Kopie-768x960.jpg 768w, https:\/\/samaresart.com\/wp-content\/uploads\/2026\/01\/2-Kopie-1229x1536.jpg 1229w, https:\/\/samaresart.com\/wp-content\/uploads\/2026\/01\/2-Kopie-1638x2048.jpg 1638w, https:\/\/samaresart.com\/wp-content\/uploads\/2026\/01\/2-Kopie-10x12.jpg 10w, https:\/\/samaresart.com\/wp-content\/uploads\/2026\/01\/2-Kopie-300x375.jpg 300w, https:\/\/samaresart.com\/wp-content\/uploads\/2026\/01\/2-Kopie-1320x1650.jpg 1320w, https:\/\/samaresart.com\/wp-content\/uploads\/2026\/01\/2-Kopie-600x750.jpg 600w, https:\/\/samaresart.com\/wp-content\/uploads\/2026\/01\/2-Kopie-scaled.jpg 2048w\" sizes=\"auto, (max-width: 819px) 100vw, 819px\" \/><\/figure>\n<\/div>\n\n\n\n<div class=\"wp-block-column is-layout-flow wp-block-column-is-layout-flow\">\n<figure class=\"wp-block-image size-full\"><img loading=\"lazy\" decoding=\"async\" width=\"529\" height=\"661\" src=\"https:\/\/samaresart.com\/wp-content\/uploads\/2026\/01\/photo_2026-01-20_19-00-20.jpg\" alt=\"Blockprinting Techniques Explanation\" class=\"wp-image-3275\" srcset=\"https:\/\/samaresart.com\/wp-content\/uploads\/2026\/01\/photo_2026-01-20_19-00-20.jpg 529w, https:\/\/samaresart.com\/wp-content\/uploads\/2026\/01\/photo_2026-01-20_19-00-20-240x300.jpg 240w, https:\/\/samaresart.com\/wp-content\/uploads\/2026\/01\/photo_2026-01-20_19-00-20-10x12.jpg 10w, https:\/\/samaresart.com\/wp-content\/uploads\/2026\/01\/photo_2026-01-20_19-00-20-300x375.jpg 300w\" sizes=\"auto, (max-width: 529px) 100vw, 529px\" \/><\/figure>\n<\/div>\n<\/div>\n\n\n\n<div class=\"wp-block-group is-layout-constrained wp-block-group-is-layout-constrained\">\n<p class=\"has-medium-font-size\"><\/p>\n\n\n\n<h6 class=\"wp-block-heading has-palette-color-4-color has-text-color has-link-color has-large-font-size wp-elements-ef454610245145a15e577bba2ed6a498\" style=\"margin-top:0;margin-right:var(--wp--preset--spacing--50);margin-bottom:0;margin-left:var(--wp--preset--spacing--50)\">\u00dcber meine Druckerpresse<\/h6>\n\n\n\n<blockquote class=\"wp-block-quote is-style-plain is-layout-flow wp-block-quote-is-layout-flow\">\n<p><\/p>\n<\/blockquote>\n\n\n\n<p class=\"has-foreground-color has-text-color\" style=\"margin-right:var(--wp--preset--spacing--50);margin-left:var(--wp--preset--spacing--50);font-size:clamp(14px, 0.875rem + ((1vw - 3.2px) * 0.156), 16px);\">Um das Motiv auf das Papier zu \u00fcbertragen, \u00fcbe ich Druck auf die Linol- oder Holzplatte aus. Das kann ganz einfach mit Werkzeugen wie einem sogenannten \u201eBaren\u201c oder sogar mit einem Holzl\u00f6ffel gemacht werden. Das ist aber ziemlich anstrengend.<br><br>Im letzten Jahr wurden nicht nur meine Auflagen gr\u00f6\u00dfer sondern auch die Formate meiner Drucke. Deshalb begann ich nach einer Alternative zu suchen, die mir die anstrengende Druckarbeit erleichtert.<\/p>\n\n\n\n<p class=\"has-foreground-color has-text-color\" style=\"margin-right:var(--wp--preset--spacing--50);margin-left:var(--wp--preset--spacing--50);font-size:clamp(14px, 0.875rem + ((1vw - 3.2px) * 0.156), 16px);\">Nach langer Recherche habe ich schlie\u00dflich eine einfache und kosteng\u00fcnstige L\u00f6sung gefunden, die sich sehr gut f\u00fcr Linol- und Holzschnitte eignet. Wenn dich diese L\u00f6sung interessiert, habe ich eine ausf\u00fchrliche Anleitung mit Materialien, Pl\u00e4nen und Bildern erstellt. \nDie Anleitung findest du &gt;&gt; <a href=\"https:\/\/sarahsamares.gumroad.com\/l\/rvxrcz\">hier<\/a> &lt;&lt;<\/p>\n\n\n\n<p class=\"has-foreground-color has-text-color\" style=\"margin-right:var(--wp--preset--spacing--50);margin-left:var(--wp--preset--spacing--50);font-size:clamp(14px, 0.875rem + ((1vw - 3.2px) * 0.156), 16px);\"><\/p>\n\n\n\n<div class=\"wp-block-buttons is-layout-flex wp-block-buttons-is-layout-flex\">\n<div class=\"wp-block-button\"><a class=\"wp-block-button__link wp-element-button\" href=\"https:\/\/samaresart.com\/de\/shop\/\">Shop<\/a><\/div>\n<\/div>\n\n\n\n<p><\/p>\n<\/div>","protected":false},"excerpt":{"rendered":"<p>What is blockprinting? For my botanical art, I use a very old printing technique. It originates from China and was invented in the 7th century. It is so special because it revolutionised the world. It greatly simplified the production of books, thereby spreading knowledge to more people. I carve my design into a linoleum or [&hellip;]<\/p>\n","protected":false},"author":1,"featured_media":0,"parent":0,"menu_order":0,"comment_status":"closed","ping_status":"closed","template":"","meta":{"footnotes":""},"class_list":["post-3262","page","type-page","status-publish","hentry"],"blocksy_meta":[],"yoast_head":"<!-- This site is optimized with the Yoast SEO plugin v27.6 - https:\/\/yoast.com\/product\/yoast-seo-wordpress\/ -->\n<title>Blockprinting Explained<\/title>\n<meta name=\"description\" content=\"Keen to find out a bit about Blockprinting? I&#039;ll explain you here some of the basic techniques and what makes it so special\" \/>\n<meta name=\"robots\" content=\"index, follow, max-snippet:-1, max-image-preview:large, max-video-preview:-1\" \/>\n<link rel=\"canonical\" href=\"https:\/\/samaresart.com\/de\/blockprinting\/\" \/>\n<meta property=\"og:locale\" content=\"de_DE\" \/>\n<meta property=\"og:type\" content=\"article\" \/>\n<meta property=\"og:title\" content=\"Blockprinting Explained\" \/>\n<meta property=\"og:description\" content=\"Keen to find out a bit about Blockprinting? I&#039;ll explain you here some of the basic techniques and what makes it so special\" \/>\n<meta property=\"og:url\" content=\"https:\/\/samaresart.com\/de\/blockprinting\/\" \/>\n<meta property=\"article:modified_time\" content=\"2026-03-23T16:09:28+00:00\" \/>\n<meta property=\"og:image\" content=\"https:\/\/samaresart.com\/wp-content\/uploads\/2026\/03\/banner-Blockprinting.jpg\" \/>\n\t<meta property=\"og:image:width\" content=\"1055\" \/>\n\t<meta property=\"og:image:height\" content=\"594\" \/>\n\t<meta property=\"og:image:type\" content=\"image\/jpeg\" \/>\n<meta name=\"twitter:card\" content=\"summary_large_image\" \/>\n<meta name=\"twitter:label1\" content=\"Gesch\u00e4tzte Lesezeit\" \/>\n\t<meta name=\"twitter:data1\" content=\"3\u00a0Minuten\" \/>\n<script type=\"application\/ld+json\" class=\"yoast-schema-graph\">{\"@context\":\"https:\\\/\\\/schema.org\",\"@graph\":[{\"@type\":\"WebPage\",\"@id\":\"https:\\\/\\\/samaresart.com\\\/blockprinting\\\/\",\"url\":\"https:\\\/\\\/samaresart.com\\\/blockprinting\\\/\",\"name\":\"Blockprinting Explained\",\"isPartOf\":{\"@id\":\"https:\\\/\\\/samaresart.com\\\/en\\\/#website\"},\"primaryImageOfPage\":{\"@id\":\"https:\\\/\\\/samaresart.com\\\/blockprinting\\\/#primaryimage\"},\"image\":{\"@id\":\"https:\\\/\\\/samaresart.com\\\/blockprinting\\\/#primaryimage\"},\"thumbnailUrl\":\"https:\\\/\\\/samaresart.com\\\/wp-content\\\/uploads\\\/2026\\\/03\\\/banner-Blockprinting-1024x577.jpg\",\"datePublished\":\"2026-01-21T00:19:29+00:00\",\"dateModified\":\"2026-03-23T16:09:28+00:00\",\"description\":\"Keen to find out a bit about Blockprinting? I'll explain you here some of the basic techniques and what makes it so special\",\"breadcrumb\":{\"@id\":\"https:\\\/\\\/samaresart.com\\\/blockprinting\\\/#breadcrumb\"},\"inLanguage\":\"de\",\"potentialAction\":[{\"@type\":\"ReadAction\",\"target\":[\"https:\\\/\\\/samaresart.com\\\/blockprinting\\\/\"]}]},{\"@type\":\"ImageObject\",\"inLanguage\":\"de\",\"@id\":\"https:\\\/\\\/samaresart.com\\\/blockprinting\\\/#primaryimage\",\"url\":\"https:\\\/\\\/samaresart.com\\\/wp-content\\\/uploads\\\/2026\\\/03\\\/banner-Blockprinting-1024x577.jpg\",\"contentUrl\":\"https:\\\/\\\/samaresart.com\\\/wp-content\\\/uploads\\\/2026\\\/03\\\/banner-Blockprinting-1024x577.jpg\"},{\"@type\":\"BreadcrumbList\",\"@id\":\"https:\\\/\\\/samaresart.com\\\/blockprinting\\\/#breadcrumb\",\"itemListElement\":[{\"@type\":\"ListItem\",\"position\":1,\"name\":\"Printworks\",\"item\":\"https:\\\/\\\/samaresart.com\\\/\"},{\"@type\":\"ListItem\",\"position\":2,\"name\":\"Blockprinting\"}]},{\"@type\":\"WebSite\",\"@id\":\"https:\\\/\\\/samaresart.com\\\/en\\\/#website\",\"url\":\"https:\\\/\\\/samaresart.com\\\/en\\\/\",\"name\":\"samaresart.com\",\"description\":\"Botanical prints and paintings\",\"publisher\":{\"@id\":\"https:\\\/\\\/samaresart.com\\\/en\\\/#\\\/schema\\\/person\\\/78d4047d4762e7f8336d084fefb1417c\"},\"potentialAction\":[{\"@type\":\"SearchAction\",\"target\":{\"@type\":\"EntryPoint\",\"urlTemplate\":\"https:\\\/\\\/samaresart.com\\\/en\\\/?s={search_term_string}\"},\"query-input\":{\"@type\":\"PropertyValueSpecification\",\"valueRequired\":true,\"valueName\":\"search_term_string\"}}],\"inLanguage\":\"de\"},{\"@type\":[\"Person\",\"Organization\"],\"@id\":\"https:\\\/\\\/samaresart.com\\\/en\\\/#\\\/schema\\\/person\\\/78d4047d4762e7f8336d084fefb1417c\",\"name\":\"Sarah Samares\",\"image\":{\"@type\":\"ImageObject\",\"inLanguage\":\"de\",\"@id\":\"https:\\\/\\\/samaresart.com\\\/wp-content\\\/uploads\\\/2025\\\/02\\\/SarahSamares-18.png\",\"url\":\"https:\\\/\\\/samaresart.com\\\/wp-content\\\/uploads\\\/2025\\\/02\\\/SarahSamares-18.png\",\"contentUrl\":\"https:\\\/\\\/samaresart.com\\\/wp-content\\\/uploads\\\/2025\\\/02\\\/SarahSamares-18.png\",\"width\":1039,\"height\":327,\"caption\":\"Sarah Samares\"},\"logo\":{\"@id\":\"https:\\\/\\\/samaresart.com\\\/wp-content\\\/uploads\\\/2025\\\/02\\\/SarahSamares-18.png\"},\"sameAs\":[\"https:\\\/\\\/samaresart.com\"]}]}<\/script>\n<!-- \/ Yoast SEO plugin. -->","yoast_head_json":{"title":"Blockprinting Explained","description":"Keen to find out a bit about Blockprinting? I'll explain you here some of the basic techniques and what makes it so special","robots":{"index":"index","follow":"follow","max-snippet":"max-snippet:-1","max-image-preview":"max-image-preview:large","max-video-preview":"max-video-preview:-1"},"canonical":"https:\/\/samaresart.com\/de\/blockprinting\/","og_locale":"de_DE","og_type":"article","og_title":"Blockprinting Explained","og_description":"Keen to find out a bit about Blockprinting? I'll explain you here some of the basic techniques and what makes it so special","og_url":"https:\/\/samaresart.com\/de\/blockprinting\/","article_modified_time":"2026-03-23T16:09:28+00:00","og_image":[{"width":1055,"height":594,"url":"https:\/\/samaresart.com\/wp-content\/uploads\/2026\/03\/banner-Blockprinting.jpg","type":"image\/jpeg"}],"twitter_card":"summary_large_image","twitter_misc":{"Gesch\u00e4tzte Lesezeit":"3\u00a0Minuten"},"schema":{"@context":"https:\/\/schema.org","@graph":[{"@type":"WebPage","@id":"https:\/\/samaresart.com\/blockprinting\/","url":"https:\/\/samaresart.com\/blockprinting\/","name":"Blockprinting Explained","isPartOf":{"@id":"https:\/\/samaresart.com\/en\/#website"},"primaryImageOfPage":{"@id":"https:\/\/samaresart.com\/blockprinting\/#primaryimage"},"image":{"@id":"https:\/\/samaresart.com\/blockprinting\/#primaryimage"},"thumbnailUrl":"https:\/\/samaresart.com\/wp-content\/uploads\/2026\/03\/banner-Blockprinting-1024x577.jpg","datePublished":"2026-01-21T00:19:29+00:00","dateModified":"2026-03-23T16:09:28+00:00","description":"Keen to find out a bit about Blockprinting? I'll explain you here some of the basic techniques and what makes it so special","breadcrumb":{"@id":"https:\/\/samaresart.com\/blockprinting\/#breadcrumb"},"inLanguage":"de","potentialAction":[{"@type":"ReadAction","target":["https:\/\/samaresart.com\/blockprinting\/"]}]},{"@type":"ImageObject","inLanguage":"de","@id":"https:\/\/samaresart.com\/blockprinting\/#primaryimage","url":"https:\/\/samaresart.com\/wp-content\/uploads\/2026\/03\/banner-Blockprinting-1024x577.jpg","contentUrl":"https:\/\/samaresart.com\/wp-content\/uploads\/2026\/03\/banner-Blockprinting-1024x577.jpg"},{"@type":"BreadcrumbList","@id":"https:\/\/samaresart.com\/blockprinting\/#breadcrumb","itemListElement":[{"@type":"ListItem","position":1,"name":"Printworks","item":"https:\/\/samaresart.com\/"},{"@type":"ListItem","position":2,"name":"Blockprinting"}]},{"@type":"WebSite","@id":"https:\/\/samaresart.com\/en\/#website","url":"https:\/\/samaresart.com\/en\/","name":"samaresart.com","description":"Botanical prints and paintings","publisher":{"@id":"https:\/\/samaresart.com\/en\/#\/schema\/person\/78d4047d4762e7f8336d084fefb1417c"},"potentialAction":[{"@type":"SearchAction","target":{"@type":"EntryPoint","urlTemplate":"https:\/\/samaresart.com\/en\/?s={search_term_string}"},"query-input":{"@type":"PropertyValueSpecification","valueRequired":true,"valueName":"search_term_string"}}],"inLanguage":"de"},{"@type":["Person","Organization"],"@id":"https:\/\/samaresart.com\/en\/#\/schema\/person\/78d4047d4762e7f8336d084fefb1417c","name":"Sarah Samares","image":{"@type":"ImageObject","inLanguage":"de","@id":"https:\/\/samaresart.com\/wp-content\/uploads\/2025\/02\/SarahSamares-18.png","url":"https:\/\/samaresart.com\/wp-content\/uploads\/2025\/02\/SarahSamares-18.png","contentUrl":"https:\/\/samaresart.com\/wp-content\/uploads\/2025\/02\/SarahSamares-18.png","width":1039,"height":327,"caption":"Sarah Samares"},"logo":{"@id":"https:\/\/samaresart.com\/wp-content\/uploads\/2025\/02\/SarahSamares-18.png"},"sameAs":["https:\/\/samaresart.com"]}]}},"_links":{"self":[{"href":"https:\/\/samaresart.com\/de\/wp-json\/wp\/v2\/pages\/3262","targetHints":{"allow":["GET"]}}],"collection":[{"href":"https:\/\/samaresart.com\/de\/wp-json\/wp\/v2\/pages"}],"about":[{"href":"https:\/\/samaresart.com\/de\/wp-json\/wp\/v2\/types\/page"}],"author":[{"embeddable":true,"href":"https:\/\/samaresart.com\/de\/wp-json\/wp\/v2\/users\/1"}],"replies":[{"embeddable":true,"href":"https:\/\/samaresart.com\/de\/wp-json\/wp\/v2\/comments?post=3262"}],"version-history":[{"count":0,"href":"https:\/\/samaresart.com\/de\/wp-json\/wp\/v2\/pages\/3262\/revisions"}],"wp:attachment":[{"href":"https:\/\/samaresart.com\/de\/wp-json\/wp\/v2\/media?parent=3262"}],"curies":[{"name":"wp","href":"https:\/\/api.w.org\/{rel}","templated":true}]}}