{"id":3,"date":"2025-02-11T17:25:44","date_gmt":"2025-02-11T17:25:44","guid":{"rendered":"https:\/\/samaresart.com\/?page_id=3"},"modified":"2025-09-17T00:16:47","modified_gmt":"2025-09-17T00:16:47","slug":"privacy-policy","status":"publish","type":"page","link":"https:\/\/samaresart.com\/de\/privacy-policy\/","title":{"rendered":"Datenschutzerkl\u00e4rung"},"content":{"rendered":"<h2 class=\"wp-block-heading has-cormorant-sc-font-family\">Datenschutzerkl\u00e4rung<\/h2>\n\n\n\n<p>Sarah Samares  (das \u201eUnternehmen\u201c) verpflichtet sich zum Schutz der Privatsph\u00e4re unserer Nutzer. Diese Datenschutzerkl\u00e4rung (\u201eDatenschutzerkl\u00e4rung\u201c) soll Ihnen helfen zu verstehen, welche Informationen wir sammeln, wie wir sie verwenden, was wir zu ihrem Schutz unternehmen, und Ihnen dabei helfen, fundierte Entscheidungen bei der Nutzung unseres Dienstes zu treffen.  Sofern nachstehend nicht anders angegeben, gilt diese Datenschutzerkl\u00e4rung f\u00fcr alle Websites, die auf diese Datenschutzerkl\u00e4rung verweisen.<\/p>\n\n\n\n<p>F\u00fcr die Zwecke dieser Vereinbarung bezieht sich \u201eDienst\u201c auf den Dienst des Unternehmens, auf den \u00fcber unsere Website zugegriffen werden kann, die von wordpress.com gehostet wird. Die Begriffe \u201ewir\u201c, \u201euns\u201c und \u201eunser\u201c beziehen sich auf das Unternehmen. \u201eSie\u201c bezieht sich auf Sie als Nutzer des Dienstes.<\/p>\n\n\n\n<p>1. WANN WIR DATEN ERHEBEN UND ZUSTIMMUNG EINHOLEN<br>1.1 Durch den Zugriff auf unseren Dienst akzeptieren Sie unsere Datenschutzrichtlinie und Nutzungsbedingungen und stimmen der Erfassung, Speicherung, Verwendung und Offenlegung Ihrer personenbezogenen Daten gem\u00e4\u00df dieser Datenschutzrichtlinie zu. Dar\u00fcber hinaus akzeptieren Sie durch die Nutzung unseres Dienstes oder von Diensten auf Partner- und nicht verbundenen Websites die in dieser Datenschutzrichtlinie beschriebenen Richtlinien und Praktiken. Jedes Mal, wenn Sie unsere Website besuchen oder den Dienst nutzen, und jedes Mal, wenn Sie uns freiwillig Informationen zur Verf\u00fcgung stellen, erkl\u00e4ren Sie sich damit einverstanden, dass wir die von Ihnen bereitgestellten Informationen sammeln, verwenden und weitergeben d\u00fcrfen, und Sie erkl\u00e4ren sich damit einverstanden, E-Mails zu erhalten oder auf andere Weise kontaktiert zu werden, wie in dieser Datenschutzerkl\u00e4rung beschrieben. Unabh\u00e4ngig davon, ob Sie sich bei uns registrieren oder ein Konto erstellen, gilt diese Datenschutzerkl\u00e4rung f\u00fcr alle Nutzer der Website und des Dienstes.<\/p>\n\n\n\n<p>2. VON UNS ERFASSTE INFORMATIONEN<br>2.1 Wir k\u00f6nnen sowohl \u201enicht personenbezogene Daten\u201d als auch \u201epersonenbezogene Daten\u201d \u00fcber Sie erfassen. \u201eNicht personenbezogene Daten\u201c umfassen Informationen, die nicht dazu verwendet werden k\u00f6nnen, Sie pers\u00f6nlich zu identifizieren, wie beispielsweise anonyme Nutzungsdaten, allgemeine demografische Informationen, die wir erfassen k\u00f6nnen, Verweis-\/Ausstiegsseiten und URLs, Plattformtypen, von Ihnen \u00fcbermittelte Pr\u00e4ferenzen und Pr\u00e4ferenzen, die auf der Grundlage der von Ihnen \u00fcbermittelten Daten und der Anzahl der Klicks generiert werden. \u201ePersonenbezogene Daten\u201c umfassen Informationen, die dazu verwendet werden k\u00f6nnen, Sie pers\u00f6nlich zu identifizieren, wie beispielsweise Ihr Name, Ihre Adresse und Ihre E-Mail-Adresse.<br><br>2.2 Dar\u00fcber hinaus k\u00f6nnen wir auch Informationen verfolgen, die uns Ihr Browser bereitstellt, wenn Sie den Dienst aufrufen oder nutzen, wie beispielsweise die Website, von der aus Sie gekommen sind (die sogenannte \u201everweisende URL\u201c), den von Ihnen verwendeten Browsertyp, das Ger\u00e4t, mit dem Sie sich mit dem Dienst verbunden haben, die Uhrzeit und das Datum des Zugriffs sowie andere Informationen, die Sie nicht pers\u00f6nlich identifizieren.  Wir verwenden diese Informationen unter anderem f\u00fcr den Betrieb des Dienstes, zur Aufrechterhaltung der Qualit\u00e4t des Dienstes, zur Bereitstellung allgemeiner Statistiken \u00fcber die Nutzung des Dienstes und f\u00fcr andere gesch\u00e4ftliche Zwecke. Wir verfolgen diese Informationen mithilfe von Cookies oder kleinen Textdateien, die eine anonyme eindeutige Kennung enthalten. Cookies werden von unseren Servern an den Browser eines Benutzers gesendet und auf der Festplatte des Computers des Benutzers gespeichert. Durch das Senden eines Cookies an den Browser eines Benutzers k\u00f6nnen wir nicht-personenbezogene Daten \u00fcber diesen Benutzer sammeln und die Pr\u00e4ferenzen des Benutzers bei der Nutzung unserer Dienste sowohl auf individueller als auch auf aggregierter Basis aufzeichnen. Das Unternehmen kann sowohl dauerhafte als auch Sitzungscookies verwenden. Dauerhafte Cookies verbleiben auf Ihrem Computer, nachdem Sie Ihre Sitzung geschlossen haben, bis Sie sie l\u00f6schen, w\u00e4hrend Sitzungscookies verfallen, wenn Sie Ihren Browser schlie\u00dfen. Dauerhafte Cookies k\u00f6nnen entfernt werden, indem Sie den Anweisungen in der Hilfedatei Ihres Internetbrowsers folgen. Wenn Sie Cookies deaktivieren, funktionieren einige Bereiche des Dienstes m\u00f6glicherweise nicht richtig.<\/p>\n\n\n\n<p>3. WIE WIR INFORMATIONEN VERWENDEN UND WEITERGEBEN<br>3.1 Personenbezogene Daten \u2013 Wir verkaufen, tauschen, vermieten oder geben Ihre personenbezogenen Daten ohne Ihre Zustimmung nicht an Dritte weiter, mit folgenden Ausnahmen: Wir k\u00f6nnen Ihre personenbezogenen Daten an Lieferanten und andere Drittanbieter weitergeben, die Dienstleistungen f\u00fcr das Unternehmen erbringen. Im Allgemeinen werden die von uns beauftragten Lieferanten und Drittanbieter Ihre Daten nur in dem Umfang erheben, verwenden und weitergeben, wie es f\u00fcr die Erbringung ihrer Dienstleistungen f\u00fcr das Unternehmen erforderlich ist.  Wenn Sie uns beispielsweise personenbezogene Daten zur Verf\u00fcgung stellen, um eine Transaktion abzuschlie\u00dfen, Ihre Kreditkarte zu \u00fcberpr\u00fcfen, eine Bestellung aufzugeben, eine Lieferung zu veranlassen oder einen Kauf zur\u00fcckzusenden, stimmen Sie zu, dass wir diese personenbezogenen Daten f\u00fcr diesen bestimmten Zweck erheben und verwenden, einschlie\u00dflich der \u00dcbermittlung dieser Daten an unsere Lieferanten (und deren Dienstleister), die diese Dienstleistungen f\u00fcr das Unternehmen erbringen.  Im Klartext: Wenn Sie ein Kunstwerk kaufen, erh\u00e4lt Paypal personenbezogene Daten und unser Versanddienstleister erh\u00e4lt personenbezogene Daten \u00fcber Sie, da diese f\u00fcr die Abwicklung der Transaktion erforderlich sind.<br><br>3.2 Bestimmte Drittanbieter, wie beispielsweise Zahlungsdienstleister, haben ihre eigenen Datenschutzrichtlinien in Bezug auf die Informationen, die wir ihnen zur Nutzung ihrer Dienste zur Verf\u00fcgung stellen m\u00fcssen.  Wir empfehlen Ihnen, die Datenschutzrichtlinien dieser Drittanbieter zu lesen, damit Sie verstehen, wie Ihre personenbezogenen Daten von diesen Anbietern behandelt werden.<br><br>3.3 Dar\u00fcber hinaus k\u00f6nnen wir Ihre personenbezogenen Daten offenlegen, wenn dies gesetzlich vorgeschrieben ist oder wenn Sie gegen unsere Nutzungsbedingungen versto\u00dfen.<\/p>\n\n\n\n<p>3.4 Nicht personenbezogene Daten \u2013 Im Allgemeinen verwenden wir nicht personenbezogene Daten, um unseren Service zu verbessern und die Benutzererfahrung anzupassen. Wir aggregieren nicht personenbezogene Daten auch, um Trends zu verfolgen und Nutzungsmuster des Service zu analysieren. Diese Datenschutzerkl\u00e4rung schr\u00e4nkt unsere Verwendung oder Offenlegung nicht personenbezogener Daten in keiner Weise ein, und wir behalten uns das Recht vor, solche nicht personenbezogenen Daten nach eigenem Ermessen zu verwenden und an unsere Partner, Werbekunden und andere Dritte weiterzugeben.<br><br>4. WIE WIR INFORMATIONEN SCH\u00dcTZEN<br>4.1 Wir treffen angemessene Vorkehrungen und befolgen bew\u00e4hrte Branchenpraktiken, um Ihre personenbezogenen Daten zu sch\u00fctzen und sicherzustellen, dass diese personenbezogenen Daten nicht abgerufen, offengelegt, ver\u00e4ndert oder zerst\u00f6rt werden. Diese Ma\u00dfnahmen garantieren jedoch nicht, dass Ihre Daten nicht durch Verst\u00f6\u00dfe gegen diese Vorkehrungen abgerufen, offengelegt, ver\u00e4ndert oder zerst\u00f6rt werden. Durch die Nutzung unseres Dienstes best\u00e4tigen Sie, dass Sie diese Risiken verstehen und akzeptieren.<\/p>\n\n\n\n<p>5. IHRE RECHTE BEZ\u00dcGLICH DER VERWENDUNG IHRER PERSONENBEZOGENEN DATEN<br>5.1 Sie haben jederzeit das Recht, uns daran zu hindern, Sie zu Marketingzwecken zu kontaktieren. Wenn wir Ihnen eine Werbemitteilung senden, k\u00f6nnen Sie weitere Werbemitteilungen abbestellen, indem Sie die Anweisungen zum Abbestellen befolgen, die in jeder Werbe-E-Mail enthalten sind. Bitte beachten Sie, dass wir Ihnen auch nach Ihrer Abmeldung von Werbemitteilungen weiterhin administrative E-Mails senden k\u00f6nnen, darunter beispielsweise Rechnungsbest\u00e4tigungen f\u00fcr den Kauf von Kunstwerken oder andere f\u00fcr eine Transaktion erforderliche Mitteilungen.<\/p>\n\n\n\n<p>6. WooCommerce<br>6.1 Unser Service wird von WooCommerce gehostet. WooCommerce stellt uns die Online-E-Commerce-Plattform zur Verf\u00fcgung, \u00fcber die wir Ihnen den Service anbieten k\u00f6nnen. Ihre Daten, einschlie\u00dflich personenbezogener Daten, k\u00f6nnen auf den Servern von WooCommerce gespeichert werden. Durch die Nutzung des Service erkl\u00e4ren Sie sich damit einverstanden, dass WooCommerce Ihre personenbezogenen Daten gem\u00e4\u00df seiner Datenschutzrichtlinie, die unter <a href=\"https:\/\/automattic.com\/privacy\/\">https:\/\/automattic.com\/privacy\/<\/a>. &nbsp;<\/p>\n\n\n\n<p>7. LINKS ZU ANDEREN WEBSITES<br>7.1 Als Teil des Dienstes k\u00f6nnen wir Links zu anderen Websites oder Anwendungen bereitstellen oder Kompatibilit\u00e4t mit diesen gew\u00e4hrleisten. Wir sind jedoch nicht f\u00fcr die Datenschutzpraktiken dieser Websites oder die darin enthaltenen Informationen oder Inhalte verantwortlich. Diese Datenschutzrichtlinie gilt ausschlie\u00dflich f\u00fcr Informationen, die von uns \u00fcber den Dienst erfasst werden. Daher gilt diese Datenschutzerkl\u00e4rung nicht f\u00fcr Ihre Nutzung einer Website eines Drittanbieters, auf die Sie durch Auswahl eines Links \u00fcber unseren Dienst zugreifen. Soweit Sie \u00fcber eine andere Website oder Anwendung auf den Dienst zugreifen oder diesen nutzen, gilt f\u00fcr Ihren Zugriff auf diese Website oder Anwendung bzw. deren Nutzung die Datenschutzerkl\u00e4rung dieser anderen Website oder Anwendung. Wir empfehlen unseren Nutzern, die Datenschutzerkl\u00e4rungen anderer Websites zu lesen, bevor sie diese nutzen.<\/p>\n\n\n\n<p>8. MINDESTALTER F\u00dcR DIE EINVERST\u00c4NDNISERKL\u00c4RUNG<br>8.1 Durch die Nutzung des Dienstes erkl\u00e4ren Sie, dass Sie mindestens 18 Jahre alt sind.<\/p>\n\n\n\n<p>9. \u00c4NDERUNGEN AN UNSERER DATENSCHUTZERKL\u00c4RUNG<br>9.1 Wir behalten uns das Recht vor, diese Datenschutzerkl\u00e4rung und unsere Nutzungsbedingungen jederzeit zu \u00e4ndern. Wenn wir uns entscheiden, diese Datenschutzerkl\u00e4rung zu \u00e4ndern, werden wir diese \u00c4nderungen auf dieser Seite ver\u00f6ffentlichen, damit Sie stets wissen, welche Informationen wir sammeln, wie wir sie verwenden und unter welchen Umst\u00e4nden wir sie weitergeben. Alle derartigen \u00c4nderungen treten in Kraft, wenn Sie f\u00fcnf (5) Tage nach der ersten Ver\u00f6ffentlichung der \u00c4nderungen auf der Website oder nach einer anderweitigen Benachrichtigung \u00fcber diese \u00c4nderungen weiterhin auf den Dienst zugreifen und\/oder ihn nutzen. Es liegt in Ihrer alleinigen Verantwortung, diese Website von Zeit zu Zeit zu \u00fcberpr\u00fcfen, um sich \u00fcber etwaige \u00c4nderungen der Bestimmungen dieser Datenschutzerkl\u00e4rung zu informieren. Wenn Sie mit \u00c4nderungen dieser Datenschutzerkl\u00e4rung nicht einverstanden sind, m\u00fcssen Sie den Zugriff auf diese Website einstellen. Wenn Sie uns Ihre E-Mail-Adresse mitgeteilt haben, erteilen Sie uns die Erlaubnis, Ihnen E-Mails zu den in dieser Datenschutzerkl\u00e4rung beschriebenen Zwecken zu senden.<\/p>\n\n\n\n<p>10. FUSION ODER \u00dcBERNAHME<br>10.1 Im Falle einer Gesch\u00e4ftstransaktion wie einer Fusion, einer \u00dcbernahme durch ein anderes Unternehmen oder einem Verkauf aller oder eines Teils unserer Verm\u00f6genswerte k\u00f6nnen Ihre personenbezogenen Daten zu den \u00fcbertragenen Verm\u00f6genswerten geh\u00f6ren. Sie erkennen an und stimmen zu, dass solche \u00dcbertragungen stattfinden k\u00f6nnen und gem\u00e4\u00df dieser Datenschutzrichtlinie zul\u00e4ssig sind und dass jeder Erwerber unserer (oder der Verm\u00f6genswerte von WooCommerce) Ihre personenbezogenen Daten weiterhin gem\u00e4\u00df dieser Datenschutzrichtlinie verarbeiten darf. Sollten sich unsere Datenschutzpraktiken in Zukunft \u00e4ndern, werden wir die \u00c4nderungen der Richtlinie hier ver\u00f6ffentlichen, damit Sie sich gegen die neuen Datenschutzpraktiken entscheiden k\u00f6nnen.<\/p>\n\n\n\n<p>11. KONTAKT UND WIDERRUF DER ZUSTIMMUNG<br>11.1 Wenn Sie Fragen zu dieser Datenschutzerkl\u00e4rung oder den Praktiken dieser Website haben oder Ihre Zustimmung zur weiteren Erfassung, Verwendung oder Offenlegung Ihrer personenbezogenen Daten widerrufen m\u00f6chten, wenden Sie sich bitte per E-Mail an info@samaresart.com.<\/p>\n\n\n\n<p><em>Letzte Aktualisierung: Diese Datenschutzerkl\u00e4rung wurde zuletzt am 23.02.25 aktualisiert.<\/em><\/p>\n\n\n\n<p><\/p>","protected":false},"excerpt":{"rendered":"<p>Privacy Policy Sarah Samares&nbsp; (the \u201cBusiness\u201d) is committed to protecting the privacy of our users. This Privacy Policy (\u201cPrivacy Policy\u201d) is designed to help you understand what information we gather, how we use it, what we do to protect it, and to assist you in making informed decisions when using our Service. &nbsp;Unless otherwise indicated [&hellip;]<\/p>\n","protected":false},"author":1,"featured_media":0,"parent":0,"menu_order":0,"comment_status":"closed","ping_status":"open","template":"","meta":{"footnotes":""},"class_list":["post-3","page","type-page","status-publish","hentry"],"blocksy_meta":[],"yoast_head":"<!-- This site is optimized with the Yoast SEO plugin v27.4 - https:\/\/yoast.com\/product\/yoast-seo-wordpress\/ -->\n<title>Privacy Policy -<\/title>\n<meta name=\"robots\" content=\"index, follow, max-snippet:-1, max-image-preview:large, max-video-preview:-1\" \/>\n<link rel=\"canonical\" href=\"https:\/\/samaresart.com\/de\/privacy-policy\/\" \/>\n<meta property=\"og:locale\" content=\"de_DE\" \/>\n<meta property=\"og:type\" content=\"article\" \/>\n<meta property=\"og:title\" content=\"Privacy Policy -\" \/>\n<meta property=\"og:description\" content=\"Privacy Policy Sarah Samares&nbsp; (the \u201cBusiness\u201d) is committed to protecting the privacy of our users. This Privacy Policy (\u201cPrivacy Policy\u201d) is designed to help you understand what information we gather, how we use it, what we do to protect it, and to assist you in making informed decisions when using our Service. &nbsp;Unless otherwise indicated [&hellip;]\" \/>\n<meta property=\"og:url\" content=\"https:\/\/samaresart.com\/de\/privacy-policy\/\" \/>\n<meta property=\"article:modified_time\" content=\"2025-09-17T00:16:47+00:00\" \/>\n<meta name=\"twitter:card\" content=\"summary_large_image\" \/>\n<meta name=\"twitter:label1\" content=\"Gesch\u00e4tzte Lesezeit\" \/>\n\t<meta name=\"twitter:data1\" content=\"8\u00a0Minuten\" \/>\n<script type=\"application\/ld+json\" class=\"yoast-schema-graph\">{\"@context\":\"https:\\\/\\\/schema.org\",\"@graph\":[{\"@type\":\"WebPage\",\"@id\":\"https:\\\/\\\/samaresart.com\\\/fr\\\/privacy-policy\\\/\",\"url\":\"https:\\\/\\\/samaresart.com\\\/fr\\\/privacy-policy\\\/\",\"name\":\"Privacy Policy -\",\"isPartOf\":{\"@id\":\"https:\\\/\\\/samaresart.com\\\/en\\\/#website\"},\"datePublished\":\"2025-02-11T17:25:44+00:00\",\"dateModified\":\"2025-09-17T00:16:47+00:00\",\"breadcrumb\":{\"@id\":\"https:\\\/\\\/samaresart.com\\\/fr\\\/privacy-policy\\\/#breadcrumb\"},\"inLanguage\":\"de\",\"potentialAction\":[{\"@type\":\"ReadAction\",\"target\":[\"https:\\\/\\\/samaresart.com\\\/fr\\\/privacy-policy\\\/\"]}]},{\"@type\":\"BreadcrumbList\",\"@id\":\"https:\\\/\\\/samaresart.com\\\/fr\\\/privacy-policy\\\/#breadcrumb\",\"itemListElement\":[{\"@type\":\"ListItem\",\"position\":1,\"name\":\"Printworks\",\"item\":\"https:\\\/\\\/samaresart.com\\\/\"},{\"@type\":\"ListItem\",\"position\":2,\"name\":\"Privacy Policy\"}]},{\"@type\":\"WebSite\",\"@id\":\"https:\\\/\\\/samaresart.com\\\/en\\\/#website\",\"url\":\"https:\\\/\\\/samaresart.com\\\/en\\\/\",\"name\":\"samaresart.com\",\"description\":\"Botanical prints and paintings\",\"publisher\":{\"@id\":\"https:\\\/\\\/samaresart.com\\\/en\\\/#\\\/schema\\\/person\\\/78d4047d4762e7f8336d084fefb1417c\"},\"potentialAction\":[{\"@type\":\"SearchAction\",\"target\":{\"@type\":\"EntryPoint\",\"urlTemplate\":\"https:\\\/\\\/samaresart.com\\\/en\\\/?s={search_term_string}\"},\"query-input\":{\"@type\":\"PropertyValueSpecification\",\"valueRequired\":true,\"valueName\":\"search_term_string\"}}],\"inLanguage\":\"de\"},{\"@type\":[\"Person\",\"Organization\"],\"@id\":\"https:\\\/\\\/samaresart.com\\\/en\\\/#\\\/schema\\\/person\\\/78d4047d4762e7f8336d084fefb1417c\",\"name\":\"Sarah Samares\",\"image\":{\"@type\":\"ImageObject\",\"inLanguage\":\"de\",\"@id\":\"https:\\\/\\\/samaresart.com\\\/wp-content\\\/uploads\\\/2025\\\/02\\\/SarahSamares-18.png\",\"url\":\"https:\\\/\\\/samaresart.com\\\/wp-content\\\/uploads\\\/2025\\\/02\\\/SarahSamares-18.png\",\"contentUrl\":\"https:\\\/\\\/samaresart.com\\\/wp-content\\\/uploads\\\/2025\\\/02\\\/SarahSamares-18.png\",\"width\":1039,\"height\":327,\"caption\":\"Sarah Samares\"},\"logo\":{\"@id\":\"https:\\\/\\\/samaresart.com\\\/wp-content\\\/uploads\\\/2025\\\/02\\\/SarahSamares-18.png\"},\"sameAs\":[\"https:\\\/\\\/samaresart.com\"]}]}<\/script>\n<!-- \/ Yoast SEO plugin. -->","yoast_head_json":{"title":"Privacy Policy -","robots":{"index":"index","follow":"follow","max-snippet":"max-snippet:-1","max-image-preview":"max-image-preview:large","max-video-preview":"max-video-preview:-1"},"canonical":"https:\/\/samaresart.com\/de\/privacy-policy\/","og_locale":"de_DE","og_type":"article","og_title":"Privacy Policy -","og_description":"Privacy Policy Sarah Samares&nbsp; (the \u201cBusiness\u201d) is committed to protecting the privacy of our users. This Privacy Policy (\u201cPrivacy Policy\u201d) is designed to help you understand what information we gather, how we use it, what we do to protect it, and to assist you in making informed decisions when using our Service. &nbsp;Unless otherwise indicated [&hellip;]","og_url":"https:\/\/samaresart.com\/de\/privacy-policy\/","article_modified_time":"2025-09-17T00:16:47+00:00","twitter_card":"summary_large_image","twitter_misc":{"Gesch\u00e4tzte Lesezeit":"8\u00a0Minuten"},"schema":{"@context":"https:\/\/schema.org","@graph":[{"@type":"WebPage","@id":"https:\/\/samaresart.com\/fr\/privacy-policy\/","url":"https:\/\/samaresart.com\/fr\/privacy-policy\/","name":"Privacy Policy -","isPartOf":{"@id":"https:\/\/samaresart.com\/en\/#website"},"datePublished":"2025-02-11T17:25:44+00:00","dateModified":"2025-09-17T00:16:47+00:00","breadcrumb":{"@id":"https:\/\/samaresart.com\/fr\/privacy-policy\/#breadcrumb"},"inLanguage":"de","potentialAction":[{"@type":"ReadAction","target":["https:\/\/samaresart.com\/fr\/privacy-policy\/"]}]},{"@type":"BreadcrumbList","@id":"https:\/\/samaresart.com\/fr\/privacy-policy\/#breadcrumb","itemListElement":[{"@type":"ListItem","position":1,"name":"Printworks","item":"https:\/\/samaresart.com\/"},{"@type":"ListItem","position":2,"name":"Privacy Policy"}]},{"@type":"WebSite","@id":"https:\/\/samaresart.com\/en\/#website","url":"https:\/\/samaresart.com\/en\/","name":"samaresart.com","description":"Botanical prints and paintings","publisher":{"@id":"https:\/\/samaresart.com\/en\/#\/schema\/person\/78d4047d4762e7f8336d084fefb1417c"},"potentialAction":[{"@type":"SearchAction","target":{"@type":"EntryPoint","urlTemplate":"https:\/\/samaresart.com\/en\/?s={search_term_string}"},"query-input":{"@type":"PropertyValueSpecification","valueRequired":true,"valueName":"search_term_string"}}],"inLanguage":"de"},{"@type":["Person","Organization"],"@id":"https:\/\/samaresart.com\/en\/#\/schema\/person\/78d4047d4762e7f8336d084fefb1417c","name":"Sarah Samares","image":{"@type":"ImageObject","inLanguage":"de","@id":"https:\/\/samaresart.com\/wp-content\/uploads\/2025\/02\/SarahSamares-18.png","url":"https:\/\/samaresart.com\/wp-content\/uploads\/2025\/02\/SarahSamares-18.png","contentUrl":"https:\/\/samaresart.com\/wp-content\/uploads\/2025\/02\/SarahSamares-18.png","width":1039,"height":327,"caption":"Sarah Samares"},"logo":{"@id":"https:\/\/samaresart.com\/wp-content\/uploads\/2025\/02\/SarahSamares-18.png"},"sameAs":["https:\/\/samaresart.com"]}]}},"_links":{"self":[{"href":"https:\/\/samaresart.com\/de\/wp-json\/wp\/v2\/pages\/3","targetHints":{"allow":["GET"]}}],"collection":[{"href":"https:\/\/samaresart.com\/de\/wp-json\/wp\/v2\/pages"}],"about":[{"href":"https:\/\/samaresart.com\/de\/wp-json\/wp\/v2\/types\/page"}],"author":[{"embeddable":true,"href":"https:\/\/samaresart.com\/de\/wp-json\/wp\/v2\/users\/1"}],"replies":[{"embeddable":true,"href":"https:\/\/samaresart.com\/de\/wp-json\/wp\/v2\/comments?post=3"}],"version-history":[{"count":0,"href":"https:\/\/samaresart.com\/de\/wp-json\/wp\/v2\/pages\/3\/revisions"}],"wp:attachment":[{"href":"https:\/\/samaresart.com\/de\/wp-json\/wp\/v2\/media?parent=3"}],"curies":[{"name":"wp","href":"https:\/\/api.w.org\/{rel}","templated":true}]}}