{"id":263,"date":"2023-01-10T14:16:31","date_gmt":"2023-01-10T19:16:31","guid":{"rendered":"https:\/\/samaresart.com\/?page_id=78"},"modified":"2026-03-15T22:09:39","modified_gmt":"2026-03-15T22:09:39","slug":"meet-the-artist","status":"publish","type":"page","link":"https:\/\/samaresart.com\/de\/meet-the-artist\/","title":{"rendered":"\u00dcber"},"content":{"rendered":"<div class=\"wp-block-group alignfull has-primary-background-color has-background is-layout-constrained wp-container-core-group-is-layout-7276a2bb wp-block-group-is-layout-constrained\" style=\"margin-top:0;margin-bottom:0;padding-top:var(--wp--preset--spacing--60);padding-right:var(--wp--preset--spacing--30);padding-bottom:var(--wp--preset--spacing--60);padding-left:var(--wp--preset--spacing--30)\">\n<div class=\"wp-block-group alignfull is-layout-constrained wp-block-group-is-layout-constrained\">\n<div class=\"wp-block-columns alignwide is-layout-flex wp-container-core-columns-is-layout-87beb0d0 wp-block-columns-is-layout-flex\">\n<div class=\"wp-block-column is-layout-flow wp-container-core-column-is-layout-f5bb311e wp-block-column-is-layout-flow\">\n<blockquote class=\"wp-block-quote is-style-plain is-layout-flow wp-block-quote-is-layout-flow\">\n<div class=\"wp-block-cover alignfull has-custom-content-position is-position-bottom-left\" style=\"padding-top:0px;padding-right:0px;padding-bottom:0;padding-left:var(--wp--preset--spacing--30);min-height:40vw;aspect-ratio:unset;\"><img loading=\"lazy\" decoding=\"async\" width=\"1024\" height=\"576\" class=\"wp-block-cover__image-background wp-image-2802 size-large\" alt=\"Quebec Artist Botanical Blockprints\" src=\"https:\/\/samaresart.com\/wp-content\/uploads\/2025\/09\/banner-1-1024x576.jpg\" data-object-fit=\"cover\" srcset=\"https:\/\/samaresart.com\/wp-content\/uploads\/2025\/09\/banner-1-1024x576.jpg 1024w, https:\/\/samaresart.com\/wp-content\/uploads\/2025\/09\/banner-1-300x169.jpg 300w, https:\/\/samaresart.com\/wp-content\/uploads\/2025\/09\/banner-1-scaled-600x338.jpg 600w, https:\/\/samaresart.com\/wp-content\/uploads\/2025\/09\/banner-1-768x432.jpg 768w, https:\/\/samaresart.com\/wp-content\/uploads\/2025\/09\/banner-1-1536x864.jpg 1536w, https:\/\/samaresart.com\/wp-content\/uploads\/2025\/09\/banner-1-2048x1152.jpg 2048w\" sizes=\"auto, (max-width: 1024px) 100vw, 1024px\" \/><span aria-hidden=\"true\" class=\"wp-block-cover__background has-background-dim-100 has-background-dim wp-block-cover__gradient-background has-background-gradient\" style=\"background:linear-gradient(-180deg,rgba(0,0,0,0) 78%,rgb(240,234,221) 100%)\"><\/span><div class=\"wp-block-cover__inner-container is-layout-flow wp-block-cover-is-layout-flow\">\n<p class=\"has-base-color has-text-color has-link-color has-medium-font-size wp-elements-f105d9c9a8fe9bbb896ae73f77774b25\" style=\"margin-right:var(--wp--preset--spacing--40);margin-left:var(--wp--preset--spacing--40)\"><\/p>\n<\/div><\/div>\n\n\n\n<h6 class=\"wp-block-heading has-palette-color-4-color has-text-color has-link-color has-large-font-size wp-elements-088408d78d44b6e4b4275e3660170843\" style=\"margin-top:0;margin-right:var(--wp--preset--spacing--50);margin-bottom:0;margin-left:var(--wp--preset--spacing--50)\">   \u00dcber mich<\/h6>\n<\/blockquote>\n\n\n\n<p class=\"has-foreground-color has-text-color\" style=\"margin-right:var(--wp--preset--spacing--50);margin-left:var(--wp--preset--spacing--50);font-size:clamp(14px, 0.875rem + ((1vw - 3.2px) * 0.156), 16px);\">Ich bin Sarah und habe in den weiten W\u00e4ldern Kanadas meine Heimat gefunden. In der wilden Natur der Laurentides werde ich langsamer und finde Verbindung zur Sch\u00f6nheit der einfachen Dinge. Dass ich an diesem Ort leben kann, erf\u00fcllt mich mit gro\u00dfer Dankbarkeit. Die Bewahrung seiner Vielfalt ist ein zentraler Impuls meines k\u00fcnstlerischen Schaffens.<\/p>\n\n\n\n<p><\/p>\n\n\n\n<blockquote class=\"wp-block-quote is-style-plain is-layout-flow wp-block-quote-is-layout-flow\">\n<p><\/p>\n<\/blockquote>\n\n\n\n<p class=\"has-foreground-color has-text-color\" style=\"margin-right:var(--wp--preset--spacing--50);margin-left:var(--wp--preset--spacing--50);font-size:clamp(14px, 0.875rem + ((1vw - 3.2px) * 0.156), 16px);\">Meine Liebe zur Natur ist tief verwurzelt, deshalb entstehen in meiner Arbeit vor allem botanische Motive. Das uralte Wissen \u00fcber Pflanzen, Pilze und Lebewesen sind eine unersch\u00f6pfliche Quelle der Inspiration f\u00fcr mich. Ich glaube, dass diese Faszination und dieses Staunen \u00fcber die Natur etwas Universelles ist, unabh\u00e4ngig davon, wo wir zu Hause sind.<\/p>\n\n\n\n<p><\/p>\n\n\n\n<p class=\"has-foreground-color has-text-color\" style=\"margin-right:var(--wp--preset--spacing--50);margin-left:var(--wp--preset--spacing--50);font-size:clamp(14px, 0.875rem + ((1vw - 3.2px) * 0.156), 16px);\">Auf Spazierg\u00e4ngen mit meinem Hund im Wald, bei der Gartenarbeit, beim Entdecken von Heilpflanzen oder wenn ich unter einem Baum sitze und den V\u00f6geln lausche, nehme ich mir bewusst Zeit zum Beobachten. Und dann verwandle ich das, was ich sehe, mit der alten Technik des Blockdrucks in visuelle Kunst.<\/p>\n\n\n\n<p class=\"has-foreground-color has-text-color\" style=\"margin-right:var(--wp--preset--spacing--50);margin-left:var(--wp--preset--spacing--50);font-size:clamp(14px, 0.875rem + ((1vw - 3.2px) * 0.156), 16px);\">Danke, dass du hier bist und die Sch\u00f6nheit der Natur auch siehst,<\/p>\n\n\n\n<p class=\"has-foreground-color has-text-color\" style=\"margin-right:var(--wp--preset--spacing--50);margin-left:var(--wp--preset--spacing--50);font-size:clamp(14px, 0.875rem + ((1vw - 3.2px) * 0.156), 16px);\">Sarah<br><\/p>\n\n\n\n<div class=\"wp-block-buttons is-content-justification-center is-layout-flex wp-container-core-buttons-is-layout-a89b3969 wp-block-buttons-is-layout-flex\">\n<div class=\"wp-block-button\"><a class=\"wp-block-button__link has-text-align-left wp-element-button\" href=\"https:\/\/samaresart.com\/de\/blockprinting\/\">\u00dcber Blockdruck<\/a><\/div>\n<\/div>\n\n\n\n<p class=\"has-foreground-color has-text-color\" style=\"margin-right:var(--wp--preset--spacing--50);margin-left:var(--wp--preset--spacing--50);font-size:clamp(14px, 0.875rem + ((1vw - 3.2px) * 0.156), 16px);\"><\/p>\n\n\n\n<p class=\"has-foreground-color has-text-color\" style=\"margin-right:var(--wp--preset--spacing--50);margin-left:var(--wp--preset--spacing--50);font-size:clamp(14px, 0.875rem + ((1vw - 3.2px) * 0.156), 16px);\"><\/p>\n\n\n\n<blockquote class=\"wp-block-quote is-style-plain is-layout-flow wp-block-quote-is-layout-flow\">\n<h6 class=\"wp-block-heading has-palette-color-4-color has-text-color has-link-color has-large-font-size wp-elements-409eda218c9752a66acca67f763cf1b6\" style=\"margin-top:0;margin-right:var(--wp--preset--spacing--50);margin-bottom:0;margin-left:var(--wp--preset--spacing--50)\"><br><\/h6>\n<\/blockquote>\n<\/div>\n<\/div>\n<\/div>\n<\/div>\n\n\n\n<blockquote class=\"wp-block-quote alignfull is-style-plain has-palette-color-2-background-color has-background is-layout-flow wp-block-quote-is-layout-flow\">\n<h6 class=\"wp-block-heading has-text-align-center has-palette-color-2-background-color has-background has-large-font-size\">Mutter Natur hat alle Heilmittel f\u00fcr uns <br>wenn wir nur lernen, ihr zuzuh\u00f6ren<\/h6>\n<\/blockquote>\n\n\n\n<p><\/p>","protected":false},"excerpt":{"rendered":"<p>About Me I\u2019m Sarah, and I\u2019ve found my home in the vast forests of Canada. In the wild nature of the Laurentians, I slow down and connect with the beauty of simple things. Living in this place fills me with deep gratitude. Preserving its diversity is a central impulse for my artistic work. My love [&hellip;]<\/p>\n","protected":false},"author":2,"featured_media":0,"parent":0,"menu_order":0,"comment_status":"closed","ping_status":"closed","template":"","meta":{"footnotes":""},"class_list":["post-263","page","type-page","status-publish","hentry"],"blocksy_meta":[],"yoast_head":"<!-- This site is optimized with the Yoast SEO plugin v27.4 - https:\/\/yoast.com\/product\/yoast-seo-wordpress\/ -->\n<title>Quebec Artist Botanical Blockprints<\/title>\n<meta name=\"description\" content=\"Hello, I&#039;m Sarah, a cosmopolitan artist making Botanical Blockprints in the vast forest of Canada, Quebec: in the Laurentian Moutains\" \/>\n<meta name=\"robots\" content=\"index, follow, max-snippet:-1, max-image-preview:large, max-video-preview:-1\" \/>\n<link rel=\"canonical\" href=\"https:\/\/samaresart.com\/de\/meet-the-artist\/\" \/>\n<meta property=\"og:locale\" content=\"de_DE\" \/>\n<meta property=\"og:type\" content=\"article\" \/>\n<meta property=\"og:title\" content=\"Quebec Artist Botanical Blockprints\" \/>\n<meta property=\"og:description\" content=\"Hello, I&#039;m Sarah, a cosmopolitan artist making Botanical Blockprints in the vast forest of Canada, Quebec: in the Laurentian Moutains\" \/>\n<meta property=\"og:url\" content=\"https:\/\/samaresart.com\/de\/meet-the-artist\/\" \/>\n<meta property=\"article:modified_time\" content=\"2026-03-15T22:09:39+00:00\" \/>\n<meta property=\"og:image\" content=\"https:\/\/samaresart.com\/wp-content\/uploads\/2025\/09\/banner-1-scaled.jpg\" \/>\n\t<meta property=\"og:image:width\" content=\"2560\" \/>\n\t<meta property=\"og:image:height\" content=\"1440\" \/>\n\t<meta property=\"og:image:type\" content=\"image\/jpeg\" \/>\n<meta name=\"twitter:card\" content=\"summary_large_image\" \/>\n<meta name=\"twitter:label1\" content=\"Gesch\u00e4tzte Lesezeit\" \/>\n\t<meta name=\"twitter:data1\" content=\"1\u00a0Minute\" \/>\n<script type=\"application\/ld+json\" class=\"yoast-schema-graph\">{\"@context\":\"https:\\\/\\\/schema.org\",\"@graph\":[{\"@type\":\"WebPage\",\"@id\":\"https:\\\/\\\/samaresart.com\\\/meet-the-artist\\\/\",\"url\":\"https:\\\/\\\/samaresart.com\\\/meet-the-artist\\\/\",\"name\":\"Quebec Artist Botanical Blockprints\",\"isPartOf\":{\"@id\":\"https:\\\/\\\/samaresart.com\\\/en\\\/#website\"},\"primaryImageOfPage\":{\"@id\":\"https:\\\/\\\/samaresart.com\\\/meet-the-artist\\\/#primaryimage\"},\"image\":{\"@id\":\"https:\\\/\\\/samaresart.com\\\/meet-the-artist\\\/#primaryimage\"},\"thumbnailUrl\":\"https:\\\/\\\/samaresart.com\\\/wp-content\\\/uploads\\\/2025\\\/09\\\/banner-1-1024x576.jpg\",\"datePublished\":\"2023-01-10T19:16:31+00:00\",\"dateModified\":\"2026-03-15T22:09:39+00:00\",\"description\":\"Hello, I'm Sarah, a cosmopolitan artist making Botanical Blockprints in the vast forest of Canada, Quebec: in the Laurentian Moutains\",\"breadcrumb\":{\"@id\":\"https:\\\/\\\/samaresart.com\\\/meet-the-artist\\\/#breadcrumb\"},\"inLanguage\":\"de\",\"potentialAction\":[{\"@type\":\"ReadAction\",\"target\":[\"https:\\\/\\\/samaresart.com\\\/meet-the-artist\\\/\"]}]},{\"@type\":\"ImageObject\",\"inLanguage\":\"de\",\"@id\":\"https:\\\/\\\/samaresart.com\\\/meet-the-artist\\\/#primaryimage\",\"url\":\"https:\\\/\\\/samaresart.com\\\/wp-content\\\/uploads\\\/2025\\\/09\\\/banner-1-1024x576.jpg\",\"contentUrl\":\"https:\\\/\\\/samaresart.com\\\/wp-content\\\/uploads\\\/2025\\\/09\\\/banner-1-1024x576.jpg\"},{\"@type\":\"BreadcrumbList\",\"@id\":\"https:\\\/\\\/samaresart.com\\\/meet-the-artist\\\/#breadcrumb\",\"itemListElement\":[{\"@type\":\"ListItem\",\"position\":1,\"name\":\"Printworks\",\"item\":\"https:\\\/\\\/samaresart.com\\\/\"},{\"@type\":\"ListItem\",\"position\":2,\"name\":\"About\"}]},{\"@type\":\"WebSite\",\"@id\":\"https:\\\/\\\/samaresart.com\\\/en\\\/#website\",\"url\":\"https:\\\/\\\/samaresart.com\\\/en\\\/\",\"name\":\"samaresart.com\",\"description\":\"Botanical prints and paintings\",\"publisher\":{\"@id\":\"https:\\\/\\\/samaresart.com\\\/en\\\/#\\\/schema\\\/person\\\/78d4047d4762e7f8336d084fefb1417c\"},\"potentialAction\":[{\"@type\":\"SearchAction\",\"target\":{\"@type\":\"EntryPoint\",\"urlTemplate\":\"https:\\\/\\\/samaresart.com\\\/en\\\/?s={search_term_string}\"},\"query-input\":{\"@type\":\"PropertyValueSpecification\",\"valueRequired\":true,\"valueName\":\"search_term_string\"}}],\"inLanguage\":\"de\"},{\"@type\":[\"Person\",\"Organization\"],\"@id\":\"https:\\\/\\\/samaresart.com\\\/en\\\/#\\\/schema\\\/person\\\/78d4047d4762e7f8336d084fefb1417c\",\"name\":\"Sarah Samares\",\"image\":{\"@type\":\"ImageObject\",\"inLanguage\":\"de\",\"@id\":\"https:\\\/\\\/samaresart.com\\\/wp-content\\\/uploads\\\/2025\\\/02\\\/SarahSamares-18.png\",\"url\":\"https:\\\/\\\/samaresart.com\\\/wp-content\\\/uploads\\\/2025\\\/02\\\/SarahSamares-18.png\",\"contentUrl\":\"https:\\\/\\\/samaresart.com\\\/wp-content\\\/uploads\\\/2025\\\/02\\\/SarahSamares-18.png\",\"width\":1039,\"height\":327,\"caption\":\"Sarah Samares\"},\"logo\":{\"@id\":\"https:\\\/\\\/samaresart.com\\\/wp-content\\\/uploads\\\/2025\\\/02\\\/SarahSamares-18.png\"},\"sameAs\":[\"https:\\\/\\\/samaresart.com\"]}]}<\/script>\n<!-- \/ Yoast SEO plugin. -->","yoast_head_json":{"title":"Quebec Artist Botanical Blockprints","description":"Hello, I'm Sarah, a cosmopolitan artist making Botanical Blockprints in the vast forest of Canada, Quebec: in the Laurentian Moutains","robots":{"index":"index","follow":"follow","max-snippet":"max-snippet:-1","max-image-preview":"max-image-preview:large","max-video-preview":"max-video-preview:-1"},"canonical":"https:\/\/samaresart.com\/de\/meet-the-artist\/","og_locale":"de_DE","og_type":"article","og_title":"Quebec Artist Botanical Blockprints","og_description":"Hello, I'm Sarah, a cosmopolitan artist making Botanical Blockprints in the vast forest of Canada, Quebec: in the Laurentian Moutains","og_url":"https:\/\/samaresart.com\/de\/meet-the-artist\/","article_modified_time":"2026-03-15T22:09:39+00:00","og_image":[{"width":2560,"height":1440,"url":"https:\/\/samaresart.com\/wp-content\/uploads\/2025\/09\/banner-1-scaled.jpg","type":"image\/jpeg"}],"twitter_card":"summary_large_image","twitter_misc":{"Gesch\u00e4tzte Lesezeit":"1\u00a0Minute"},"schema":{"@context":"https:\/\/schema.org","@graph":[{"@type":"WebPage","@id":"https:\/\/samaresart.com\/meet-the-artist\/","url":"https:\/\/samaresart.com\/meet-the-artist\/","name":"Quebec Artist Botanical Blockprints","isPartOf":{"@id":"https:\/\/samaresart.com\/en\/#website"},"primaryImageOfPage":{"@id":"https:\/\/samaresart.com\/meet-the-artist\/#primaryimage"},"image":{"@id":"https:\/\/samaresart.com\/meet-the-artist\/#primaryimage"},"thumbnailUrl":"https:\/\/samaresart.com\/wp-content\/uploads\/2025\/09\/banner-1-1024x576.jpg","datePublished":"2023-01-10T19:16:31+00:00","dateModified":"2026-03-15T22:09:39+00:00","description":"Hello, I'm Sarah, a cosmopolitan artist making Botanical Blockprints in the vast forest of Canada, Quebec: in the Laurentian Moutains","breadcrumb":{"@id":"https:\/\/samaresart.com\/meet-the-artist\/#breadcrumb"},"inLanguage":"de","potentialAction":[{"@type":"ReadAction","target":["https:\/\/samaresart.com\/meet-the-artist\/"]}]},{"@type":"ImageObject","inLanguage":"de","@id":"https:\/\/samaresart.com\/meet-the-artist\/#primaryimage","url":"https:\/\/samaresart.com\/wp-content\/uploads\/2025\/09\/banner-1-1024x576.jpg","contentUrl":"https:\/\/samaresart.com\/wp-content\/uploads\/2025\/09\/banner-1-1024x576.jpg"},{"@type":"BreadcrumbList","@id":"https:\/\/samaresart.com\/meet-the-artist\/#breadcrumb","itemListElement":[{"@type":"ListItem","position":1,"name":"Printworks","item":"https:\/\/samaresart.com\/"},{"@type":"ListItem","position":2,"name":"About"}]},{"@type":"WebSite","@id":"https:\/\/samaresart.com\/en\/#website","url":"https:\/\/samaresart.com\/en\/","name":"samaresart.com","description":"Botanical prints and paintings","publisher":{"@id":"https:\/\/samaresart.com\/en\/#\/schema\/person\/78d4047d4762e7f8336d084fefb1417c"},"potentialAction":[{"@type":"SearchAction","target":{"@type":"EntryPoint","urlTemplate":"https:\/\/samaresart.com\/en\/?s={search_term_string}"},"query-input":{"@type":"PropertyValueSpecification","valueRequired":true,"valueName":"search_term_string"}}],"inLanguage":"de"},{"@type":["Person","Organization"],"@id":"https:\/\/samaresart.com\/en\/#\/schema\/person\/78d4047d4762e7f8336d084fefb1417c","name":"Sarah Samares","image":{"@type":"ImageObject","inLanguage":"de","@id":"https:\/\/samaresart.com\/wp-content\/uploads\/2025\/02\/SarahSamares-18.png","url":"https:\/\/samaresart.com\/wp-content\/uploads\/2025\/02\/SarahSamares-18.png","contentUrl":"https:\/\/samaresart.com\/wp-content\/uploads\/2025\/02\/SarahSamares-18.png","width":1039,"height":327,"caption":"Sarah Samares"},"logo":{"@id":"https:\/\/samaresart.com\/wp-content\/uploads\/2025\/02\/SarahSamares-18.png"},"sameAs":["https:\/\/samaresart.com"]}]}},"_links":{"self":[{"href":"https:\/\/samaresart.com\/de\/wp-json\/wp\/v2\/pages\/263","targetHints":{"allow":["GET"]}}],"collection":[{"href":"https:\/\/samaresart.com\/de\/wp-json\/wp\/v2\/pages"}],"about":[{"href":"https:\/\/samaresart.com\/de\/wp-json\/wp\/v2\/types\/page"}],"author":[{"embeddable":true,"href":"https:\/\/samaresart.com\/de\/wp-json\/wp\/v2\/users\/2"}],"replies":[{"embeddable":true,"href":"https:\/\/samaresart.com\/de\/wp-json\/wp\/v2\/comments?post=263"}],"version-history":[{"count":0,"href":"https:\/\/samaresart.com\/de\/wp-json\/wp\/v2\/pages\/263\/revisions"}],"wp:attachment":[{"href":"https:\/\/samaresart.com\/de\/wp-json\/wp\/v2\/media?parent=263"}],"curies":[{"name":"wp","href":"https:\/\/api.w.org\/{rel}","templated":true}]}}